{"id":18747,"date":"2025-07-16T11:04:07","date_gmt":"2025-07-16T09:04:07","guid":{"rendered":"https:\/\/uj.adatbank.ro\/lexikon\/termek\/preda-emil\/"},"modified":"2025-07-16T11:04:07","modified_gmt":"2025-07-16T09:04:07","slug":"preda-emil","status":"publish","type":"product","link":"https:\/\/uj.adatbank.ro\/lexikon\/termek\/preda-emil\/","title":{"rendered":"PREDA, Emil"},"content":{"rendered":"<p>? \u2020\u00a0?: Dics\u0151szentm\u00e1rton hivatalos k\u00fcld\u00f6tte Gyulafeh\u00e9rv\u00e1ron az egyes\u00fcl\u00e9si gy\u0171l\u00e9sen (1918. dec. 1.). <br \/><strong>Irod.:<\/strong> T\u00e2rn\u0103veni\u2013725<\/br><\/p>\n","protected":false},"excerpt":{"rendered":"<p>? \u2020\u00a0?: Dics\u0151szentm\u00e1rton hivatalos k\u00fcld\u00f6tte Gyulafeh\u00e9rv\u00e1ron az egyes\u00fcl\u00e9si gy\u0171l\u00e9sen (1918. dec. 1.). Irod.: T\u00e2rn\u0103veni\u2013725<\/p>\n","protected":false},"featured_media":0,"comment_status":"open","ping_status":"closed","template":"","meta":[],"product_brand":[],"product_cat":[137],"product_tag":[],"class_list":{"0":"post-18747","1":"product","2":"type-product","3":"status-publish","5":"product_cat-maros-megyei-eletrajzi-lexikon","7":"first","8":"instock","9":"shipping-taxable","10":"product-type-simple"},"_links":{"self":[{"href":"https:\/\/uj.adatbank.ro\/lexikon\/wp-json\/wp\/v2\/product\/18747","targetHints":{"allow":["GET"]}}],"collection":[{"href":"https:\/\/uj.adatbank.ro\/lexikon\/wp-json\/wp\/v2\/product"}],"about":[{"href":"https:\/\/uj.adatbank.ro\/lexikon\/wp-json\/wp\/v2\/types\/product"}],"replies":[{"embeddable":true,"href":"https:\/\/uj.adatbank.ro\/lexikon\/wp-json\/wp\/v2\/comments?post=18747"}],"wp:attachment":[{"href":"https:\/\/uj.adatbank.ro\/lexikon\/wp-json\/wp\/v2\/media?parent=18747"}],"wp:term":[{"taxonomy":"product_brand","embeddable":true,"href":"https:\/\/uj.adatbank.ro\/lexikon\/wp-json\/wp\/v2\/product_brand?post=18747"},{"taxonomy":"product_cat","embeddable":true,"href":"https:\/\/uj.adatbank.ro\/lexikon\/wp-json\/wp\/v2\/product_cat?post=18747"},{"taxonomy":"product_tag","embeddable":true,"href":"https:\/\/uj.adatbank.ro\/lexikon\/wp-json\/wp\/v2\/product_tag?post=18747"}],"curies":[{"name":"wp","href":"https:\/\/api.w.org\/{rel}","templated":true}]}}