{"id":18748,"date":"2025-07-16T11:04:10","date_gmt":"2025-07-16T09:04:10","guid":{"rendered":"https:\/\/uj.adatbank.ro\/lexikon\/termek\/predescu-elvira-%c2%a7\/"},"modified":"2025-07-16T11:04:10","modified_gmt":"2025-07-16T09:04:10","slug":"predescu-elvira-%c2%a7","status":"publish","type":"product","link":"https:\/\/uj.adatbank.ro\/lexikon\/termek\/predescu-elvira-%c2%a7\/","title":{"rendered":"PREDESCU, Elvira, \u00a7"},"content":{"rendered":"<p>? \u2020\u00a0?: tan\u00edt\u00f3n\u0151. \u2013 F\u00e9rje: P. Toma. \u2013 Ny\u00e1r\u00e1dt\u0151n tan\u00edtott az elemi iskol\u00e1ban (1939\u201340). <br \/><strong>Irod.:<\/strong> Bosoanc\u0103\u2013Opri\u015f<\/br><\/p>\n","protected":false},"excerpt":{"rendered":"<p>? \u2020\u00a0?: tan\u00edt\u00f3n\u0151. \u2013 F\u00e9rje: P. Toma. \u2013 Ny\u00e1r\u00e1dt\u0151n tan\u00edtott az elemi iskol\u00e1ban (1939\u201340). Irod.: Bosoanc\u0103\u2013Opri\u015f<\/p>\n","protected":false},"featured_media":0,"comment_status":"open","ping_status":"closed","template":"","meta":[],"product_brand":[],"product_cat":[137],"product_tag":[],"class_list":{"0":"post-18748","1":"product","2":"type-product","3":"status-publish","5":"product_cat-maros-megyei-eletrajzi-lexikon","7":"first","8":"instock","9":"shipping-taxable","10":"product-type-simple"},"_links":{"self":[{"href":"https:\/\/uj.adatbank.ro\/lexikon\/wp-json\/wp\/v2\/product\/18748","targetHints":{"allow":["GET"]}}],"collection":[{"href":"https:\/\/uj.adatbank.ro\/lexikon\/wp-json\/wp\/v2\/product"}],"about":[{"href":"https:\/\/uj.adatbank.ro\/lexikon\/wp-json\/wp\/v2\/types\/product"}],"replies":[{"embeddable":true,"href":"https:\/\/uj.adatbank.ro\/lexikon\/wp-json\/wp\/v2\/comments?post=18748"}],"wp:attachment":[{"href":"https:\/\/uj.adatbank.ro\/lexikon\/wp-json\/wp\/v2\/media?parent=18748"}],"wp:term":[{"taxonomy":"product_brand","embeddable":true,"href":"https:\/\/uj.adatbank.ro\/lexikon\/wp-json\/wp\/v2\/product_brand?post=18748"},{"taxonomy":"product_cat","embeddable":true,"href":"https:\/\/uj.adatbank.ro\/lexikon\/wp-json\/wp\/v2\/product_cat?post=18748"},{"taxonomy":"product_tag","embeddable":true,"href":"https:\/\/uj.adatbank.ro\/lexikon\/wp-json\/wp\/v2\/product_tag?post=18748"}],"curies":[{"name":"wp","href":"https:\/\/api.w.org\/{rel}","templated":true}]}}