{"id":18751,"date":"2025-07-16T11:04:18","date_gmt":"2025-07-16T09:04:18","guid":{"rendered":"https:\/\/uj.adatbank.ro\/lexikon\/termek\/preisz-zoltan\/"},"modified":"2025-07-16T11:04:18","modified_gmt":"2025-07-16T09:04:18","slug":"preisz-zoltan","status":"publish","type":"product","link":"https:\/\/uj.adatbank.ro\/lexikon\/termek\/preisz-zoltan\/","title":{"rendered":"PREISZ Zolt\u00e1n"},"content":{"rendered":"<p>Mv., 1925. szept. 27, \u2020 Bp., 1957. m\u00e1j. 10.: szersz\u00e1mlakatos. \u2013 Tiszapalkonyai rabmunkahely\u00e9r\u0151l kiszabadult (1956. nov. 1.). R\u00e9szt vett a fegyveres harcokban. \u00c1VH-sokat, bel\u00fcgyis tiszteket v\u00e9tetett fel az el\u0151\u00e1ll\u00edtand\u00f3k nev\u00e9t tartalmaz\u00f3 list\u00e1ra, melynek alapj\u00e1n kiv\u00e9gezt\u00e9k pl. Sarkadi Istv\u00e1n \u00fcgy\u00e9szt. Ausztri\u00e1ba sz\u00f6k\u00f6tt (1956. nov. 29.), a k\u00f6vetkez\u0151 nap illeg\u00e1lisan visszat\u00e9rt, egy emigr\u00e1ns csoport tagjak\u00e9nt az orsz\u00e1g katonai t\u00e9rk\u00e9peit akarta kicsemp\u00e9szni. Letart\u00f3ztatt\u00e1k (1957. jan. 2.), a legfels\u0151bb B\u00edr\u00f3s\u00e1g fellebez\u00e9si lehet\u0151s\u00e9g n\u00e9lk\u00fcl hal\u00e1lra it\u00e9lte (1957. m\u00e1j. 7.). <br \/><strong>Irod.:<\/strong> T\u00f3falvi Zolt\u00e1n: Erd\u00e9lyi m\u00e1rt\u00edrok Magyaro.-on \u2013 1956 (Kr\u00f3nika, 2006. nov. 10\u201312); T\u00f3falvi 5.<\/br><\/p>\n","protected":false},"excerpt":{"rendered":"<p>Mv., 1925. szept. 27, \u2020 Bp., 1957. m\u00e1j. 10.: szersz\u00e1mlakatos. \u2013 Tiszapalkonyai rabmunkahely\u00e9r\u0151l kiszabadult (1956. nov. 1.). R\u00e9szt vett a fegyveres harcokban. \u00c1VH-sokat, bel\u00fcgyis tiszteket v\u00e9tetett fel az el\u0151\u00e1ll\u00edtand\u00f3k nev\u00e9t tartalmaz\u00f3 list\u00e1ra, melynek alapj\u00e1n kiv\u00e9gezt\u00e9k pl. Sarkadi Istv\u00e1n \u00fcgy\u00e9szt. Ausztri\u00e1ba sz\u00f6k\u00f6tt (1956. nov. 29.), a k\u00f6vetkez\u0151 nap illeg\u00e1lisan visszat\u00e9rt, egy emigr\u00e1ns csoport tagjak\u00e9nt az orsz\u00e1g [&hellip;]<\/p>\n","protected":false},"featured_media":0,"comment_status":"open","ping_status":"closed","template":"","meta":[],"product_brand":[],"product_cat":[137],"product_tag":[],"class_list":{"0":"post-18751","1":"product","2":"type-product","3":"status-publish","5":"product_cat-maros-megyei-eletrajzi-lexikon","7":"first","8":"instock","9":"shipping-taxable","10":"product-type-simple"},"_links":{"self":[{"href":"https:\/\/uj.adatbank.ro\/lexikon\/wp-json\/wp\/v2\/product\/18751","targetHints":{"allow":["GET"]}}],"collection":[{"href":"https:\/\/uj.adatbank.ro\/lexikon\/wp-json\/wp\/v2\/product"}],"about":[{"href":"https:\/\/uj.adatbank.ro\/lexikon\/wp-json\/wp\/v2\/types\/product"}],"replies":[{"embeddable":true,"href":"https:\/\/uj.adatbank.ro\/lexikon\/wp-json\/wp\/v2\/comments?post=18751"}],"wp:attachment":[{"href":"https:\/\/uj.adatbank.ro\/lexikon\/wp-json\/wp\/v2\/media?parent=18751"}],"wp:term":[{"taxonomy":"product_brand","embeddable":true,"href":"https:\/\/uj.adatbank.ro\/lexikon\/wp-json\/wp\/v2\/product_brand?post=18751"},{"taxonomy":"product_cat","embeddable":true,"href":"https:\/\/uj.adatbank.ro\/lexikon\/wp-json\/wp\/v2\/product_cat?post=18751"},{"taxonomy":"product_tag","embeddable":true,"href":"https:\/\/uj.adatbank.ro\/lexikon\/wp-json\/wp\/v2\/product_tag?post=18751"}],"curies":[{"name":"wp","href":"https:\/\/api.w.org\/{rel}","templated":true}]}}