{"id":18754,"date":"2025-07-16T11:04:24","date_gmt":"2025-07-16T09:04:24","guid":{"rendered":"https:\/\/uj.adatbank.ro\/lexikon\/termek\/presessura-ioan\/"},"modified":"2025-07-16T11:04:24","modified_gmt":"2025-07-16T09:04:24","slug":"presessura-ioan","status":"publish","type":"product","link":"https:\/\/uj.adatbank.ro\/lexikon\/termek\/presessura-ioan\/","title":{"rendered":"PRESESSUR\u0102, Ioan"},"content":{"rendered":"<p>? \u2020\u00a0?: Nagyk\u00fck\u00fcll\u0151megye f\u0151isp\u00e1nja (1922. jan. 24.\u2013). <br \/><strong>Irod.:<\/strong> 24 ore Muresene (1997. j\u00fal. 12)<\/br><\/p>\n","protected":false},"excerpt":{"rendered":"<p>? \u2020\u00a0?: Nagyk\u00fck\u00fcll\u0151megye f\u0151isp\u00e1nja (1922. jan. 24.\u2013). Irod.: 24 ore Muresene (1997. j\u00fal. 12)<\/p>\n","protected":false},"featured_media":0,"comment_status":"open","ping_status":"closed","template":"","meta":[],"product_brand":[],"product_cat":[137],"product_tag":[],"class_list":{"0":"post-18754","1":"product","2":"type-product","3":"status-publish","5":"product_cat-maros-megyei-eletrajzi-lexikon","7":"first","8":"instock","9":"shipping-taxable","10":"product-type-simple"},"_links":{"self":[{"href":"https:\/\/uj.adatbank.ro\/lexikon\/wp-json\/wp\/v2\/product\/18754","targetHints":{"allow":["GET"]}}],"collection":[{"href":"https:\/\/uj.adatbank.ro\/lexikon\/wp-json\/wp\/v2\/product"}],"about":[{"href":"https:\/\/uj.adatbank.ro\/lexikon\/wp-json\/wp\/v2\/types\/product"}],"replies":[{"embeddable":true,"href":"https:\/\/uj.adatbank.ro\/lexikon\/wp-json\/wp\/v2\/comments?post=18754"}],"wp:attachment":[{"href":"https:\/\/uj.adatbank.ro\/lexikon\/wp-json\/wp\/v2\/media?parent=18754"}],"wp:term":[{"taxonomy":"product_brand","embeddable":true,"href":"https:\/\/uj.adatbank.ro\/lexikon\/wp-json\/wp\/v2\/product_brand?post=18754"},{"taxonomy":"product_cat","embeddable":true,"href":"https:\/\/uj.adatbank.ro\/lexikon\/wp-json\/wp\/v2\/product_cat?post=18754"},{"taxonomy":"product_tag","embeddable":true,"href":"https:\/\/uj.adatbank.ro\/lexikon\/wp-json\/wp\/v2\/product_tag?post=18754"}],"curies":[{"name":"wp","href":"https:\/\/api.w.org\/{rel}","templated":true}]}}