{"id":18755,"date":"2025-07-16T11:04:26","date_gmt":"2025-07-16T09:04:26","guid":{"rendered":"https:\/\/uj.adatbank.ro\/lexikon\/termek\/pressler-bela\/"},"modified":"2025-07-16T11:04:26","modified_gmt":"2025-07-16T09:04:26","slug":"pressler-bela","status":"publish","type":"product","link":"https:\/\/uj.adatbank.ro\/lexikon\/termek\/pressler-bela\/","title":{"rendered":"PRESSLER B\u00e9la"},"content":{"rendered":"<p>? \u2020\u00a0?: vend\u00e9gl\u0151s. \u2013 A Ritz f\u00fcrd\u0151ben vezetett b\u00fcf\u00e9t, majd az Apollo vend\u00e9gl\u0151 \u00e9s b\u00e1ltermet b\u00e9relte (1927).-<br \/><strong>Irod.:<\/strong> Id\u0151t\u00e1r 3<\/br><\/p>\n","protected":false},"excerpt":{"rendered":"<p>? \u2020\u00a0?: vend\u00e9gl\u0151s. \u2013 A Ritz f\u00fcrd\u0151ben vezetett b\u00fcf\u00e9t, majd az Apollo vend\u00e9gl\u0151 \u00e9s b\u00e1ltermet b\u00e9relte (1927).-Irod.: Id\u0151t\u00e1r 3<\/p>\n","protected":false},"featured_media":0,"comment_status":"open","ping_status":"closed","template":"","meta":[],"product_brand":[],"product_cat":[137],"product_tag":[],"class_list":{"0":"post-18755","1":"product","2":"type-product","3":"status-publish","5":"product_cat-maros-megyei-eletrajzi-lexikon","7":"first","8":"instock","9":"shipping-taxable","10":"product-type-simple"},"_links":{"self":[{"href":"https:\/\/uj.adatbank.ro\/lexikon\/wp-json\/wp\/v2\/product\/18755","targetHints":{"allow":["GET"]}}],"collection":[{"href":"https:\/\/uj.adatbank.ro\/lexikon\/wp-json\/wp\/v2\/product"}],"about":[{"href":"https:\/\/uj.adatbank.ro\/lexikon\/wp-json\/wp\/v2\/types\/product"}],"replies":[{"embeddable":true,"href":"https:\/\/uj.adatbank.ro\/lexikon\/wp-json\/wp\/v2\/comments?post=18755"}],"wp:attachment":[{"href":"https:\/\/uj.adatbank.ro\/lexikon\/wp-json\/wp\/v2\/media?parent=18755"}],"wp:term":[{"taxonomy":"product_brand","embeddable":true,"href":"https:\/\/uj.adatbank.ro\/lexikon\/wp-json\/wp\/v2\/product_brand?post=18755"},{"taxonomy":"product_cat","embeddable":true,"href":"https:\/\/uj.adatbank.ro\/lexikon\/wp-json\/wp\/v2\/product_cat?post=18755"},{"taxonomy":"product_tag","embeddable":true,"href":"https:\/\/uj.adatbank.ro\/lexikon\/wp-json\/wp\/v2\/product_tag?post=18755"}],"curies":[{"name":"wp","href":"https:\/\/api.w.org\/{rel}","templated":true}]}}