{"id":18756,"date":"2025-07-16T11:04:28","date_gmt":"2025-07-16T09:04:28","guid":{"rendered":"https:\/\/uj.adatbank.ro\/lexikon\/termek\/pretor-paul-alneve-ioan-teodor-oltean\/"},"modified":"2025-07-16T11:04:28","modified_gmt":"2025-07-16T09:04:28","slug":"pretor-paul-alneve-ioan-teodor-oltean","status":"publish","type":"product","link":"https:\/\/uj.adatbank.ro\/lexikon\/termek\/pretor-paul-alneve-ioan-teodor-oltean\/","title":{"rendered":"PRETOR, Paul; \u00e1lneve: Ioan Teodor Oltean"},"content":{"rendered":"<p>Marosludas, 1942. febr. 19., \u2020\u00a0Marosludas, 1998. m\u00e1j. 21.: k\u00f6lt\u0151. \u2013 L\u00edc. -ot Ludason (1960), BBTE, T\u00f6rt\u00e9nelem Szak\u00e1t Kv.-on v\u00e9gezte (1965), t\u00f6rt\u00e9nelem doktor\u00e1tust szint\u00e9 Kv.-on szerzett. T\u00f6rt\u00e9nelemtan\u00e1r Ludason az Ipari L\u00edc.-ban (1965\u201398). Marosludas v\u00e1ros polg\u00e1rmestere (1989\u2013). Versekkel a Vatra c. foly\u00f3iratban jelentkezett (1973\u2013). Munkat\u00e1rsa volt a Steaua, Tribuna, Vatra, Amfiteatru, Apulum, Glasul Mure\u015fului c. lapoknak. \u2013 <strong>F. m.:<\/strong> P\u0103durea sub cuvinte: poezii (Timi\u015foara, 1992). <br \/><strong>Irod.:<\/strong> Cosma<\/br><\/p>\n","protected":false},"excerpt":{"rendered":"<p>Marosludas, 1942. febr. 19., \u2020\u00a0Marosludas, 1998. m\u00e1j. 21.: k\u00f6lt\u0151. \u2013 L\u00edc. -ot Ludason (1960), BBTE, T\u00f6rt\u00e9nelem Szak\u00e1t Kv.-on v\u00e9gezte (1965), t\u00f6rt\u00e9nelem doktor\u00e1tust szint\u00e9 Kv.-on szerzett. T\u00f6rt\u00e9nelemtan\u00e1r Ludason az Ipari L\u00edc.-ban (1965\u201398). Marosludas v\u00e1ros polg\u00e1rmestere (1989\u2013). Versekkel a Vatra c. foly\u00f3iratban jelentkezett (1973\u2013). Munkat\u00e1rsa volt a Steaua, Tribuna, Vatra, Amfiteatru, Apulum, Glasul Mure\u015fului c. lapoknak. \u2013 [&hellip;]<\/p>\n","protected":false},"featured_media":0,"comment_status":"open","ping_status":"closed","template":"","meta":[],"product_brand":[],"product_cat":[137],"product_tag":[],"class_list":{"0":"post-18756","1":"product","2":"type-product","3":"status-publish","5":"product_cat-maros-megyei-eletrajzi-lexikon","7":"first","8":"instock","9":"shipping-taxable","10":"product-type-simple"},"_links":{"self":[{"href":"https:\/\/uj.adatbank.ro\/lexikon\/wp-json\/wp\/v2\/product\/18756","targetHints":{"allow":["GET"]}}],"collection":[{"href":"https:\/\/uj.adatbank.ro\/lexikon\/wp-json\/wp\/v2\/product"}],"about":[{"href":"https:\/\/uj.adatbank.ro\/lexikon\/wp-json\/wp\/v2\/types\/product"}],"replies":[{"embeddable":true,"href":"https:\/\/uj.adatbank.ro\/lexikon\/wp-json\/wp\/v2\/comments?post=18756"}],"wp:attachment":[{"href":"https:\/\/uj.adatbank.ro\/lexikon\/wp-json\/wp\/v2\/media?parent=18756"}],"wp:term":[{"taxonomy":"product_brand","embeddable":true,"href":"https:\/\/uj.adatbank.ro\/lexikon\/wp-json\/wp\/v2\/product_brand?post=18756"},{"taxonomy":"product_cat","embeddable":true,"href":"https:\/\/uj.adatbank.ro\/lexikon\/wp-json\/wp\/v2\/product_cat?post=18756"},{"taxonomy":"product_tag","embeddable":true,"href":"https:\/\/uj.adatbank.ro\/lexikon\/wp-json\/wp\/v2\/product_tag?post=18756"}],"curies":[{"name":"wp","href":"https:\/\/api.w.org\/{rel}","templated":true}]}}