{"id":18757,"date":"2025-07-16T11:04:32","date_gmt":"2025-07-16T09:04:32","guid":{"rendered":"https:\/\/uj.adatbank.ro\/lexikon\/termek\/preutescu-virgil\/"},"modified":"2025-07-16T11:04:32","modified_gmt":"2025-07-16T09:04:32","slug":"preutescu-virgil","status":"publish","type":"product","link":"https:\/\/uj.adatbank.ro\/lexikon\/termek\/preutescu-virgil\/","title":{"rendered":"PREU\u0162ESCU, Virgil"},"content":{"rendered":"<p>? \u2020\u00a0?: dr. \u2013 A mv-i Ref. Koll.-ban \u00f3raad\u00f3 tan\u00e1r (1927\u201332). <br \/><strong>Irod.:<\/strong> Mv. t\u00f6rt. 2<\/br><\/p>\n","protected":false},"excerpt":{"rendered":"<p>? \u2020\u00a0?: dr. \u2013 A mv-i Ref. Koll.-ban \u00f3raad\u00f3 tan\u00e1r (1927\u201332). Irod.: Mv. t\u00f6rt. 2<\/p>\n","protected":false},"featured_media":0,"comment_status":"open","ping_status":"closed","template":"","meta":[],"product_brand":[],"product_cat":[137],"product_tag":[],"class_list":{"0":"post-18757","1":"product","2":"type-product","3":"status-publish","5":"product_cat-maros-megyei-eletrajzi-lexikon","7":"first","8":"instock","9":"shipping-taxable","10":"product-type-simple"},"_links":{"self":[{"href":"https:\/\/uj.adatbank.ro\/lexikon\/wp-json\/wp\/v2\/product\/18757","targetHints":{"allow":["GET"]}}],"collection":[{"href":"https:\/\/uj.adatbank.ro\/lexikon\/wp-json\/wp\/v2\/product"}],"about":[{"href":"https:\/\/uj.adatbank.ro\/lexikon\/wp-json\/wp\/v2\/types\/product"}],"replies":[{"embeddable":true,"href":"https:\/\/uj.adatbank.ro\/lexikon\/wp-json\/wp\/v2\/comments?post=18757"}],"wp:attachment":[{"href":"https:\/\/uj.adatbank.ro\/lexikon\/wp-json\/wp\/v2\/media?parent=18757"}],"wp:term":[{"taxonomy":"product_brand","embeddable":true,"href":"https:\/\/uj.adatbank.ro\/lexikon\/wp-json\/wp\/v2\/product_brand?post=18757"},{"taxonomy":"product_cat","embeddable":true,"href":"https:\/\/uj.adatbank.ro\/lexikon\/wp-json\/wp\/v2\/product_cat?post=18757"},{"taxonomy":"product_tag","embeddable":true,"href":"https:\/\/uj.adatbank.ro\/lexikon\/wp-json\/wp\/v2\/product_tag?post=18757"}],"curies":[{"name":"wp","href":"https:\/\/api.w.org\/{rel}","templated":true}]}}