{"id":1876,"date":"2025-06-28T11:56:16","date_gmt":"2025-06-28T09:56:16","guid":{"rendered":"https:\/\/uj.adatbank.ro\/lexikon\/termek\/bako-benjamin-csikfalvi\/"},"modified":"2025-06-28T11:56:16","modified_gmt":"2025-06-28T09:56:16","slug":"bako-benjamin-csikfalvi","status":"publish","type":"product","link":"https:\/\/uj.adatbank.ro\/lexikon\/termek\/bako-benjamin-csikfalvi\/","title":{"rendered":"BAK\u00d3 Benj\u00e1min, csikfalvi"},"content":{"rendered":"<p>? \u2020 ? : asszeszor. \u2013 Feles\u00e9ge: J\u00e1nosi S\u00e1ra. \u2013 Marossz\u00e9ki t\u00f6rv\u00e9nysz\u00e9ken \u00fcln\u00f6k. II J\u00f3zsefnek hom\u00e1giumot vagyis h\u0171b\u00e9res h\u0171s\u00e9gesk\u00fcdt tett (1781). F\u00e9rje hal\u00e1la ut\u00e1n, a feles\u00e9ge faragott kottatart\u00f3t \u201e\u00e9nekl\u0151 olt\u00e1rt\u201d csin\u00e1ltatott \u00e9s aj\u00e1nd\u00e9kozott a ny\u00e1r\u00e1dszentm\u00e1rtoni unit. templomnak (1795). <br \/><strong>Irod.:<\/strong> Cs\u00edkfalva; MCK<\/br><\/p>\n","protected":false},"excerpt":{"rendered":"<p>? \u2020 ? : asszeszor. \u2013 Feles\u00e9ge: J\u00e1nosi S\u00e1ra. \u2013 Marossz\u00e9ki t\u00f6rv\u00e9nysz\u00e9ken \u00fcln\u00f6k. II J\u00f3zsefnek hom\u00e1giumot vagyis h\u0171b\u00e9res h\u0171s\u00e9gesk\u00fcdt tett (1781). F\u00e9rje hal\u00e1la ut\u00e1n, a feles\u00e9ge faragott kottatart\u00f3t \u201e\u00e9nekl\u0151 olt\u00e1rt\u201d csin\u00e1ltatott \u00e9s aj\u00e1nd\u00e9kozott a ny\u00e1r\u00e1dszentm\u00e1rtoni unit. templomnak (1795). Irod.: Cs\u00edkfalva; MCK<\/p>\n","protected":false},"featured_media":0,"comment_status":"open","ping_status":"closed","template":"","meta":[],"product_brand":[],"product_cat":[137],"product_tag":[],"class_list":{"0":"post-1876","1":"product","2":"type-product","3":"status-publish","5":"product_cat-maros-megyei-eletrajzi-lexikon","7":"first","8":"instock","9":"shipping-taxable","10":"product-type-simple"},"_links":{"self":[{"href":"https:\/\/uj.adatbank.ro\/lexikon\/wp-json\/wp\/v2\/product\/1876","targetHints":{"allow":["GET"]}}],"collection":[{"href":"https:\/\/uj.adatbank.ro\/lexikon\/wp-json\/wp\/v2\/product"}],"about":[{"href":"https:\/\/uj.adatbank.ro\/lexikon\/wp-json\/wp\/v2\/types\/product"}],"replies":[{"embeddable":true,"href":"https:\/\/uj.adatbank.ro\/lexikon\/wp-json\/wp\/v2\/comments?post=1876"}],"wp:attachment":[{"href":"https:\/\/uj.adatbank.ro\/lexikon\/wp-json\/wp\/v2\/media?parent=1876"}],"wp:term":[{"taxonomy":"product_brand","embeddable":true,"href":"https:\/\/uj.adatbank.ro\/lexikon\/wp-json\/wp\/v2\/product_brand?post=1876"},{"taxonomy":"product_cat","embeddable":true,"href":"https:\/\/uj.adatbank.ro\/lexikon\/wp-json\/wp\/v2\/product_cat?post=1876"},{"taxonomy":"product_tag","embeddable":true,"href":"https:\/\/uj.adatbank.ro\/lexikon\/wp-json\/wp\/v2\/product_tag?post=1876"}],"curies":[{"name":"wp","href":"https:\/\/api.w.org\/{rel}","templated":true}]}}