{"id":18760,"date":"2025-07-16T11:04:38","date_gmt":"2025-07-16T09:04:38","guid":{"rendered":"https:\/\/uj.adatbank.ro\/lexikon\/termek\/prohaszka-geza\/"},"modified":"2025-07-16T11:04:38","modified_gmt":"2025-07-16T09:04:38","slug":"prohaszka-geza","status":"publish","type":"product","link":"https:\/\/uj.adatbank.ro\/lexikon\/termek\/prohaszka-geza\/","title":{"rendered":"PROH\u00c1SZKA G\u00e9za"},"content":{"rendered":"<p>Gyimesb\u00fckk, 1921., \u2020\u00a0Mv., 1981: orvos. \u2013 A MOGYI \u00e1ltal\u00e1nos orvosi kar\u00e1n v\u00e9gzett (1950). Fogorvosi k\u00e9pes\u00edt\u0151 vizsg\u00e1t tett \u00e9s fogorvosk\u00e9nt m\u0171k\u00f6d\u00f6tt Mv.-en. <br \/><strong>Irod.:<\/strong> Kiss\u2013P\u00e9terffy\u2013P\u00e9terffy<\/br><\/p>\n","protected":false},"excerpt":{"rendered":"<p>Gyimesb\u00fckk, 1921., \u2020\u00a0Mv., 1981: orvos. \u2013 A MOGYI \u00e1ltal\u00e1nos orvosi kar\u00e1n v\u00e9gzett (1950). Fogorvosi k\u00e9pes\u00edt\u0151 vizsg\u00e1t tett \u00e9s fogorvosk\u00e9nt m\u0171k\u00f6d\u00f6tt Mv.-en. Irod.: Kiss\u2013P\u00e9terffy\u2013P\u00e9terffy<\/p>\n","protected":false},"featured_media":0,"comment_status":"open","ping_status":"closed","template":"","meta":[],"product_brand":[],"product_cat":[137],"product_tag":[],"class_list":{"0":"post-18760","1":"product","2":"type-product","3":"status-publish","5":"product_cat-maros-megyei-eletrajzi-lexikon","7":"first","8":"instock","9":"shipping-taxable","10":"product-type-simple"},"_links":{"self":[{"href":"https:\/\/uj.adatbank.ro\/lexikon\/wp-json\/wp\/v2\/product\/18760","targetHints":{"allow":["GET"]}}],"collection":[{"href":"https:\/\/uj.adatbank.ro\/lexikon\/wp-json\/wp\/v2\/product"}],"about":[{"href":"https:\/\/uj.adatbank.ro\/lexikon\/wp-json\/wp\/v2\/types\/product"}],"replies":[{"embeddable":true,"href":"https:\/\/uj.adatbank.ro\/lexikon\/wp-json\/wp\/v2\/comments?post=18760"}],"wp:attachment":[{"href":"https:\/\/uj.adatbank.ro\/lexikon\/wp-json\/wp\/v2\/media?parent=18760"}],"wp:term":[{"taxonomy":"product_brand","embeddable":true,"href":"https:\/\/uj.adatbank.ro\/lexikon\/wp-json\/wp\/v2\/product_brand?post=18760"},{"taxonomy":"product_cat","embeddable":true,"href":"https:\/\/uj.adatbank.ro\/lexikon\/wp-json\/wp\/v2\/product_cat?post=18760"},{"taxonomy":"product_tag","embeddable":true,"href":"https:\/\/uj.adatbank.ro\/lexikon\/wp-json\/wp\/v2\/product_tag?post=18760"}],"curies":[{"name":"wp","href":"https:\/\/api.w.org\/{rel}","templated":true}]}}