{"id":18762,"date":"2025-07-16T11:04:42","date_gmt":"2025-07-16T09:04:42","guid":{"rendered":"https:\/\/uj.adatbank.ro\/lexikon\/termek\/prokupek-ferenc\/"},"modified":"2025-07-16T11:04:42","modified_gmt":"2025-07-16T09:04:42","slug":"prokupek-ferenc","status":"publish","type":"product","link":"https:\/\/uj.adatbank.ro\/lexikon\/termek\/prokupek-ferenc\/","title":{"rendered":"PROKUPEK Ferenc"},"content":{"rendered":"<p>? \u2020\u00a0?: karmester. \u2013 A mv.-i m\u0171kedvel\u0151 zenekar karmestere (1860 k.). A \u201ev\u00e1rosi karmester\u201d c\u00edmet viselte. \u2013 Irod: Kim; Mv. m\u0171v. v\u00e1r.; Sz\u00e1sz K\u00e1roly: A Mv.-i Zenekedvel\u0151k Egylete (V. Z., 1972. febr. 6)<\/br><\/p>\n","protected":false},"excerpt":{"rendered":"<p>? \u2020\u00a0?: karmester. \u2013 A mv.-i m\u0171kedvel\u0151 zenekar karmestere (1860 k.). A \u201ev\u00e1rosi karmester\u201d c\u00edmet viselte. \u2013 Irod: Kim; Mv. m\u0171v. v\u00e1r.; Sz\u00e1sz K\u00e1roly: A Mv.-i Zenekedvel\u0151k Egylete (V. Z., 1972. febr. 6)<\/p>\n","protected":false},"featured_media":0,"comment_status":"open","ping_status":"closed","template":"","meta":[],"product_brand":[],"product_cat":[137],"product_tag":[],"class_list":{"0":"post-18762","1":"product","2":"type-product","3":"status-publish","5":"product_cat-maros-megyei-eletrajzi-lexikon","7":"first","8":"instock","9":"shipping-taxable","10":"product-type-simple"},"_links":{"self":[{"href":"https:\/\/uj.adatbank.ro\/lexikon\/wp-json\/wp\/v2\/product\/18762","targetHints":{"allow":["GET"]}}],"collection":[{"href":"https:\/\/uj.adatbank.ro\/lexikon\/wp-json\/wp\/v2\/product"}],"about":[{"href":"https:\/\/uj.adatbank.ro\/lexikon\/wp-json\/wp\/v2\/types\/product"}],"replies":[{"embeddable":true,"href":"https:\/\/uj.adatbank.ro\/lexikon\/wp-json\/wp\/v2\/comments?post=18762"}],"wp:attachment":[{"href":"https:\/\/uj.adatbank.ro\/lexikon\/wp-json\/wp\/v2\/media?parent=18762"}],"wp:term":[{"taxonomy":"product_brand","embeddable":true,"href":"https:\/\/uj.adatbank.ro\/lexikon\/wp-json\/wp\/v2\/product_brand?post=18762"},{"taxonomy":"product_cat","embeddable":true,"href":"https:\/\/uj.adatbank.ro\/lexikon\/wp-json\/wp\/v2\/product_cat?post=18762"},{"taxonomy":"product_tag","embeddable":true,"href":"https:\/\/uj.adatbank.ro\/lexikon\/wp-json\/wp\/v2\/product_tag?post=18762"}],"curies":[{"name":"wp","href":"https:\/\/api.w.org\/{rel}","templated":true}]}}