{"id":18763,"date":"2025-07-16T11:04:44","date_gmt":"2025-07-16T09:04:44","guid":{"rendered":"https:\/\/uj.adatbank.ro\/lexikon\/termek\/prunas-gyorgy\/"},"modified":"2025-07-16T11:04:44","modified_gmt":"2025-07-16T09:04:44","slug":"prunas-gyorgy","status":"publish","type":"product","link":"https:\/\/uj.adatbank.ro\/lexikon\/termek\/prunas-gyorgy\/","title":{"rendered":"PRUNAS Gy\u00f6rgy"},"content":{"rendered":"<p>Meggyesfalva, 1862 , \u2020 ?: orvos. \u2013 Apja f\u00f6ldbirtokos. Brass\u00f3ban tanult az ort. f\u0151gimn.-ban, Kv.-on az OGYE hallgat\u00f3ja (1882\u201385), a b\u00e9csi egy. Orvosi Kar\u00e1n -en tanult (1885\u201386), doktor\u00e1tust Kv.-on tett (1892. okt. 22.). <br \/><strong>Irod.:<\/strong> Sigmirean, Szab\u00f3\u2013Simon\u2013Sz\u00f6gi<\/br><\/p>\n","protected":false},"excerpt":{"rendered":"<p>Meggyesfalva, 1862 , \u2020 ?: orvos. \u2013 Apja f\u00f6ldbirtokos. Brass\u00f3ban tanult az ort. f\u0151gimn.-ban, Kv.-on az OGYE hallgat\u00f3ja (1882\u201385), a b\u00e9csi egy. Orvosi Kar\u00e1n -en tanult (1885\u201386), doktor\u00e1tust Kv.-on tett (1892. okt. 22.). Irod.: Sigmirean, Szab\u00f3\u2013Simon\u2013Sz\u00f6gi<\/p>\n","protected":false},"featured_media":0,"comment_status":"open","ping_status":"closed","template":"","meta":[],"product_brand":[],"product_cat":[137],"product_tag":[],"class_list":{"0":"post-18763","1":"product","2":"type-product","3":"status-publish","5":"product_cat-maros-megyei-eletrajzi-lexikon","7":"first","8":"instock","9":"shipping-taxable","10":"product-type-simple"},"_links":{"self":[{"href":"https:\/\/uj.adatbank.ro\/lexikon\/wp-json\/wp\/v2\/product\/18763","targetHints":{"allow":["GET"]}}],"collection":[{"href":"https:\/\/uj.adatbank.ro\/lexikon\/wp-json\/wp\/v2\/product"}],"about":[{"href":"https:\/\/uj.adatbank.ro\/lexikon\/wp-json\/wp\/v2\/types\/product"}],"replies":[{"embeddable":true,"href":"https:\/\/uj.adatbank.ro\/lexikon\/wp-json\/wp\/v2\/comments?post=18763"}],"wp:attachment":[{"href":"https:\/\/uj.adatbank.ro\/lexikon\/wp-json\/wp\/v2\/media?parent=18763"}],"wp:term":[{"taxonomy":"product_brand","embeddable":true,"href":"https:\/\/uj.adatbank.ro\/lexikon\/wp-json\/wp\/v2\/product_brand?post=18763"},{"taxonomy":"product_cat","embeddable":true,"href":"https:\/\/uj.adatbank.ro\/lexikon\/wp-json\/wp\/v2\/product_cat?post=18763"},{"taxonomy":"product_tag","embeddable":true,"href":"https:\/\/uj.adatbank.ro\/lexikon\/wp-json\/wp\/v2\/product_tag?post=18763"}],"curies":[{"name":"wp","href":"https:\/\/api.w.org\/{rel}","templated":true}]}}