{"id":18765,"date":"2025-07-16T11:04:48","date_gmt":"2025-07-16T09:04:48","guid":{"rendered":"https:\/\/uj.adatbank.ro\/lexikon\/termek\/prusacov-sofia\/"},"modified":"2025-07-16T11:04:48","modified_gmt":"2025-07-16T09:04:48","slug":"prusacov-sofia","status":"publish","type":"product","link":"https:\/\/uj.adatbank.ro\/lexikon\/termek\/prusacov-sofia\/","title":{"rendered":"PRUSACOV, Sofia"},"content":{"rendered":"<p>1939., \u2020\u00a0Mv., 1999. m\u00e1j. 14.: orvos, ideggy\u00f3gy\u00e1sz. \u2013 Ideggy\u00f3gy\u00e1sz szakorvos. A mv.-i Klinikai K\u00f3rh\u00e1z aligazgat\u00f3ja. <br \/><strong>Irod.:<\/strong> [Nekrol\u00f3g] (N\u00fa., 1999. m\u00e1j. 15.; megeml\u00e9kez\u00e9s 1999. j\u00fan. 25.)<\/br><\/p>\n","protected":false},"excerpt":{"rendered":"<p>1939., \u2020\u00a0Mv., 1999. m\u00e1j. 14.: orvos, ideggy\u00f3gy\u00e1sz. \u2013 Ideggy\u00f3gy\u00e1sz szakorvos. A mv.-i Klinikai K\u00f3rh\u00e1z aligazgat\u00f3ja. Irod.: [Nekrol\u00f3g] (N\u00fa., 1999. m\u00e1j. 15.; megeml\u00e9kez\u00e9s 1999. j\u00fan. 25.)<\/p>\n","protected":false},"featured_media":0,"comment_status":"open","ping_status":"closed","template":"","meta":[],"product_brand":[],"product_cat":[137],"product_tag":[],"class_list":{"0":"post-18765","1":"product","2":"type-product","3":"status-publish","5":"product_cat-maros-megyei-eletrajzi-lexikon","7":"first","8":"instock","9":"shipping-taxable","10":"product-type-simple"},"_links":{"self":[{"href":"https:\/\/uj.adatbank.ro\/lexikon\/wp-json\/wp\/v2\/product\/18765","targetHints":{"allow":["GET"]}}],"collection":[{"href":"https:\/\/uj.adatbank.ro\/lexikon\/wp-json\/wp\/v2\/product"}],"about":[{"href":"https:\/\/uj.adatbank.ro\/lexikon\/wp-json\/wp\/v2\/types\/product"}],"replies":[{"embeddable":true,"href":"https:\/\/uj.adatbank.ro\/lexikon\/wp-json\/wp\/v2\/comments?post=18765"}],"wp:attachment":[{"href":"https:\/\/uj.adatbank.ro\/lexikon\/wp-json\/wp\/v2\/media?parent=18765"}],"wp:term":[{"taxonomy":"product_brand","embeddable":true,"href":"https:\/\/uj.adatbank.ro\/lexikon\/wp-json\/wp\/v2\/product_brand?post=18765"},{"taxonomy":"product_cat","embeddable":true,"href":"https:\/\/uj.adatbank.ro\/lexikon\/wp-json\/wp\/v2\/product_cat?post=18765"},{"taxonomy":"product_tag","embeddable":true,"href":"https:\/\/uj.adatbank.ro\/lexikon\/wp-json\/wp\/v2\/product_tag?post=18765"}],"curies":[{"name":"wp","href":"https:\/\/api.w.org\/{rel}","templated":true}]}}