{"id":18766,"date":"2025-07-16T11:04:50","date_gmt":"2025-07-16T09:04:50","guid":{"rendered":"https:\/\/uj.adatbank.ro\/lexikon\/termek\/pruzsinszky-zoltan-%c2%a7\/"},"modified":"2025-07-16T11:04:50","modified_gmt":"2025-07-16T09:04:50","slug":"pruzsinszky-zoltan-%c2%a7","status":"publish","type":"product","link":"https:\/\/uj.adatbank.ro\/lexikon\/termek\/pruzsinszky-zoltan-%c2%a7\/","title":{"rendered":"PRUZSINSZKY Zolt\u00e1n, \u00a7"},"content":{"rendered":"<p>? \u2020\u00a0?: orvos.- Az I. vh. idej\u00e9n a fels\u0151bb le\u00e1nyiskol\u00e1ban berendezett k\u00f3rh\u00e1z orvosa. <br \/><strong>Irod.:<\/strong> Mv. \u00e9s a h\u00e1bor\u00fa 1.<\/br><\/p>\n","protected":false},"excerpt":{"rendered":"<p>? \u2020\u00a0?: orvos.- Az I. vh. idej\u00e9n a fels\u0151bb le\u00e1nyiskol\u00e1ban berendezett k\u00f3rh\u00e1z orvosa. Irod.: Mv. \u00e9s a h\u00e1bor\u00fa 1.<\/p>\n","protected":false},"featured_media":0,"comment_status":"open","ping_status":"closed","template":"","meta":[],"product_brand":[],"product_cat":[137],"product_tag":[],"class_list":{"0":"post-18766","1":"product","2":"type-product","3":"status-publish","5":"product_cat-maros-megyei-eletrajzi-lexikon","7":"first","8":"instock","9":"shipping-taxable","10":"product-type-simple"},"_links":{"self":[{"href":"https:\/\/uj.adatbank.ro\/lexikon\/wp-json\/wp\/v2\/product\/18766","targetHints":{"allow":["GET"]}}],"collection":[{"href":"https:\/\/uj.adatbank.ro\/lexikon\/wp-json\/wp\/v2\/product"}],"about":[{"href":"https:\/\/uj.adatbank.ro\/lexikon\/wp-json\/wp\/v2\/types\/product"}],"replies":[{"embeddable":true,"href":"https:\/\/uj.adatbank.ro\/lexikon\/wp-json\/wp\/v2\/comments?post=18766"}],"wp:attachment":[{"href":"https:\/\/uj.adatbank.ro\/lexikon\/wp-json\/wp\/v2\/media?parent=18766"}],"wp:term":[{"taxonomy":"product_brand","embeddable":true,"href":"https:\/\/uj.adatbank.ro\/lexikon\/wp-json\/wp\/v2\/product_brand?post=18766"},{"taxonomy":"product_cat","embeddable":true,"href":"https:\/\/uj.adatbank.ro\/lexikon\/wp-json\/wp\/v2\/product_cat?post=18766"},{"taxonomy":"product_tag","embeddable":true,"href":"https:\/\/uj.adatbank.ro\/lexikon\/wp-json\/wp\/v2\/product_tag?post=18766"}],"curies":[{"name":"wp","href":"https:\/\/api.w.org\/{rel}","templated":true}]}}