{"id":18767,"date":"2025-07-16T11:04:53","date_gmt":"2025-07-16T09:04:53","guid":{"rendered":"https:\/\/uj.adatbank.ro\/lexikon\/termek\/pteancu-alexandru\/"},"modified":"2025-07-16T11:04:53","modified_gmt":"2025-07-16T09:04:53","slug":"pteancu-alexandru","status":"publish","type":"product","link":"https:\/\/uj.adatbank.ro\/lexikon\/termek\/pteancu-alexandru\/","title":{"rendered":"PTEANCU, Alexandru"},"content":{"rendered":"<p>? \u2020\u00a0?: vez\u00e9rtanfel\u00fcgyel\u0151. \u2013 Vez\u00e9rtanfel\u00fcgyel\u0151k\u00e9nt a miniszt\u00e9rium k\u00e9pviselet\u00e9ben \u00e1tvette a h\u00e1rom k\u00f6zs\u00e9gi iskol\u00e1t Mv. v\u00e1ros\u00e1t\u00f3l (1923). Elfogults\u00e1g\u00e1r\u00f3l volt h\u00edres. \u2013 <strong>F. m.:<\/strong> Il Problema dell\u2019insegnamento minoritario in Transilvania sotto gli ungaresi e sotto i romeni (Buc., 1940). <br \/><strong>Irod.:<\/strong> F\u00fcl\u00f6p\u2013Ferencz; Id\u0151t\u00e1r 3<\/br><\/p>\n","protected":false},"excerpt":{"rendered":"<p>? \u2020\u00a0?: vez\u00e9rtanfel\u00fcgyel\u0151. \u2013 Vez\u00e9rtanfel\u00fcgyel\u0151k\u00e9nt a miniszt\u00e9rium k\u00e9pviselet\u00e9ben \u00e1tvette a h\u00e1rom k\u00f6zs\u00e9gi iskol\u00e1t Mv. v\u00e1ros\u00e1t\u00f3l (1923). Elfogults\u00e1g\u00e1r\u00f3l volt h\u00edres. \u2013 F. m.: Il Problema dell\u2019insegnamento minoritario in Transilvania sotto gli ungaresi e sotto i romeni (Buc., 1940). Irod.: F\u00fcl\u00f6p\u2013Ferencz; Id\u0151t\u00e1r 3<\/p>\n","protected":false},"featured_media":0,"comment_status":"open","ping_status":"closed","template":"","meta":[],"product_brand":[],"product_cat":[137],"product_tag":[],"class_list":{"0":"post-18767","1":"product","2":"type-product","3":"status-publish","5":"product_cat-maros-megyei-eletrajzi-lexikon","7":"first","8":"instock","9":"shipping-taxable","10":"product-type-simple"},"_links":{"self":[{"href":"https:\/\/uj.adatbank.ro\/lexikon\/wp-json\/wp\/v2\/product\/18767","targetHints":{"allow":["GET"]}}],"collection":[{"href":"https:\/\/uj.adatbank.ro\/lexikon\/wp-json\/wp\/v2\/product"}],"about":[{"href":"https:\/\/uj.adatbank.ro\/lexikon\/wp-json\/wp\/v2\/types\/product"}],"replies":[{"embeddable":true,"href":"https:\/\/uj.adatbank.ro\/lexikon\/wp-json\/wp\/v2\/comments?post=18767"}],"wp:attachment":[{"href":"https:\/\/uj.adatbank.ro\/lexikon\/wp-json\/wp\/v2\/media?parent=18767"}],"wp:term":[{"taxonomy":"product_brand","embeddable":true,"href":"https:\/\/uj.adatbank.ro\/lexikon\/wp-json\/wp\/v2\/product_brand?post=18767"},{"taxonomy":"product_cat","embeddable":true,"href":"https:\/\/uj.adatbank.ro\/lexikon\/wp-json\/wp\/v2\/product_cat?post=18767"},{"taxonomy":"product_tag","embeddable":true,"href":"https:\/\/uj.adatbank.ro\/lexikon\/wp-json\/wp\/v2\/product_tag?post=18767"}],"curies":[{"name":"wp","href":"https:\/\/api.w.org\/{rel}","templated":true}]}}