{"id":18770,"date":"2025-07-16T11:04:59","date_gmt":"2025-07-16T09:04:59","guid":{"rendered":"https:\/\/uj.adatbank.ro\/lexikon\/termek\/puia-aurel-%c2%a7\/"},"modified":"2025-07-16T11:04:59","modified_gmt":"2025-07-16T09:04:59","slug":"puia-aurel-%c2%a7","status":"publish","type":"product","link":"https:\/\/uj.adatbank.ro\/lexikon\/termek\/puia-aurel-%c2%a7\/","title":{"rendered":"PUIA, Aurel, \u00a7"},"content":{"rendered":"<p>Szerdahely, 1908. szept. 9. \u2020 Sz\u00e1szr\u00e9gen, 1984.: orvos. \u2013 Elemi oszt\u00e1lyokat a sz\u00fcl\u0151hely\u00e9n, lic.-ot Mv.-en, a Papiu Ilarian Lic.-ban v\u00e9gzett, ennek a l\u00edc.-nak az els\u0151 rom\u00e1n \u00e9retts\u00e9giz\u0151 oszt\u00e1lya (1927). A csal\u00e1dja is Mv.-re k\u00f6lt\u00f6z\u00f6tt (1919\u2013), \u00e9desapj\u00e1t P. Ieronim, Maros-Torda vm. tanfal\u00fcgyel\u0151j\u00e9nek nevezt\u00e9k ki. Kv.-on elv\u00e9gezte az orvosi egyetem seb\u00e9sz szak\u00e1t (1934). Bac\u0103uba helyezt\u00e9k az Ana si Pavel k\u00f3rh\u00e1zba seg\u00e9dorvok\u00e9nt, onnan Mv.-re ker\u00fclt a Gyermekv\u00e9d\u0151 K\u00f6zpontba (1935. jan. 1.- 36. \u00e1pr. 1). Petel\u00e9n k\u00f6rorvos lett, k\u00f6zben Kv.-on a Regele Ferdinand Egyetem K\u00f6zeg\u00e9szs\u00e9\u00fcgyi Int\u00e9zet\u00e9ben pedag\u00f3giai szakosod\u00e1st is szerzett (1936\u201337), majd klinikai labor\u00e1ns k\u00e9pes\u00edt\u00e9st is nyert. A B\u00e9csi D\u00f6nt\u00e9skor elmenek\u00fclt. Hadnagyk\u00e9nt r\u00e9szt vett a II. vh.-ban, \u00e9s Mo. hat\u00e1r\u00e1ig jutott el, azut\u00e1n a 2-es t\u0171z\u00e9rs\u00e9gi g\u00e1rd\u00e1val \u00e1tkelt a Pruton, \u00e9s Odessz\u00e1ig teljes\u00edtett szolg\u00e1latot. Onnan a Krim fsz.-re ker\u00fclt. Megsebes\u00fclt, leszerelt\u00e9k, \u00e9s hazak\u00fcldt\u00e9k. Hazat\u00e9r\u00e9se ut\u00e1n Marosd\u00e9cs\u00e9n, (Feh\u00e9r) lett k\u00f6rorvos. Visszat\u00e9rt R\u00e9genbe, majd Mv.-re, ahol az eg\u00e9szs\u00e9\u00fcgy megszervez\u00e9s\u00e9vel b\u00edzt\u00e1k meg. Sz\u00e1szr\u00e9genben k\u00f6rorvosk\u00e9nt dolgozott (1945. \u00e1pr. 1.\u20131950). A k\u00f3rh\u00e1zat k\u00e9t \u00faj \u00e9p\u00fclettel b\u0151v\u00edtette, egy sz\u00fcl\u00e9szetet (1958), gyerekgy\u00f3gy\u00e1szatot l\u00e9tes\u00edtett(1963), \u00e9s t\u00f6bb faluban eg\u00e9szs\u00e9g\u00fcgyi pontokat hozott l\u00e9tre. A szeg\u00e9nyek orvos\u00e1nak nevezt\u00e9k. K\u00f6zeg\u00e9szs\u00e9g\u00fcgyi tan\u00e1rk\u00e9nt a r\u00e9geni rom\u00e1n Ped. Isk.-ban is dolgozott. Tudom\u00e1nyos kutat\u00f3munk\u00e1j\u00e1nak eredm\u00e9nyeit, Hadnagy dr. k\u00f6zrem\u0171k\u0151d\u00e9s\u00e9vel Londonban jelenttette meg. Az Eg\u00e9szs\u00e9g\u00fcgyi Szakszervezet l\u00e9trehoz\u00e1sakor eln\u00f6kk\u00e9 v\u00e1lasztott\u00e1k (1945\u201355). \u00dagy R\u00e9genben, mint a k\u00f6rnyez\u0151 falvakban sokoldal\u00fa nevel\u0151 munk\u00e1t fejtett ki. Eln\u00f6ke volt az \u00fajj\u00e1alakult V\u00f6r\u00f6s Kereszt Szervezetnek (1945\u201350). Rajoni \u00e9s v\u00e1rosi k\u00e9pvisel\u0151 volt. R\u00e9gen rajon eg\u00e9szs\u00e9g\u00fcgyi oszt\u00e1ly\u00e1nak a vezet\u0151je (1950\u201355), majd nyugd\u00edjaz\u00e1s\u00e1ig a Ter\u00fcleti K\u00f3rh\u00e1z igazgat\u00f3ja (1955\u201373). T\u00f6bb alkalommal t\u00fcntett\u00e9k ki: Meritul Sanitar cl.I. (1938. dec. 20.), a frontr\u00f3l hozta a Meritul Sanitar Militar cl.a II.-a, Medic Emerit (1966). <br \/><strong>Irod.:<\/strong> Regh. Cult. (10., 2010).<\/br><\/p>\n","protected":false},"excerpt":{"rendered":"<p>Szerdahely, 1908. szept. 9. \u2020 Sz\u00e1szr\u00e9gen, 1984.: orvos. \u2013 Elemi oszt\u00e1lyokat a sz\u00fcl\u0151hely\u00e9n, lic.-ot Mv.-en, a Papiu Ilarian Lic.-ban v\u00e9gzett, ennek a l\u00edc.-nak az els\u0151 rom\u00e1n \u00e9retts\u00e9giz\u0151 oszt\u00e1lya (1927). A csal\u00e1dja is Mv.-re k\u00f6lt\u00f6z\u00f6tt (1919\u2013), \u00e9desapj\u00e1t P. Ieronim, Maros-Torda vm. tanfal\u00fcgyel\u0151j\u00e9nek nevezt\u00e9k ki. Kv.-on elv\u00e9gezte az orvosi egyetem seb\u00e9sz szak\u00e1t (1934). Bac\u0103uba helyezt\u00e9k az Ana [&hellip;]<\/p>\n","protected":false},"featured_media":0,"comment_status":"open","ping_status":"closed","template":"","meta":[],"product_brand":[],"product_cat":[137],"product_tag":[],"class_list":{"0":"post-18770","1":"product","2":"type-product","3":"status-publish","5":"product_cat-maros-megyei-eletrajzi-lexikon","7":"first","8":"instock","9":"shipping-taxable","10":"product-type-simple"},"_links":{"self":[{"href":"https:\/\/uj.adatbank.ro\/lexikon\/wp-json\/wp\/v2\/product\/18770","targetHints":{"allow":["GET"]}}],"collection":[{"href":"https:\/\/uj.adatbank.ro\/lexikon\/wp-json\/wp\/v2\/product"}],"about":[{"href":"https:\/\/uj.adatbank.ro\/lexikon\/wp-json\/wp\/v2\/types\/product"}],"replies":[{"embeddable":true,"href":"https:\/\/uj.adatbank.ro\/lexikon\/wp-json\/wp\/v2\/comments?post=18770"}],"wp:attachment":[{"href":"https:\/\/uj.adatbank.ro\/lexikon\/wp-json\/wp\/v2\/media?parent=18770"}],"wp:term":[{"taxonomy":"product_brand","embeddable":true,"href":"https:\/\/uj.adatbank.ro\/lexikon\/wp-json\/wp\/v2\/product_brand?post=18770"},{"taxonomy":"product_cat","embeddable":true,"href":"https:\/\/uj.adatbank.ro\/lexikon\/wp-json\/wp\/v2\/product_cat?post=18770"},{"taxonomy":"product_tag","embeddable":true,"href":"https:\/\/uj.adatbank.ro\/lexikon\/wp-json\/wp\/v2\/product_tag?post=18770"}],"curies":[{"name":"wp","href":"https:\/\/api.w.org\/{rel}","templated":true}]}}