{"id":18771,"date":"2025-07-16T11:05:03","date_gmt":"2025-07-16T09:05:03","guid":{"rendered":"https:\/\/uj.adatbank.ro\/lexikon\/termek\/puia-ieronim-%c2%a7\/"},"modified":"2025-07-16T11:05:03","modified_gmt":"2025-07-16T09:05:03","slug":"puia-ieronim-%c2%a7","status":"publish","type":"product","link":"https:\/\/uj.adatbank.ro\/lexikon\/termek\/puia-ieronim-%c2%a7\/","title":{"rendered":"PUIA, Ieronim, \u00a7"},"content":{"rendered":"<p>Boldogv\u00e1ros v Seligstadt, 1887. j\u00fal. 17., \u2020\u00a0Nagyszeben, 1960.: tan\u00e1r, tanfel\u00fcgyel\u0151, ort. pap. \u2013 Elemi iskol\u00e1it a sz\u00fcl\u0151faluban, gimn.-ot Fogarason, tan\u00edt\u00f3k\u00e9pz\u0151t D\u00e9v\u00e1n (1904), Pozsonyban ipari \u00e9s kereskedelmi iskol\u00e1t v\u00e9gzett (1913\u201314). Tanfel\u00fcgyel\u0151i egyetemi kurzust v\u00e9gzett (1921\u201323) \u00e9s ort. papi k\u00e9pes\u00edt\u00e9st (1926) is kapott. Szerdahelyen (Szeben) tan\u00edt\u00f3 volt (1904. szept. 1.- 1919. \u00e1pr. 30.). Maros megye els\u0151 rom\u00e1n tanfel\u00fcgyel\u0151j\u00e9v\u00e9 nevezt\u00e9k ki (1919. m\u00e1j.- 40. szept. 1.). Maros \u00e9s Szil\u00e1gy k\u00f6rzet elemi iskol\u00e1inak tanfel\u00fcgyel\u0151je volt (1932. dec. 1.\u201340. szept. 1.). A megyei k\u00f6zigazgat\u00e1si bizotts\u00e1g tagja. Maros megyei rom\u00e1n oktat\u00e1s fejleszt\u00e9s\u00e9\u00e9rt t\u00f6bb s\u00edkon tev\u00e9kenykedett (1919\u201340): \u00c1tvett a m. korm\u00e1nyt\u00f3l 68 iskol\u00e1t. Tagja volt a tan\u00edt\u00f3kat ateszt\u00e1l\u00f3 bizotts\u00e1g\u00e1nak Maros, Cs\u00edk, H\u00e1romsz\u00e9k \u00e9s Udvarhely megy\u00e9kben (1921). A Maros megyei oktat\u00e1sra vonatkoz\u00f3lag adatokat gy\u0171jt\u00f6tt (1700\u20131931) \u00e9s ezeket Traian Popa tan\u00e1r rendelkez\u00e9s\u00e9re bocs\u00e1jtotta, aki meg\u00edrta a Mv. v\u00e1ros monogr\u00e1fi\u00e1j\u00e1t (1932). Ir\u00e1ny\u00edtotta az iskol\u00e1k \u00e9p\u00edt\u00e9s\u00e9t, \u00faj \u00e9p\u00fcleteket v\u00e1s\u00e1rolt \u00e9s rendezett be, \u00edgy az iskol\u00e1k sz\u00e1ma 240-re n\u00f6vekedett (1932), a Tan\u00fcgyi Miniszt\u00e9rium \u00fajabb 80 tan\u00edt\u00f3i \u00e1ll\u00e1s l\u00e9tes\u00edt\u00e9s\u00e9re adott neki enged\u00e9lyt (1936). Maros \u00e9s Udvarhely megye f\u0151tanfel\u00fcgyel\u0151je (1933). Ny\u00e1ri tanfolyamokat szervezett a kisebbs\u00e9gi tan\u00edt\u00f3knak \u00e9s tan\u00e1roknak a rom\u00e1n nyelv elsaj\u00e1t\u00edt\u00e1sa \u00e9rdek\u00e9ben. Gondoskodott a rom\u00e1n taner\u0151k tov\u00e1bbk\u00e9pz\u00e9s\u00e9r\u0151l (1919\u201338). Az egyh\u00e1zi \u00e9s mag\u00e1n iskol\u00e1k t\u00e1mogat\u00e1s\u00e1ra szoros kapcsolatot tartott fenn a ref., r. k., unit\u00e1rius, evang\u00e9likus \u00e9s izraelita egyh\u00e1zak vezet\u0151s\u00e9g\u00e9vel. A mv.-i izraelita iskola l\u00e9trehozta a Ieronim Puia Alap\u00edtv\u00e1nyt (1924), amelynek c\u00e9lja a rom\u00e1n nyelv \u00e9s kult\u00fara elsaj\u00e1t\u00edt\u00e1sa, valamint az eredm\u00e9nyes jeles tanul\u00f3k kit\u00fcntet\u00e9se volt. Marosszentgy\u00f6rgy\u00f6n ort. lelk\u00e9szk\u00e9nt is m\u0171k\u00f6d\u00f6tt (1926\u201340), ahol pezsg\u0151 kultur\u00e1lis \u00e9letet teremtett: k\u00f3rust, f\u00fav\u00f3s zenekart vezetett, \u00fcnnep\u00e9lyeket \u00e9s el\u0151ad\u00e1sokat szervezett, az Astra titk\u00e1ra is volt. T\u00f6bb kit\u00fcntet\u00e9st kapott a rom\u00e1n \u00e1llamt\u00f3l: a Rom\u00e1n Korona Rend k\u00e9tszeres kit\u00fcntetettje, mint tanfel\u00fcgyel\u0151 (1923, 1926), h\u00e1romszor kapott \u00e9rmet, mint iskola \u00e9p\u00edt\u0151 (1926), a tan\u00fcgyben el\u00e9rt eredm\u00e9nyei\u00e9rt (1930), az \u00e1llam szolg\u00e1lat\u00e1ban elt\u00f6lt\u00f6tt 25 \u00e9v\u00e9rt (1932). Szebenbe menek\u00fclt (1940. szept. 1. ut\u00e1n), ahol hal\u00e1l\u00e1ig \u00e9lt. <br \/><strong>Irod.:<\/strong> Bosoanc\u0103, Traian \u2013 Opri\u015f, Ilarie Gh.\u00cenv\u0103\u0163\u0103m\u00e2ntul primar de stat \u015fi confesional din jude\u0163ul Mure\u015f \u00een anul \u015fcolar 1939 \u2013 1940 (Tg. M., 2005); Dasc\u0103li mure\u015feni, 1.; Id\u0151t\u00e1r 3; Ilarie Opri\u015f: Contribu\u0163ia revizorului \u015fcolar I. P. la dezvoltarea \u00eenv\u0103\u0163\u0103m\u00e2ntului interbelic mure\u015fan (Marisia, 2003, 27.); S\u00e2ngeorgiu de Mure\u015f: Biserica; \u015eincan 2006; Todea 2013<\/br><\/p>\n","protected":false},"excerpt":{"rendered":"<p>Boldogv\u00e1ros v Seligstadt, 1887. j\u00fal. 17., \u2020\u00a0Nagyszeben, 1960.: tan\u00e1r, tanfel\u00fcgyel\u0151, ort. pap. \u2013 Elemi iskol\u00e1it a sz\u00fcl\u0151faluban, gimn.-ot Fogarason, tan\u00edt\u00f3k\u00e9pz\u0151t D\u00e9v\u00e1n (1904), Pozsonyban ipari \u00e9s kereskedelmi iskol\u00e1t v\u00e9gzett (1913\u201314). Tanfel\u00fcgyel\u0151i egyetemi kurzust v\u00e9gzett (1921\u201323) \u00e9s ort. papi k\u00e9pes\u00edt\u00e9st (1926) is kapott. Szerdahelyen (Szeben) tan\u00edt\u00f3 volt (1904. szept. 1.- 1919. \u00e1pr. 30.). Maros megye els\u0151 rom\u00e1n [&hellip;]<\/p>\n","protected":false},"featured_media":0,"comment_status":"open","ping_status":"closed","template":"","meta":[],"product_brand":[],"product_cat":[137],"product_tag":[],"class_list":{"0":"post-18771","1":"product","2":"type-product","3":"status-publish","5":"product_cat-maros-megyei-eletrajzi-lexikon","7":"first","8":"instock","9":"shipping-taxable","10":"product-type-simple"},"_links":{"self":[{"href":"https:\/\/uj.adatbank.ro\/lexikon\/wp-json\/wp\/v2\/product\/18771","targetHints":{"allow":["GET"]}}],"collection":[{"href":"https:\/\/uj.adatbank.ro\/lexikon\/wp-json\/wp\/v2\/product"}],"about":[{"href":"https:\/\/uj.adatbank.ro\/lexikon\/wp-json\/wp\/v2\/types\/product"}],"replies":[{"embeddable":true,"href":"https:\/\/uj.adatbank.ro\/lexikon\/wp-json\/wp\/v2\/comments?post=18771"}],"wp:attachment":[{"href":"https:\/\/uj.adatbank.ro\/lexikon\/wp-json\/wp\/v2\/media?parent=18771"}],"wp:term":[{"taxonomy":"product_brand","embeddable":true,"href":"https:\/\/uj.adatbank.ro\/lexikon\/wp-json\/wp\/v2\/product_brand?post=18771"},{"taxonomy":"product_cat","embeddable":true,"href":"https:\/\/uj.adatbank.ro\/lexikon\/wp-json\/wp\/v2\/product_cat?post=18771"},{"taxonomy":"product_tag","embeddable":true,"href":"https:\/\/uj.adatbank.ro\/lexikon\/wp-json\/wp\/v2\/product_tag?post=18771"}],"curies":[{"name":"wp","href":"https:\/\/api.w.org\/{rel}","templated":true}]}}