{"id":18772,"date":"2025-07-16T11:05:06","date_gmt":"2025-07-16T09:05:06","guid":{"rendered":"https:\/\/uj.adatbank.ro\/lexikon\/termek\/puia-ioan\/"},"modified":"2025-07-16T11:05:06","modified_gmt":"2025-07-16T09:05:06","slug":"puia-ioan","status":"publish","type":"product","link":"https:\/\/uj.adatbank.ro\/lexikon\/termek\/puia-ioan\/","title":{"rendered":"PUIA, Ioan"},"content":{"rendered":"<p>? \u2020\u00a0?: tan\u00e1r. \u2013 Mv.-en tanfel\u00fcgyel\u0151k\u00e9nt fel\u00e9leszti a rom\u00e1n nyelv\u0171 oktat\u00e1st, l\u00e9trehozta a v\u00e1ros \u00e9s a megye els\u0151 rom\u00e1n anyanyelv\u0171 elemi iskol\u00e1j\u00e1t (1918). \u2013 Irod. Popa, Traian: Tg.M.<\/br><\/p>\n","protected":false},"excerpt":{"rendered":"<p>? \u2020\u00a0?: tan\u00e1r. \u2013 Mv.-en tanfel\u00fcgyel\u0151k\u00e9nt fel\u00e9leszti a rom\u00e1n nyelv\u0171 oktat\u00e1st, l\u00e9trehozta a v\u00e1ros \u00e9s a megye els\u0151 rom\u00e1n anyanyelv\u0171 elemi iskol\u00e1j\u00e1t (1918). \u2013 Irod. Popa, Traian: Tg.M.<\/p>\n","protected":false},"featured_media":0,"comment_status":"open","ping_status":"closed","template":"","meta":[],"product_brand":[],"product_cat":[137],"product_tag":[],"class_list":{"0":"post-18772","1":"product","2":"type-product","3":"status-publish","5":"product_cat-maros-megyei-eletrajzi-lexikon","7":"first","8":"instock","9":"shipping-taxable","10":"product-type-simple"},"_links":{"self":[{"href":"https:\/\/uj.adatbank.ro\/lexikon\/wp-json\/wp\/v2\/product\/18772","targetHints":{"allow":["GET"]}}],"collection":[{"href":"https:\/\/uj.adatbank.ro\/lexikon\/wp-json\/wp\/v2\/product"}],"about":[{"href":"https:\/\/uj.adatbank.ro\/lexikon\/wp-json\/wp\/v2\/types\/product"}],"replies":[{"embeddable":true,"href":"https:\/\/uj.adatbank.ro\/lexikon\/wp-json\/wp\/v2\/comments?post=18772"}],"wp:attachment":[{"href":"https:\/\/uj.adatbank.ro\/lexikon\/wp-json\/wp\/v2\/media?parent=18772"}],"wp:term":[{"taxonomy":"product_brand","embeddable":true,"href":"https:\/\/uj.adatbank.ro\/lexikon\/wp-json\/wp\/v2\/product_brand?post=18772"},{"taxonomy":"product_cat","embeddable":true,"href":"https:\/\/uj.adatbank.ro\/lexikon\/wp-json\/wp\/v2\/product_cat?post=18772"},{"taxonomy":"product_tag","embeddable":true,"href":"https:\/\/uj.adatbank.ro\/lexikon\/wp-json\/wp\/v2\/product_tag?post=18772"}],"curies":[{"name":"wp","href":"https:\/\/api.w.org\/{rel}","templated":true}]}}