{"id":18773,"date":"2025-07-16T11:05:08","date_gmt":"2025-07-16T09:05:08","guid":{"rendered":"https:\/\/uj.adatbank.ro\/lexikon\/termek\/puia-ioan-2\/"},"modified":"2025-07-16T11:05:08","modified_gmt":"2025-07-16T09:05:08","slug":"puia-ioan-2","status":"publish","type":"product","link":"https:\/\/uj.adatbank.ro\/lexikon\/termek\/puia-ioan-2\/","title":{"rendered":"PUIA, Ioan"},"content":{"rendered":"<p>Cintos, 1923. szept. 4. \u2020\u00a0? 2003.: mez\u0151gazd\u00e1sz m\u00e9rn\u00f6k. \u2013 Tanult Bal\u00e1zsfalv\u00e1n, Kv.-on majd Buk,.ben a Mez\u0151gazdas\u00e1gi Int\u00e9zetben v\u00e9gzett (1950); doktor\u00e1lt (1960). A kv.i Mez\u0151gatdas\u00e1gi Int\u00e9zet gyakornoka (1949\u201352), professzora (1967\u2013), prorektor (1962\u201374), rektor (1981\u201391), a Biol\u00f3giai Kutat\u00f3k\u00f6zpont igazgat\u00f3ja (1981\u201391), igazgat\u00f3ja a kv.-i Didaktikai Kis\u00e9rleti \u00c1llom\u00e1snak (1974\u201384). Szerkeszt\u0151s\u00e9gi titk\u00e1r a Studii \u015fi Cercet\u0103ri de agronomie foly\u00f3iratn\u00e1l (1955\u201359), felel\u0151s szerkeszt\u0151je a Lucr\u0103ri \u015ftiin\u0163ifice \u00e9s a Buletinul Institutului Agronomic c kiadv\u00e1nyoknak.(1961\u201368) Tagja volt az Agr\u00e1rtudom\u00e1nyi Akad\u00e9mi\u00e1nak (1983\u201386), a Legel\u0151k Eur\u00f3pai Sz\u00f6vets\u00e9g\u00e9nben a D\u00e9lkelet-Eur\u00f3pai \u00e1llamok k\u00e9pvisel\u0151je (1978\u201390). Tudom\u00e1nyos dolgozatokkal vett r\u00e9szt hazai \u00e9s k\u00fclf\u00f6ldi \u00e9rtekezleteken, \u00e9s publik\u00e1lt szakfoly\u00f3iratokban. Kit\u00fcntet\u00e9sek: Munka\u00e9rdemrend, Tudom\u00e1nyos \u00c9rdemrend. \u2013 <strong>F. m.:<\/strong> Cultura verzei (Buc., 1953; Cultura paji\u015ftilor \u015fi a plantelor furajere (Buc., 1991): <strong>t\u00e1rssz.:<\/strong> Monografia trifoiului din Rom\u00e2nia (Buc., 1973); Producerea \u015fi p\u0103strarea furajelor (C. B\u0103rbulescu, C. Pavel-el, Buc., 1976, 1980); Elemente de agroecologie (1978); , Agroecosistemele \u015fi alimenta\u0163ia omenirii (Soran, Viorel-lel; Buc., 1981), Mediul rural \u015fi problema energiei (L. Gro\u015fan, V. Soran-al, Cluj-N., 1986); Elemente de ecologie uman\u0103 (1999). <br \/><strong>Irod.:<\/strong> Clujeni ai sec. XX; Fornade; Todea\u2013F\u00fcl\u00f6p\u2013Avram<\/br><\/p>\n","protected":false},"excerpt":{"rendered":"<p>Cintos, 1923. szept. 4. \u2020\u00a0? 2003.: mez\u0151gazd\u00e1sz m\u00e9rn\u00f6k. \u2013 Tanult Bal\u00e1zsfalv\u00e1n, Kv.-on majd Buk,.ben a Mez\u0151gazdas\u00e1gi Int\u00e9zetben v\u00e9gzett (1950); doktor\u00e1lt (1960). A kv.i Mez\u0151gatdas\u00e1gi Int\u00e9zet gyakornoka (1949\u201352), professzora (1967\u2013), prorektor (1962\u201374), rektor (1981\u201391), a Biol\u00f3giai Kutat\u00f3k\u00f6zpont igazgat\u00f3ja (1981\u201391), igazgat\u00f3ja a kv.-i Didaktikai Kis\u00e9rleti \u00c1llom\u00e1snak (1974\u201384). Szerkeszt\u0151s\u00e9gi titk\u00e1r a Studii \u015fi Cercet\u0103ri de agronomie foly\u00f3iratn\u00e1l (1955\u201359), [&hellip;]<\/p>\n","protected":false},"featured_media":0,"comment_status":"open","ping_status":"closed","template":"","meta":[],"product_brand":[],"product_cat":[137],"product_tag":[],"class_list":{"0":"post-18773","1":"product","2":"type-product","3":"status-publish","5":"product_cat-maros-megyei-eletrajzi-lexikon","7":"first","8":"instock","9":"shipping-taxable","10":"product-type-simple"},"_links":{"self":[{"href":"https:\/\/uj.adatbank.ro\/lexikon\/wp-json\/wp\/v2\/product\/18773","targetHints":{"allow":["GET"]}}],"collection":[{"href":"https:\/\/uj.adatbank.ro\/lexikon\/wp-json\/wp\/v2\/product"}],"about":[{"href":"https:\/\/uj.adatbank.ro\/lexikon\/wp-json\/wp\/v2\/types\/product"}],"replies":[{"embeddable":true,"href":"https:\/\/uj.adatbank.ro\/lexikon\/wp-json\/wp\/v2\/comments?post=18773"}],"wp:attachment":[{"href":"https:\/\/uj.adatbank.ro\/lexikon\/wp-json\/wp\/v2\/media?parent=18773"}],"wp:term":[{"taxonomy":"product_brand","embeddable":true,"href":"https:\/\/uj.adatbank.ro\/lexikon\/wp-json\/wp\/v2\/product_brand?post=18773"},{"taxonomy":"product_cat","embeddable":true,"href":"https:\/\/uj.adatbank.ro\/lexikon\/wp-json\/wp\/v2\/product_cat?post=18773"},{"taxonomy":"product_tag","embeddable":true,"href":"https:\/\/uj.adatbank.ro\/lexikon\/wp-json\/wp\/v2\/product_tag?post=18773"}],"curies":[{"name":"wp","href":"https:\/\/api.w.org\/{rel}","templated":true}]}}