{"id":18775,"date":"2025-07-16T11:05:15","date_gmt":"2025-07-16T09:05:15","guid":{"rendered":"https:\/\/uj.adatbank.ro\/lexikon\/termek\/puia-laurean\/"},"modified":"2025-07-16T11:05:15","modified_gmt":"2025-07-16T09:05:15","slug":"puia-laurean","status":"publish","type":"product","link":"https:\/\/uj.adatbank.ro\/lexikon\/termek\/puia-laurean\/","title":{"rendered":"PUIA, Laurean"},"content":{"rendered":"<p>Marosludas, 1894. aug. 5., \u2020 Bal\u00e1zsfalva, 1938. nov. 23.: tan\u00e1r. \u2013 Elemi iskol\u00e1t sz\u00fcl\u0151faluj\u00e1ban, k\u00f6z\u00e9piskol\u00e1t Mv.-en \u00e9s Bal\u00e1zsfalv\u00e1n v\u00e9gezte (1913), ahol teol\u00f3gi\u00e1t is tanult. Tan\u00edt\u00f3 Kisiklnadon (1917), Buk.-i egyetemen t\u00f6rt\u00e9nelem f\u00f6ldrajz szakot v\u00e9gez (1921), Bal\u00e1zsfalv\u00e1n tan\u00edtott korai hal\u00e1l\u00e1ig. <br \/><strong>Irod.:<\/strong> Com\u015fa\u2013Seiceanu; \u015eerban 2006; Todea 2013<\/br><\/p>\n","protected":false},"excerpt":{"rendered":"<p>Marosludas, 1894. aug. 5., \u2020 Bal\u00e1zsfalva, 1938. nov. 23.: tan\u00e1r. \u2013 Elemi iskol\u00e1t sz\u00fcl\u0151faluj\u00e1ban, k\u00f6z\u00e9piskol\u00e1t Mv.-en \u00e9s Bal\u00e1zsfalv\u00e1n v\u00e9gezte (1913), ahol teol\u00f3gi\u00e1t is tanult. Tan\u00edt\u00f3 Kisiklnadon (1917), Buk.-i egyetemen t\u00f6rt\u00e9nelem f\u00f6ldrajz szakot v\u00e9gez (1921), Bal\u00e1zsfalv\u00e1n tan\u00edtott korai hal\u00e1l\u00e1ig. Irod.: Com\u015fa\u2013Seiceanu; \u015eerban 2006; Todea 2013<\/p>\n","protected":false},"featured_media":0,"comment_status":"open","ping_status":"closed","template":"","meta":[],"product_brand":[],"product_cat":[137],"product_tag":[],"class_list":{"0":"post-18775","1":"product","2":"type-product","3":"status-publish","5":"product_cat-maros-megyei-eletrajzi-lexikon","7":"first","8":"instock","9":"shipping-taxable","10":"product-type-simple"},"_links":{"self":[{"href":"https:\/\/uj.adatbank.ro\/lexikon\/wp-json\/wp\/v2\/product\/18775","targetHints":{"allow":["GET"]}}],"collection":[{"href":"https:\/\/uj.adatbank.ro\/lexikon\/wp-json\/wp\/v2\/product"}],"about":[{"href":"https:\/\/uj.adatbank.ro\/lexikon\/wp-json\/wp\/v2\/types\/product"}],"replies":[{"embeddable":true,"href":"https:\/\/uj.adatbank.ro\/lexikon\/wp-json\/wp\/v2\/comments?post=18775"}],"wp:attachment":[{"href":"https:\/\/uj.adatbank.ro\/lexikon\/wp-json\/wp\/v2\/media?parent=18775"}],"wp:term":[{"taxonomy":"product_brand","embeddable":true,"href":"https:\/\/uj.adatbank.ro\/lexikon\/wp-json\/wp\/v2\/product_brand?post=18775"},{"taxonomy":"product_cat","embeddable":true,"href":"https:\/\/uj.adatbank.ro\/lexikon\/wp-json\/wp\/v2\/product_cat?post=18775"},{"taxonomy":"product_tag","embeddable":true,"href":"https:\/\/uj.adatbank.ro\/lexikon\/wp-json\/wp\/v2\/product_tag?post=18775"}],"curies":[{"name":"wp","href":"https:\/\/api.w.org\/{rel}","templated":true}]}}