{"id":18777,"date":"2025-07-16T11:05:21","date_gmt":"2025-07-16T09:05:21","guid":{"rendered":"https:\/\/uj.adatbank.ro\/lexikon\/termek\/pujan-laszlo\/"},"modified":"2025-07-16T11:05:21","modified_gmt":"2025-07-16T09:05:21","slug":"pujan-laszlo","status":"publish","type":"product","link":"https:\/\/uj.adatbank.ro\/lexikon\/termek\/pujan-laszlo\/","title":{"rendered":"PUJ\u00c1N L\u00e1szl\u00f3"},"content":{"rendered":"<p>Mv., 1899 \u2020 ?: m\u00e9rn\u00f6k. \u2013 Apja sz\u00e1zados volt. Pozsonyban katonai re\u00e1liskol\u00e1ban, majd B\u00e9csben a Hadm\u00e9rn\u00f6ki Akad-t v\u00e9gzett (1916\u201318), beiratkoz\u00e1sakor 17 \u00e9ves. <br \/><strong>Irod.:<\/strong> Chiorean 2008, Szab\u00f3\u2013Simon\u2013Sz\u00f6gi<\/br><\/p>\n","protected":false},"excerpt":{"rendered":"<p>Mv., 1899 \u2020 ?: m\u00e9rn\u00f6k. \u2013 Apja sz\u00e1zados volt. Pozsonyban katonai re\u00e1liskol\u00e1ban, majd B\u00e9csben a Hadm\u00e9rn\u00f6ki Akad-t v\u00e9gzett (1916\u201318), beiratkoz\u00e1sakor 17 \u00e9ves. Irod.: Chiorean 2008, Szab\u00f3\u2013Simon\u2013Sz\u00f6gi<\/p>\n","protected":false},"featured_media":0,"comment_status":"open","ping_status":"closed","template":"","meta":[],"product_brand":[],"product_cat":[137],"product_tag":[],"class_list":{"0":"post-18777","1":"product","2":"type-product","3":"status-publish","5":"product_cat-maros-megyei-eletrajzi-lexikon","7":"first","8":"instock","9":"shipping-taxable","10":"product-type-simple"},"_links":{"self":[{"href":"https:\/\/uj.adatbank.ro\/lexikon\/wp-json\/wp\/v2\/product\/18777","targetHints":{"allow":["GET"]}}],"collection":[{"href":"https:\/\/uj.adatbank.ro\/lexikon\/wp-json\/wp\/v2\/product"}],"about":[{"href":"https:\/\/uj.adatbank.ro\/lexikon\/wp-json\/wp\/v2\/types\/product"}],"replies":[{"embeddable":true,"href":"https:\/\/uj.adatbank.ro\/lexikon\/wp-json\/wp\/v2\/comments?post=18777"}],"wp:attachment":[{"href":"https:\/\/uj.adatbank.ro\/lexikon\/wp-json\/wp\/v2\/media?parent=18777"}],"wp:term":[{"taxonomy":"product_brand","embeddable":true,"href":"https:\/\/uj.adatbank.ro\/lexikon\/wp-json\/wp\/v2\/product_brand?post=18777"},{"taxonomy":"product_cat","embeddable":true,"href":"https:\/\/uj.adatbank.ro\/lexikon\/wp-json\/wp\/v2\/product_cat?post=18777"},{"taxonomy":"product_tag","embeddable":true,"href":"https:\/\/uj.adatbank.ro\/lexikon\/wp-json\/wp\/v2\/product_tag?post=18777"}],"curies":[{"name":"wp","href":"https:\/\/api.w.org\/{rel}","templated":true}]}}