{"id":18779,"date":"2025-07-16T11:05:24","date_gmt":"2025-07-16T09:05:24","guid":{"rendered":"https:\/\/uj.adatbank.ro\/lexikon\/termek\/puky-endre-bizaki\/"},"modified":"2025-07-16T11:05:24","modified_gmt":"2025-07-16T09:05:24","slug":"puky-endre-bizaki","status":"publish","type":"product","link":"https:\/\/uj.adatbank.ro\/lexikon\/termek\/puky-endre-bizaki\/","title":{"rendered":"PUKY Endre, biz\u00e1ki"},"content":{"rendered":"<p>Kassa, 1871. febr. 20., \u2020 Szov\u00e1taf\u00fcrd\u0151, 1941. j\u00fal. 20.: politikus. \u2013 A fels\u0151h\u00e1z tagja (1933\u201341). M. kir. titkos ta\u00adn\u00e1csos (1936). \u2013 A bp.-i \u00e9s a b\u00e9csi egy.-en jo\u00adgot tanult, a kv.-i egy.-en \u00e1llamtud, dok\u00adtori oklevelet szerzett. Tanulm\u00e1nyai befejez\u00e9\u00adse ut\u00e1n B\u00e9csben a k\u00f6z\u00f6s P\u00e9nz\u00fcgymin. Bosznia \u00e9s Hercegovina \u00fcgyeivel foglalkoz\u00f3 oszt\u00e1\u00adly\u00e1n, majd Hajd\u00fa vm., ut\u00f3bb Kassa k\u00f6zigazga\u00adt\u00e1si appar\u00e1tus\u00e1ban tisztvisel\u0151 volt. A M. Agr\u00e1r- \u00e9s J\u00e1rad\u00e9kbank Rt. eln\u00f6ki, majd vez\u00e9rtitk\u00e1ra (1896\u20131902). Aba\u00faj-Torna vm. F\u0151jegyz\u0151je (1902\u201306); r\u00e9szt vett a br. Fej\u00e9rv\u00e1ry G\u00e9za korm\u00e1ny\u00e1val szembeni \u00fan. nemzeti ellen\u00e1ll\u00e1s szervez\u00e9s\u00e9ben, ami\u00e9rt r\u00f6vid id\u0151re \u00e1ll\u00e1s\u00e1b\u00f3l is felf\u00fcggesztett\u00e9k. Aba\u00faj-Torna vm. Alisp\u00e1nja (1906\u201318), a csehszlov\u00e1k csa\u00adpatok bevonul\u00e1sakor tiszts\u00e9g\u00e9b\u0151l t\u00e1vozni k\u00e9nyszer\u00fclt (1918 v\u00e9g\u00e9n), Kass\u00e1r\u00f3l Miskolcra k\u00f6lt\u00f6z\u00f6tt (1920) saj\u00e1t k\u00e9r\u00e9\u00ads\u00e9re nyugd\u00edjazt\u00e1k. A M.-Olasz Bank miskolci fi\u00f3kj\u00e1nak eln\u00f6ke (1920\u201322), Aba\u00faj-Torna vm. \u00e9s Miskolc v\u00e1ros f\u0151is\u00adp\u00e1nja (1922\u201324), a korm\u00e1nyz\u00f3 Egys\u00e9ges P\u00e1rt (1924\u2013), ogy. k\u00e9pvisel\u0151je (1927\u201333). A ngy. (1926. okt. -nov.), a k\u00e9pvisel\u0151h\u00e1z aleln\u00f6ke (1927. jan. \u20131932. okt.). G\u00f6mb\u00f6s Gyula korm\u00e1ny\u00e1ban k\u00fcl\u00fcgymin (1932. okt. 1.\u20131933. jan. 7), a K\u00f6zigazgat\u00e1si B\u00edr\u00f3s\u00e1g eln\u00f6ke volt (1933. jan.\u20131941. jan.). \u2013 <strong>F. m.:<\/strong> Reform\u00e1tus egy\u00adh\u00e1zunk probl\u00e9m\u00e1i (S\u00e1rospatak, 1922). <br \/><strong>Irod.:<\/strong> \u00daM\u00c9L<\/br><\/p>\n","protected":false},"excerpt":{"rendered":"<p>Kassa, 1871. febr. 20., \u2020 Szov\u00e1taf\u00fcrd\u0151, 1941. j\u00fal. 20.: politikus. \u2013 A fels\u0151h\u00e1z tagja (1933\u201341). M. kir. titkos ta\u00adn\u00e1csos (1936). \u2013 A bp.-i \u00e9s a b\u00e9csi egy.-en jo\u00adgot tanult, a kv.-i egy.-en \u00e1llamtud, dok\u00adtori oklevelet szerzett. Tanulm\u00e1nyai befejez\u00e9\u00adse ut\u00e1n B\u00e9csben a k\u00f6z\u00f6s P\u00e9nz\u00fcgymin. Bosznia \u00e9s Hercegovina \u00fcgyeivel foglalkoz\u00f3 oszt\u00e1\u00adly\u00e1n, majd Hajd\u00fa vm., ut\u00f3bb Kassa k\u00f6zigazga\u00adt\u00e1si [&hellip;]<\/p>\n","protected":false},"featured_media":0,"comment_status":"open","ping_status":"closed","template":"","meta":[],"product_brand":[],"product_cat":[137],"product_tag":[],"class_list":{"0":"post-18779","1":"product","2":"type-product","3":"status-publish","5":"product_cat-maros-megyei-eletrajzi-lexikon","7":"first","8":"instock","9":"shipping-taxable","10":"product-type-simple"},"_links":{"self":[{"href":"https:\/\/uj.adatbank.ro\/lexikon\/wp-json\/wp\/v2\/product\/18779","targetHints":{"allow":["GET"]}}],"collection":[{"href":"https:\/\/uj.adatbank.ro\/lexikon\/wp-json\/wp\/v2\/product"}],"about":[{"href":"https:\/\/uj.adatbank.ro\/lexikon\/wp-json\/wp\/v2\/types\/product"}],"replies":[{"embeddable":true,"href":"https:\/\/uj.adatbank.ro\/lexikon\/wp-json\/wp\/v2\/comments?post=18779"}],"wp:attachment":[{"href":"https:\/\/uj.adatbank.ro\/lexikon\/wp-json\/wp\/v2\/media?parent=18779"}],"wp:term":[{"taxonomy":"product_brand","embeddable":true,"href":"https:\/\/uj.adatbank.ro\/lexikon\/wp-json\/wp\/v2\/product_brand?post=18779"},{"taxonomy":"product_cat","embeddable":true,"href":"https:\/\/uj.adatbank.ro\/lexikon\/wp-json\/wp\/v2\/product_cat?post=18779"},{"taxonomy":"product_tag","embeddable":true,"href":"https:\/\/uj.adatbank.ro\/lexikon\/wp-json\/wp\/v2\/product_tag?post=18779"}],"curies":[{"name":"wp","href":"https:\/\/api.w.org\/{rel}","templated":true}]}}