{"id":18782,"date":"2025-07-16T11:05:32","date_gmt":"2025-07-16T09:05:32","guid":{"rendered":"https:\/\/uj.adatbank.ro\/lexikon\/termek\/pungur-gyula-alnevei-sirius-boloni-tamas\/"},"modified":"2025-07-16T11:05:32","modified_gmt":"2025-07-16T09:05:32","slug":"pungur-gyula-alnevei-sirius-boloni-tamas","status":"publish","type":"product","link":"https:\/\/uj.adatbank.ro\/lexikon\/termek\/pungur-gyula-alnevei-sirius-boloni-tamas\/","title":{"rendered":"PUNGUR Gyula; \u00e1lnevei: Sirius; B\u00f6l\u00f6ni Tam\u00e1s"},"content":{"rendered":"<p>Erd\u0151szengyel, 1843. m\u00e1j. 24., vagy Bp., a gy\u00e1szjelent. szerint \u2020 Zelenika (Dalm\u00e1cia), 1907. m\u00e1j. 1.: tan\u00e1r, ornitol\u00f3gus, entomol\u00f3gus, ref. lelk\u00e9sz. \u2013 P. Benjamin (\u2020 1873.?) \u00e9s Nagy Krisztina (1825.? \u2013 Mv., 1875. febr. 20) fia. Feles\u00e9ge: Schimmel Gabriella. Le\u00e1nyuk: P. Gabriella. \u2013 Sz\u00fcleivel Mv.-re k\u00f6lt\u00f6z\u00f6tt, ahol vend\u00e9gl\u0151t nyitottak. A mv.-i ref. gimn.-ban ta\u00adnult (1850\u2013), majd egy \u00e9vet el\u0151k\u00e9sz\u00edt\u0151re j\u00e1rt \u00e9s k\u00e9t\u00e9ves jogi tanfolyamot v\u00e9gzett. A nagyenyedi ref. f\u0151isk.-n teol\u00f3gi\u00e1t tanult (1863\u2013), a mv.-i ref. f\u0151isk.-n\u00e1l k\u00f6zta\u00adn\u00edt\u00f3 (1865\u201366), lelk\u00e9szi vizsg\u00e1t tett (1866). A marburgi egy. Hittudom\u00e1nyi Kar\u00e1nak hallgat\u00f3ja (1866\u201367), majd a Raj\u00adna-ment\u00e9n, Franciao.-ban \u00e9s a D-n\u00e9met \u00e1lla\u00admokban tett utaz\u00e1s\u00e1t k\u00f6vet\u0151en, ha\u00adzat\u00e9rt (1867 v\u00e9g\u00e9n). Mez\u0151z\u00e1hon Ugron S\u00e1ndor f\u00f6ldbirtokos gyermekei mellett nevel\u0151 (1868\u201370). Ekkor ismerkedett meg Herm\u00e1n Ott\u00f3val, akinek \u00f6sz\u00adt\u00f6nz\u00e9s\u00e9re term\u00e9szetrajzi tanulm\u00e1nyokkal kezdett foglalkozni. Szil\u00e1gynagyfalusi lelk\u00e9sz (1870. dec.\u2013), a zilahi polg\u00e1ri isk. tan\u00e1ra (1877. nov.\u2013), a bp.-i Orsz. M. Ornitol\u00f3giai K\u00f6zpontban Herm\u00e1n Ott\u00f3 munkat\u00e1rsa (1896\u2013), majd az int\u00e9zm\u00e9ny titk\u00e1ra vol (1906\u2013). Megromlott eg\u00e9sz\u00ads\u00e9ge helyre\u00e1ll\u00edt\u00e1sa \u00e9rdek\u00e9ben Dalm\u00e1ci\u00e1ba uta\u00adzott, ahol v\u00e1ratlanul meghalt. F\u0151 kutat\u00e1si ter\u00fc\u00adlete az \u00e9lettan volt. Sz\u00e9pirodalommal is foglal\u00adkozott. Sz\u00e1mos cikke, elbesz\u00e9l\u00e9se \u00e9s sz\u00ednm\u0171ve jelent meg lapokban \u00e9s foly\u00f3iratokban : Hasznos Mulattat\u00f3, F\u00f6v\u00e1rosi Lapok, A Term\u00e9szet, Sz\u00fcnid\u0151, M. Polg\u00e1rm M. T. Akad\u00e9mia \u00c9rtes\u00edt\u0151je, Rovartani Lapok, Mathem. U. Natirw. Bericht, Orvos- Term\u00e9szettudom\u00e1nyi \u00c9rtes\u00edt\u0151-ben. Befe\u00adjezetlen\u00fcl maradt munk\u00e1j\u00e1t (M. \u00e1llatnevek sz\u00f3t\u00e1ra) a Mad\u00e1rtani Int. \u0151rzi.. \u2013 <strong>F. m.:<\/strong> A magyarorsz\u00e1gi t\u00fc\u00adcs\u00f6kf\u00e9l\u00e9k felsz\u00e1rnyai (Term\u00e9szetrajzi F\u00fcz., 1877); Gy\u00fcm\u00f6lcseink ellens\u00e9gei (Zilahi pol\u00adg\u00e1ri isk. \u00c9rt., 1879); Adatok egy kev\u00e9sb\u00e9 is\u00admert sz\u00f6cskefaj term\u00e9szetrajz\u00e1hoz (Rovartani L., 1886); A magyarorsz\u00e1gi t\u00fccs\u00f6kf\u00e9le term\u00e9\u00adszetrajza (Bp., 1891); Szil\u00e1gyv\u00e1rmegye or-thopter\u00e1i (Orvos-Term\u00e9szettud. \u00c9rt., 1891); Orthoptera [latinul]; A M. Birodalom \u00e1llatvi\u00adl\u00e1ga [Fauna Regni Hungariae]. Bp., 1900). &#8211;<br \/><strong>Irod.:<\/strong> Daday; Gy\u00e1szjelent\u0151; Szil\u00e1dy Zolt\u00e1n: Die Geschichte der Zoologie in Ungarn (Debrecen, 1927); Szab\u00f3\u2013Simon\u2013Sz\u00f6gi, Szinnyei; Todea\u2013F\u00fcl\u00f6p\u2013Avram; \u00daM\u00c9L<\/br><\/p>\n","protected":false},"excerpt":{"rendered":"<p>Erd\u0151szengyel, 1843. m\u00e1j. 24., vagy Bp., a gy\u00e1szjelent. szerint \u2020 Zelenika (Dalm\u00e1cia), 1907. m\u00e1j. 1.: tan\u00e1r, ornitol\u00f3gus, entomol\u00f3gus, ref. lelk\u00e9sz. \u2013 P. Benjamin (\u2020 1873.?) \u00e9s Nagy Krisztina (1825.? \u2013 Mv., 1875. febr. 20) fia. Feles\u00e9ge: Schimmel Gabriella. Le\u00e1nyuk: P. Gabriella. \u2013 Sz\u00fcleivel Mv.-re k\u00f6lt\u00f6z\u00f6tt, ahol vend\u00e9gl\u0151t nyitottak. A mv.-i ref. gimn.-ban ta\u00adnult (1850\u2013), majd [&hellip;]<\/p>\n","protected":false},"featured_media":0,"comment_status":"open","ping_status":"closed","template":"","meta":[],"product_brand":[],"product_cat":[137],"product_tag":[],"class_list":{"0":"post-18782","1":"product","2":"type-product","3":"status-publish","5":"product_cat-maros-megyei-eletrajzi-lexikon","7":"first","8":"instock","9":"shipping-taxable","10":"product-type-simple"},"_links":{"self":[{"href":"https:\/\/uj.adatbank.ro\/lexikon\/wp-json\/wp\/v2\/product\/18782","targetHints":{"allow":["GET"]}}],"collection":[{"href":"https:\/\/uj.adatbank.ro\/lexikon\/wp-json\/wp\/v2\/product"}],"about":[{"href":"https:\/\/uj.adatbank.ro\/lexikon\/wp-json\/wp\/v2\/types\/product"}],"replies":[{"embeddable":true,"href":"https:\/\/uj.adatbank.ro\/lexikon\/wp-json\/wp\/v2\/comments?post=18782"}],"wp:attachment":[{"href":"https:\/\/uj.adatbank.ro\/lexikon\/wp-json\/wp\/v2\/media?parent=18782"}],"wp:term":[{"taxonomy":"product_brand","embeddable":true,"href":"https:\/\/uj.adatbank.ro\/lexikon\/wp-json\/wp\/v2\/product_brand?post=18782"},{"taxonomy":"product_cat","embeddable":true,"href":"https:\/\/uj.adatbank.ro\/lexikon\/wp-json\/wp\/v2\/product_cat?post=18782"},{"taxonomy":"product_tag","embeddable":true,"href":"https:\/\/uj.adatbank.ro\/lexikon\/wp-json\/wp\/v2\/product_tag?post=18782"}],"curies":[{"name":"wp","href":"https:\/\/api.w.org\/{rel}","templated":true}]}}