{"id":18784,"date":"2025-07-16T11:05:37","date_gmt":"2025-07-16T09:05:37","guid":{"rendered":"https:\/\/uj.adatbank.ro\/lexikon\/termek\/puni-dumitru-%c2%a7\/"},"modified":"2025-07-16T11:05:37","modified_gmt":"2025-07-16T09:05:37","slug":"puni-dumitru-%c2%a7","status":"publish","type":"product","link":"https:\/\/uj.adatbank.ro\/lexikon\/termek\/puni-dumitru-%c2%a7\/","title":{"rendered":"PUNI, Dumitru, \u00a7"},"content":{"rendered":"<p>Marosszentanna, 1922., \u2020 Mv., 1964. m\u00e1rc. 31.: g\u00e9plakatos, p\u00e1rttitk\u00e1r, k\u00e9pvisel\u0151, n\u00e9ptan\u00e1cs eln\u00f6k. \u2013 K\u00fcl\u00f6nb\u00f6z\u0151 v\u00e1llalatokn\u00e1l dolgozott, tagja lett a RKP-nak (1944 ut\u00e1n), felel\u0151s beoszt\u00e1sokban dolgozott a p\u00e1rt- \u00e9s \u00e1llami appar\u00e1tusban (1947\u2013) a RMP MMAT-i p\u00e1rtbizotts\u00e1g titk\u00e1ra (1960\u2013), b\u00fcr\u00f3j\u00e1nak tagja, k\u00e9pvisel\u0151 a Nagy Nemzetgy\u0171l\u00e9sben (1960\u201362); a MMAT N\u00e9ptan\u00e1csa VB-nak eln\u00f6ke (1962\u201364). Kit\u00fcntatt\u00e9k a RNK \u00e9rdemrendjeivel \u00e9s \u00e9rdem\u00e9rmeivel. <br \/><strong>Irod.:<\/strong> Bartos 2012; Cri\u015fan; D. P.[Nekrol\u00f3g] (V. Z., 1964. \u00e1pr. 1.; St. r., 1 apr. 1964)<\/br><\/p>\n","protected":false},"excerpt":{"rendered":"<p>Marosszentanna, 1922., \u2020 Mv., 1964. m\u00e1rc. 31.: g\u00e9plakatos, p\u00e1rttitk\u00e1r, k\u00e9pvisel\u0151, n\u00e9ptan\u00e1cs eln\u00f6k. \u2013 K\u00fcl\u00f6nb\u00f6z\u0151 v\u00e1llalatokn\u00e1l dolgozott, tagja lett a RKP-nak (1944 ut\u00e1n), felel\u0151s beoszt\u00e1sokban dolgozott a p\u00e1rt- \u00e9s \u00e1llami appar\u00e1tusban (1947\u2013) a RMP MMAT-i p\u00e1rtbizotts\u00e1g titk\u00e1ra (1960\u2013), b\u00fcr\u00f3j\u00e1nak tagja, k\u00e9pvisel\u0151 a Nagy Nemzetgy\u0171l\u00e9sben (1960\u201362); a MMAT N\u00e9ptan\u00e1csa VB-nak eln\u00f6ke (1962\u201364). Kit\u00fcntatt\u00e9k a RNK \u00e9rdemrendjeivel \u00e9s [&hellip;]<\/p>\n","protected":false},"featured_media":0,"comment_status":"open","ping_status":"closed","template":"","meta":[],"product_brand":[],"product_cat":[137],"product_tag":[],"class_list":{"0":"post-18784","1":"product","2":"type-product","3":"status-publish","5":"product_cat-maros-megyei-eletrajzi-lexikon","7":"first","8":"instock","9":"shipping-taxable","10":"product-type-simple"},"_links":{"self":[{"href":"https:\/\/uj.adatbank.ro\/lexikon\/wp-json\/wp\/v2\/product\/18784","targetHints":{"allow":["GET"]}}],"collection":[{"href":"https:\/\/uj.adatbank.ro\/lexikon\/wp-json\/wp\/v2\/product"}],"about":[{"href":"https:\/\/uj.adatbank.ro\/lexikon\/wp-json\/wp\/v2\/types\/product"}],"replies":[{"embeddable":true,"href":"https:\/\/uj.adatbank.ro\/lexikon\/wp-json\/wp\/v2\/comments?post=18784"}],"wp:attachment":[{"href":"https:\/\/uj.adatbank.ro\/lexikon\/wp-json\/wp\/v2\/media?parent=18784"}],"wp:term":[{"taxonomy":"product_brand","embeddable":true,"href":"https:\/\/uj.adatbank.ro\/lexikon\/wp-json\/wp\/v2\/product_brand?post=18784"},{"taxonomy":"product_cat","embeddable":true,"href":"https:\/\/uj.adatbank.ro\/lexikon\/wp-json\/wp\/v2\/product_cat?post=18784"},{"taxonomy":"product_tag","embeddable":true,"href":"https:\/\/uj.adatbank.ro\/lexikon\/wp-json\/wp\/v2\/product_tag?post=18784"}],"curies":[{"name":"wp","href":"https:\/\/api.w.org\/{rel}","templated":true}]}}