{"id":18785,"date":"2025-07-16T11:05:39","date_gmt":"2025-07-16T09:05:39","guid":{"rendered":"https:\/\/uj.adatbank.ro\/lexikon\/termek\/puni-emil\/"},"modified":"2025-07-16T11:05:39","modified_gmt":"2025-07-16T09:05:39","slug":"puni-emil","status":"publish","type":"product","link":"https:\/\/uj.adatbank.ro\/lexikon\/termek\/puni-emil\/","title":{"rendered":"PUNI Emil"},"content":{"rendered":"<p>Mez\u0151m\u00e9nes, Marosb\u00e1rdos, 1916. aug. 23., \u2020\u00a0Deva, 2008. m\u00e1rc. 4\/5.: jezsuita pap. \u2013 A k\u00f6z\u00e9piskol\u00e1t Mv.-en v\u00e9gezte a Papiu Ilarian Liceumban, a teol\u00f3giai akad\u00e9mi\u00e1t Bal\u00e1zsfalv\u00e1n (1934\u201336). Bel\u00e9pett a jezsuita rend Totesd-i kolostor\u00e1ba (Hunyad m) Teol\u00f3giai \u00e9s filoz\u00f3fiai tanulm\u00e1nyokat folytatott Hollandi\u00e1ban (1938\u201345), papp\u00e1 szentelt\u00e9k (1943), majd 5 \u00e9vet Belgiumban t\u00f6lt\u00f6tt tov\u00e1bbi tanul\u00e1ssal, doktor\u00e1lt Rom\u00e1ban (1947).Vall\u00e1stan\u00e1r Buk.-ben a jezsuit\u00e1kn\u00e1l (1947\u201350), \u00e9s egy g. kat liceumban. Mivel nem mondott le a hit\u00e9r\u0151l \u00e9s nem szak\u00edtott a kat. egyh\u00e1zzal letart\u00f3ztatt\u00e1k, el\u00edt\u00e9lt\u00e9k, politikai fogolyk\u00e9nt k\u00e9nyszermunkat\u00e1borban dolgozott a Duna-csatorn\u00e1n\u00e1l (1951\u201355). Az illegalit\u00e1sban m\u0171k\u00f6d\u0151 jezsuit\u00e1k rendf\u0151n\u00f6k helyettese (1958), majd rendf\u0151n\u00f6ke (1967\u201395). A rendszerv\u00e1lt\u00e1s ut\u00e1n a pl\u00e9b\u00e1ni\u00e1k \u00e9s szerzetes rendek \u00fajj\u00e1szervez\u00e9s\u00e9n f\u00e1radozott, kinevezt\u00e9k a lugosi \u00e9rseks\u00e9g vik\u00e1rius\u00e1v\u00e1. Megszervezte a R. Kat. Orvosok Sz\u00f6vets\u00e9g\u00e9t, kezdem\u00e9nyezte a Vall\u00e1si Int\u00e9zm\u00e9nyvezet\u0151k Konferenci\u00e1j\u00e1nak l\u00e9tes\u00edt\u00e9s\u00e9t, vissza\u00e1ll\u00edtotta az Apostoli Im\u00e1ds\u00e1g k\u00fcldet\u00e9s\u00e9t, Lugoson fel\u00e9p\u00edtette a Szepl\u0151telen Sz\u0171zanya templomot, oda is temett\u00e9k. <br \/><strong>Irod.:<\/strong> Cri\u015fan; Razba: Personalit. Hunedorene (Deva, 2000); Todea 2013<\/br><\/p>\n","protected":false},"excerpt":{"rendered":"<p>Mez\u0151m\u00e9nes, Marosb\u00e1rdos, 1916. aug. 23., \u2020\u00a0Deva, 2008. m\u00e1rc. 4\/5.: jezsuita pap. \u2013 A k\u00f6z\u00e9piskol\u00e1t Mv.-en v\u00e9gezte a Papiu Ilarian Liceumban, a teol\u00f3giai akad\u00e9mi\u00e1t Bal\u00e1zsfalv\u00e1n (1934\u201336). Bel\u00e9pett a jezsuita rend Totesd-i kolostor\u00e1ba (Hunyad m) Teol\u00f3giai \u00e9s filoz\u00f3fiai tanulm\u00e1nyokat folytatott Hollandi\u00e1ban (1938\u201345), papp\u00e1 szentelt\u00e9k (1943), majd 5 \u00e9vet Belgiumban t\u00f6lt\u00f6tt tov\u00e1bbi tanul\u00e1ssal, doktor\u00e1lt Rom\u00e1ban (1947).Vall\u00e1stan\u00e1r Buk.-ben a [&hellip;]<\/p>\n","protected":false},"featured_media":0,"comment_status":"open","ping_status":"closed","template":"","meta":[],"product_brand":[],"product_cat":[137],"product_tag":[],"class_list":{"0":"post-18785","1":"product","2":"type-product","3":"status-publish","5":"product_cat-maros-megyei-eletrajzi-lexikon","7":"first","8":"instock","9":"shipping-taxable","10":"product-type-simple"},"_links":{"self":[{"href":"https:\/\/uj.adatbank.ro\/lexikon\/wp-json\/wp\/v2\/product\/18785","targetHints":{"allow":["GET"]}}],"collection":[{"href":"https:\/\/uj.adatbank.ro\/lexikon\/wp-json\/wp\/v2\/product"}],"about":[{"href":"https:\/\/uj.adatbank.ro\/lexikon\/wp-json\/wp\/v2\/types\/product"}],"replies":[{"embeddable":true,"href":"https:\/\/uj.adatbank.ro\/lexikon\/wp-json\/wp\/v2\/comments?post=18785"}],"wp:attachment":[{"href":"https:\/\/uj.adatbank.ro\/lexikon\/wp-json\/wp\/v2\/media?parent=18785"}],"wp:term":[{"taxonomy":"product_brand","embeddable":true,"href":"https:\/\/uj.adatbank.ro\/lexikon\/wp-json\/wp\/v2\/product_brand?post=18785"},{"taxonomy":"product_cat","embeddable":true,"href":"https:\/\/uj.adatbank.ro\/lexikon\/wp-json\/wp\/v2\/product_cat?post=18785"},{"taxonomy":"product_tag","embeddable":true,"href":"https:\/\/uj.adatbank.ro\/lexikon\/wp-json\/wp\/v2\/product_tag?post=18785"}],"curies":[{"name":"wp","href":"https:\/\/api.w.org\/{rel}","templated":true}]}}