{"id":18786,"date":"2025-07-16T11:05:40","date_gmt":"2025-07-16T09:05:40","guid":{"rendered":"https:\/\/uj.adatbank.ro\/lexikon\/termek\/puni-julia-%c2%a7\/"},"modified":"2025-07-16T11:05:40","modified_gmt":"2025-07-16T09:05:40","slug":"puni-julia-%c2%a7","status":"publish","type":"product","link":"https:\/\/uj.adatbank.ro\/lexikon\/termek\/puni-julia-%c2%a7\/","title":{"rendered":"PUNI J\u00falia, \u00a7"},"content":{"rendered":"<p>Sz\u00e1szr\u00e9gen, 1927., \u2020\u00a0?: opera\u00e9nekesn\u0151. \u2013 Kv.-on v\u00e9gzett a Gh. Dima Zenekonzervat\u00f3riumban (1953), de m\u00e1r fell\u00e9pett a kv.-i M. Oper\u00e1ban (1950\u2013) Erkel: Hunyadi L\u00e1szl\u00f3 c. oper\u00e1j\u00e1ban. P\u00e1ly\u00e1ja sor\u00e1n 1200 el\u0151ad\u00e1son 38 opera \u00e9s operett szerepet alak\u00edtott. N\u00e9meto.-ba k\u00f6lt\u00f6z\u00f6tt. A buk.-i VIT-en III. D\u00edjat nyert (1953). <br \/><strong>Irod.:<\/strong> Clujeni ai sec. 20.; Katona Szab\u00f3 Istv\u00e1n: Az \u00daj \u00c9let lexikona, 119. (\u00daj \u00c9let, 12. sz., 1975); MSZL<\/br><\/p>\n","protected":false},"excerpt":{"rendered":"<p>Sz\u00e1szr\u00e9gen, 1927., \u2020\u00a0?: opera\u00e9nekesn\u0151. \u2013 Kv.-on v\u00e9gzett a Gh. Dima Zenekonzervat\u00f3riumban (1953), de m\u00e1r fell\u00e9pett a kv.-i M. Oper\u00e1ban (1950\u2013) Erkel: Hunyadi L\u00e1szl\u00f3 c. oper\u00e1j\u00e1ban. P\u00e1ly\u00e1ja sor\u00e1n 1200 el\u0151ad\u00e1son 38 opera \u00e9s operett szerepet alak\u00edtott. N\u00e9meto.-ba k\u00f6lt\u00f6z\u00f6tt. A buk.-i VIT-en III. D\u00edjat nyert (1953). Irod.: Clujeni ai sec. 20.; Katona Szab\u00f3 Istv\u00e1n: Az \u00daj \u00c9let [&hellip;]<\/p>\n","protected":false},"featured_media":0,"comment_status":"open","ping_status":"closed","template":"","meta":[],"product_brand":[],"product_cat":[137],"product_tag":[],"class_list":{"0":"post-18786","1":"product","2":"type-product","3":"status-publish","5":"product_cat-maros-megyei-eletrajzi-lexikon","7":"first","8":"instock","9":"shipping-taxable","10":"product-type-simple"},"_links":{"self":[{"href":"https:\/\/uj.adatbank.ro\/lexikon\/wp-json\/wp\/v2\/product\/18786","targetHints":{"allow":["GET"]}}],"collection":[{"href":"https:\/\/uj.adatbank.ro\/lexikon\/wp-json\/wp\/v2\/product"}],"about":[{"href":"https:\/\/uj.adatbank.ro\/lexikon\/wp-json\/wp\/v2\/types\/product"}],"replies":[{"embeddable":true,"href":"https:\/\/uj.adatbank.ro\/lexikon\/wp-json\/wp\/v2\/comments?post=18786"}],"wp:attachment":[{"href":"https:\/\/uj.adatbank.ro\/lexikon\/wp-json\/wp\/v2\/media?parent=18786"}],"wp:term":[{"taxonomy":"product_brand","embeddable":true,"href":"https:\/\/uj.adatbank.ro\/lexikon\/wp-json\/wp\/v2\/product_brand?post=18786"},{"taxonomy":"product_cat","embeddable":true,"href":"https:\/\/uj.adatbank.ro\/lexikon\/wp-json\/wp\/v2\/product_cat?post=18786"},{"taxonomy":"product_tag","embeddable":true,"href":"https:\/\/uj.adatbank.ro\/lexikon\/wp-json\/wp\/v2\/product_tag?post=18786"}],"curies":[{"name":"wp","href":"https:\/\/api.w.org\/{rel}","templated":true}]}}