{"id":18789,"date":"2025-07-16T11:05:44","date_gmt":"2025-07-16T09:05:44","guid":{"rendered":"https:\/\/uj.adatbank.ro\/lexikon\/termek\/punkosti-lajos\/"},"modified":"2025-07-16T11:05:44","modified_gmt":"2025-07-16T09:05:44","slug":"punkosti-lajos","status":"publish","type":"product","link":"https:\/\/uj.adatbank.ro\/lexikon\/termek\/punkosti-lajos\/","title":{"rendered":"P\u00dcNK\u00d6STI Lajos"},"content":{"rendered":"<p>1910 \u2020\u00a0Mv., 1992. febr. 14.: ref. lelk\u00e9sz. \u2013 Feles\u00e9ge: Kacs\u00f3 Piroska (1915\u20132008), tan\u00edt\u00f3n\u0151. Fi\u00fak: P. Lajos Csaba (1937\u20131992). \u2013 Brass\u00f3ban seg\u00e9dlelk\u00e9sz (1932\u2013) \u00e9s Mez\u0151m\u00e9hesen folytatta hivat\u00e1s\u00e1t (1933\u2013).-<br \/><strong>Irod.:<\/strong> Cs\u00e1ky; [Nekrol\u00f3g] (N\u00fa., 1992. febr.15.)<\/br><\/p>\n","protected":false},"excerpt":{"rendered":"<p>1910 \u2020\u00a0Mv., 1992. febr. 14.: ref. lelk\u00e9sz. \u2013 Feles\u00e9ge: Kacs\u00f3 Piroska (1915\u20132008), tan\u00edt\u00f3n\u0151. Fi\u00fak: P. Lajos Csaba (1937\u20131992). \u2013 Brass\u00f3ban seg\u00e9dlelk\u00e9sz (1932\u2013) \u00e9s Mez\u0151m\u00e9hesen folytatta hivat\u00e1s\u00e1t (1933\u2013).-Irod.: Cs\u00e1ky; [Nekrol\u00f3g] (N\u00fa., 1992. febr.15.)<\/p>\n","protected":false},"featured_media":0,"comment_status":"open","ping_status":"closed","template":"","meta":[],"product_brand":[],"product_cat":[137],"product_tag":[],"class_list":{"0":"post-18789","1":"product","2":"type-product","3":"status-publish","5":"product_cat-maros-megyei-eletrajzi-lexikon","7":"first","8":"instock","9":"shipping-taxable","10":"product-type-simple"},"_links":{"self":[{"href":"https:\/\/uj.adatbank.ro\/lexikon\/wp-json\/wp\/v2\/product\/18789","targetHints":{"allow":["GET"]}}],"collection":[{"href":"https:\/\/uj.adatbank.ro\/lexikon\/wp-json\/wp\/v2\/product"}],"about":[{"href":"https:\/\/uj.adatbank.ro\/lexikon\/wp-json\/wp\/v2\/types\/product"}],"replies":[{"embeddable":true,"href":"https:\/\/uj.adatbank.ro\/lexikon\/wp-json\/wp\/v2\/comments?post=18789"}],"wp:attachment":[{"href":"https:\/\/uj.adatbank.ro\/lexikon\/wp-json\/wp\/v2\/media?parent=18789"}],"wp:term":[{"taxonomy":"product_brand","embeddable":true,"href":"https:\/\/uj.adatbank.ro\/lexikon\/wp-json\/wp\/v2\/product_brand?post=18789"},{"taxonomy":"product_cat","embeddable":true,"href":"https:\/\/uj.adatbank.ro\/lexikon\/wp-json\/wp\/v2\/product_cat?post=18789"},{"taxonomy":"product_tag","embeddable":true,"href":"https:\/\/uj.adatbank.ro\/lexikon\/wp-json\/wp\/v2\/product_tag?post=18789"}],"curies":[{"name":"wp","href":"https:\/\/api.w.org\/{rel}","templated":true}]}}