{"id":18790,"date":"2025-07-16T11:05:47","date_gmt":"2025-07-16T09:05:47","guid":{"rendered":"https:\/\/uj.adatbank.ro\/lexikon\/termek\/punkosty-huba\/"},"modified":"2025-07-16T11:05:47","modified_gmt":"2025-07-16T09:05:47","slug":"punkosty-huba","status":"publish","type":"product","link":"https:\/\/uj.adatbank.ro\/lexikon\/termek\/punkosty-huba\/","title":{"rendered":"P\u00dcNK\u00d6STY Huba"},"content":{"rendered":"<p>? \u2020\u00a0?: tan\u00e1r. \u2013 Magyaro-r\u00f3l helyezt\u00e9k a mv-i Ref. Koll.-ba, itt testnevel\u0151tan\u00e1r (1942\u201344). A leventemozgalom ir\u00e1ny\u00edt\u00f3ja. <br \/><strong>Irod.:<\/strong> Mv. t\u00f6rt. 2; Sebesty\u00e9n<\/br><\/p>\n","protected":false},"excerpt":{"rendered":"<p>? \u2020\u00a0?: tan\u00e1r. \u2013 Magyaro-r\u00f3l helyezt\u00e9k a mv-i Ref. Koll.-ba, itt testnevel\u0151tan\u00e1r (1942\u201344). A leventemozgalom ir\u00e1ny\u00edt\u00f3ja. Irod.: Mv. t\u00f6rt. 2; Sebesty\u00e9n<\/p>\n","protected":false},"featured_media":0,"comment_status":"open","ping_status":"closed","template":"","meta":[],"product_brand":[],"product_cat":[137],"product_tag":[],"class_list":{"0":"post-18790","1":"product","2":"type-product","3":"status-publish","5":"product_cat-maros-megyei-eletrajzi-lexikon","7":"first","8":"instock","9":"shipping-taxable","10":"product-type-simple"},"_links":{"self":[{"href":"https:\/\/uj.adatbank.ro\/lexikon\/wp-json\/wp\/v2\/product\/18790","targetHints":{"allow":["GET"]}}],"collection":[{"href":"https:\/\/uj.adatbank.ro\/lexikon\/wp-json\/wp\/v2\/product"}],"about":[{"href":"https:\/\/uj.adatbank.ro\/lexikon\/wp-json\/wp\/v2\/types\/product"}],"replies":[{"embeddable":true,"href":"https:\/\/uj.adatbank.ro\/lexikon\/wp-json\/wp\/v2\/comments?post=18790"}],"wp:attachment":[{"href":"https:\/\/uj.adatbank.ro\/lexikon\/wp-json\/wp\/v2\/media?parent=18790"}],"wp:term":[{"taxonomy":"product_brand","embeddable":true,"href":"https:\/\/uj.adatbank.ro\/lexikon\/wp-json\/wp\/v2\/product_brand?post=18790"},{"taxonomy":"product_cat","embeddable":true,"href":"https:\/\/uj.adatbank.ro\/lexikon\/wp-json\/wp\/v2\/product_cat?post=18790"},{"taxonomy":"product_tag","embeddable":true,"href":"https:\/\/uj.adatbank.ro\/lexikon\/wp-json\/wp\/v2\/product_tag?post=18790"}],"curies":[{"name":"wp","href":"https:\/\/api.w.org\/{rel}","templated":true}]}}