{"id":18794,"date":"2025-07-16T11:05:55","date_gmt":"2025-07-16T09:05:55","guid":{"rendered":"https:\/\/uj.adatbank.ro\/lexikon\/termek\/pupp-jozsef-%c2%a7\/"},"modified":"2025-07-16T11:05:55","modified_gmt":"2025-07-16T09:05:55","slug":"pupp-jozsef-%c2%a7","status":"publish","type":"product","link":"https:\/\/uj.adatbank.ro\/lexikon\/termek\/pupp-jozsef-%c2%a7\/","title":{"rendered":"PUPP J\u00f3zsef, \u00a7"},"content":{"rendered":"<p>Aranyospoly\u00e1n, 1921. m\u00e1rc. 9., \u2020\u00a0Marosszentgy\u00f6rgy, 2007. \u00e1pr. 7: tan\u00e1r. \u2013 P. S\u00e1ndor , kert\u00e9sz (1892. m\u00e9rc. 18.\u20131929. m\u00e1j. 6.) \u00e9s Vargyas Ilona (1867. j\u00fal.27.-Mv., 1973. jan. 15), vir\u00e1gk\u00f6t\u0151n\u0151 fia. Testv\u00e9rei: S\u00e1ndor, Lujza, Antal, dr. a MOGYI tan\u00e1ra. Feles\u00e9ge: Megn\u0151s\u00fclt Devecserben (1944. okt.24).\u2013 Marosszentkir\u00e1lyon, Mv.-en, a nagyszebeni \u00e1rvah\u00e1zban, a Terezi\u00e1numban tanult, M\u00e1rton \u00c1ron volt a b\u00e9rmaatyja.Tanult a mv.-i R. K. F\u0151gimn.-ban (1931\u201335), a R.K. Tan\u00edt\u00f3k\u00e9pz\u0151ben (1935\u201339). A II. vh-ban hadapr\u00f3d \u0151rmesteri rangban vett r\u00e9szt. Angol hadifogs\u00e1gban volt (1945. m\u00e1j.\u201346. m\u00e1j.). A kv.-i BBTE \u00e1ltal\u00e1nos iskolai tagozat\u00e1n tan\u00e1ri oklevelet szerzett (1960\u201362). Tan\u00edtott T\u0151visen (1939) \u00e9s Sz\u00e1szfenesen, majd Sz\u00e9kelyk\u00e1lon (1940\u201350), itt igazgat\u00f3 is volt (1942\u2013). Katona (1942. okt.- hadapr\u00f3d\u0151rmester 1944. m\u00e1rc. 20\u2013), angol hadifogs\u00e1gba ker\u00fclt (1945. m\u00e1j.\u20135.\u20131946. m\u00e1j. 20).,. Marosszentgy\u00f6rgy\u00f6n (1950\u201381). K\u00fcl\u00f6nb\u00f6z\u0151 egyetemi tov\u00e1bbk\u00e9pz\u0151k\u00f6n vett r\u00e9szt, t\u00f6bbek k\u00f6z\u00f6tt a Nagy Istv\u00e1n vezette karnagyi kurzust is elv\u00e9gezte. Karnagya volt az iskolai \u00e9s feln\u0151ttk\u00f3rusoknak (1950\u201364), valamint a Megyei N\u00e9ptan\u00e1cs dal\u00e1rd\u00e1j\u00e1t is dirig\u00e1lta (1953\u201355). Saj\u00e1t maga is tagja volt a k\u00f6zs\u00e9gi m\u0171vel\u0151d\u00e9si h\u00e1z k\u00f3rus\u00e1nak (1966\u2013). A Filol\u00f3giai T\u00e1rsas\u00e1g tagjak\u00e9nt (1965\u2013) \u00e9s t\u00f6bb \u00e9ven kereszt\u00fcl vezette a megye magyartan\u00e1rainak pedag\u00f3giai k\u00f6r\u00e9t. Ez\u00fcstgyop\u00e1r d\u00edjat kapott az egyetemes magyar oktat\u00e1s \u00e9rdek\u00e9ben v\u00e9gzett hatvan\u00e9ves tev\u00e9kenys\u00e9g\u00e9\u00e9rt (2000). <strong>Cikkei:<\/strong> Tanugyi \u00dajs\u00e1gban-ban. \u2013 <strong>F. m.:<\/strong> Megfigyel\u00e9sek a sz\u00e1monk\u00e9r\u0151 nyelvtani \u00e9s irodalmi feladatlapok alkalmaz\u00e1s\u00e1val kapcsolatban az 1973\u201374. iskolai \u00e9vben (Mv., 1975). <br \/><strong>Irod.:<\/strong> Berekm\u00e9ri; Egy j\u00f3 tan\u00edt\u00f3 (V. Z., 1957. m\u00e1rc. 16.); Erd\u00e9lyi v\u00e1rmegy\u00e9k; KKACs; N\u00fa (2000. m\u00e1j 4); Opri\u015f-Moldovan; Pupp J\u00f3zsef Attila: \u201e J\u00f3t s j\u00f3l\u2026!\u201d P. J. m. nyelv \u00e9s irodalom szakos tan\u00e1r \u00e9lete \u00e9s munk\u00e1ss\u00e1ga (Sz\u00e9kelyudvarhely, 2017); S\u00e2ngeorgiu de Mure\u015f<\/br><\/p>\n","protected":false},"excerpt":{"rendered":"<p>Aranyospoly\u00e1n, 1921. m\u00e1rc. 9., \u2020\u00a0Marosszentgy\u00f6rgy, 2007. \u00e1pr. 7: tan\u00e1r. \u2013 P. S\u00e1ndor , kert\u00e9sz (1892. m\u00e9rc. 18.\u20131929. m\u00e1j. 6.) \u00e9s Vargyas Ilona (1867. j\u00fal.27.-Mv., 1973. jan. 15), vir\u00e1gk\u00f6t\u0151n\u0151 fia. Testv\u00e9rei: S\u00e1ndor, Lujza, Antal, dr. a MOGYI tan\u00e1ra. Feles\u00e9ge: Megn\u0151s\u00fclt Devecserben (1944. okt.24).\u2013 Marosszentkir\u00e1lyon, Mv.-en, a nagyszebeni \u00e1rvah\u00e1zban, a Terezi\u00e1numban tanult, M\u00e1rton \u00c1ron volt a b\u00e9rmaatyja.Tanult [&hellip;]<\/p>\n","protected":false},"featured_media":0,"comment_status":"open","ping_status":"closed","template":"","meta":[],"product_brand":[],"product_cat":[137],"product_tag":[],"class_list":{"0":"post-18794","1":"product","2":"type-product","3":"status-publish","5":"product_cat-maros-megyei-eletrajzi-lexikon","7":"first","8":"instock","9":"shipping-taxable","10":"product-type-simple"},"_links":{"self":[{"href":"https:\/\/uj.adatbank.ro\/lexikon\/wp-json\/wp\/v2\/product\/18794","targetHints":{"allow":["GET"]}}],"collection":[{"href":"https:\/\/uj.adatbank.ro\/lexikon\/wp-json\/wp\/v2\/product"}],"about":[{"href":"https:\/\/uj.adatbank.ro\/lexikon\/wp-json\/wp\/v2\/types\/product"}],"replies":[{"embeddable":true,"href":"https:\/\/uj.adatbank.ro\/lexikon\/wp-json\/wp\/v2\/comments?post=18794"}],"wp:attachment":[{"href":"https:\/\/uj.adatbank.ro\/lexikon\/wp-json\/wp\/v2\/media?parent=18794"}],"wp:term":[{"taxonomy":"product_brand","embeddable":true,"href":"https:\/\/uj.adatbank.ro\/lexikon\/wp-json\/wp\/v2\/product_brand?post=18794"},{"taxonomy":"product_cat","embeddable":true,"href":"https:\/\/uj.adatbank.ro\/lexikon\/wp-json\/wp\/v2\/product_cat?post=18794"},{"taxonomy":"product_tag","embeddable":true,"href":"https:\/\/uj.adatbank.ro\/lexikon\/wp-json\/wp\/v2\/product_tag?post=18794"}],"curies":[{"name":"wp","href":"https:\/\/api.w.org\/{rel}","templated":true}]}}