{"id":18797,"date":"2025-07-16T11:06:03","date_gmt":"2025-07-16T09:06:03","guid":{"rendered":"https:\/\/uj.adatbank.ro\/lexikon\/termek\/puscariu-ioan\/"},"modified":"2025-07-16T11:06:03","modified_gmt":"2025-07-16T09:06:03","slug":"puscariu-ioan","status":"publish","type":"product","link":"https:\/\/uj.adatbank.ro\/lexikon\/termek\/puscariu-ioan\/","title":{"rendered":"PU\u015eCARIU, Ioan"},"content":{"rendered":"<p>Szohodol, 1824. okt. 10., \u2020 1911 v. 1913.: lovag, jogtan\u00e1csos. \u2013 A gimn.-ot Brass\u00f3ban \u00e9s Szebenben, ez ut\u00f3bbi helyen a teologi\u00e1t, Kv.-on a b\u00f6lcseletet \u00e9s ism\u00e9t Nagyszebenben a jogot v\u00e9gezte. Jelent\u0151s szerepe volt az 1848-as forradalom marossz\u00e9ki megszervez\u00e9s\u00e9ben. Mv.-en volt kancellista.\u0150 k\u00fcldte sz\u00e9t post\u00e1n a Simion B\u0103rnu\u0163iu ki\u00e1ltv\u00e1ny\u00e1t, amely a rom\u00e1ns\u00e1g k\u00f6vetel\u00e9seit tartalmazta (1848. m\u00e1rc. 24 \u2013 25). Rom\u00e1ni\u00e1ba sz\u00f6k\u00f6tt (1848); a szabads\u00e1gharc ut\u00e1n a fogarasi j\u00e1r\u00e1s \u00fcln\u00f6ke (1849\u201350), azut\u00e1n alprefektus, a d\u00e9vai bir\u00f3s\u00e1g tagja (1851), puji (Hunyadm.) j\u00e1r\u00e1sbir\u00f3 (1852), Als\u00f3venic\u00e9n szolgab\u00edr\u00f3 (1854), a b\u00e9csi erd\u00e9lyi kancellari\u00e1n fogalmaz\u00f3 (1861), K\u00fck\u00fcll\u0151 v\u00e1rmegye adminisztratora (1862) \u00e9s ekkor kapta a III. oszt. vaskoronarenddel kit\u00fcntetve az \u00f6r\u00f6k\u00f6s lovagi c\u00edmet. A fogarasi j\u00e1r\u00e1s f\u0151kapit\u00e1ny\u00e1nak nevezt\u00e9k ki (1865); a m. kir. vall\u00e1s- \u00e9s k\u00f6zoktat\u00e1si miniszteriumban oszt\u00e1lytan\u00e1csos (1867), v\u00e9g\u00fcl kuriai bir\u00f3 lett \u00e9s nyugalomba vonult (1890). M\u00e1s t\u00e9ren is m\u0171k\u00f6d\u00f6tt, \u00edgy r\u00e9szvett a nagyszebeni \u00e9s b\u00e9csi ogy.-eken (1863, 1869), a kv.-i (1865) \u00e9s a bp.-i koron\u00e1z\u00f3 (1867) ogy.-en. Szerdahelyen (1869) a tan\u00e1cskoz\u00e1son r\u00e9szt vett \u00e9s akkor, valamint az 1872-ben kiadott Causa Rom\u00e2n\u0103 c. munk\u00e1j\u00e1ban, \u00fagyszint\u00e9n 1878. \u00e9s 1884-ben a Telegraful Rom\u00e2n \u00e9s Viitorul c\u00edm\u0171 lapokban a rom\u00e1nok \u00fcgy\u00e9\u00e9rt harcolt, el\u0151mozd\u00edtotta azon t\u00f6rekv\u00e9st, hogy hivatalosan a latin bet\u0171ket haszn\u00e1lj\u00e1k a rom\u00e1nok (1860) A rom\u00e1n n\u00e9p k\u00f6zm\u0171vel\u0151d\u00e9si egyes\u00fcl\u00e9s\u00e9nek hatalmas t\u00e9nyez\u0151je volt. A Rom\u00e1niai Tud. Akad\u00e9mia levelez\u0151 (1877), azut\u00e1n rendes tagj\u00e1nak v\u00e1lasztotta (1900). Az egyh\u00e1zi t\u00e9ren mint kongresszusi k\u00e9pvisel\u0151 (1868) el\u0151mozd\u00edtotta a g\u00f6r\u00f6g-keleti egyh\u00e1z szervez\u00e9s\u00e9t; a Gozsdu-alap\u00edtv\u00e1ny igazgat\u00f3s\u00e1gi tagja 32 \u00e9v \u00f3ta, mely id\u0151 alatt el\u0151seg\u00edtette az alap\u00edtv\u00e1ny gyarap\u00edt\u00e1s\u00e1t. T\u00f6rcsv\u00e1rott (Br\u00e1n) \u00e9lt birtok\u00e1n, a hol a Parsimonia takar\u00e9k- \u00e9s hitelint\u00e9zetet alap\u00edtotta, melynek eln\u00f6ke. \u2013 <strong>F. m.:<\/strong> Comentariu la patenta urbariale pentru, Transilvania&#8230; K\u00e9t k\u00f6tet.; Formularie de totu soiula esibite. (Nagyszeben, 1860). N\u00e9gy f\u00fczet.; Die romanische Amtssprache. Ein Compendium der romanischen Sprachlehre, mit einer Sammlung der im \u00e4mtlichen Verkehre am h\u00e4ufigsten vorkommenden Ausdr\u00fccke. (Hermannstadt, 1860); Causa rom\u00e2n\u0103. (Nagyszeben, 1872); Consideratiuni asupra timpului si spaciului. (Bp., 1878). (Elm\u00e9lked\u00e9sek az id\u0151r\u0151l \u00e9s t\u00e9rr\u0151l); M\u00e9rulu. (Bp., 1883. Az alma, k\u00f6lt.); Date \u00eestorice privitoare la familiele nobile rom\u00e2ne. (Nagyszeben. 1895). K\u00e9t k\u00f6tet; Str\u00fagurii (Nagyszeben, 1898) (A sz\u0151ll\u0151, k\u00f6lt.); Negru Voda. (Nagyszeben, 1898). (Negru-Vajda); Un Comentariu la \u00a7. 96 al statutului organic bisericese gr. or. rom\u00e2n dup\u0103 30 de an\u00ee. (Brass\u00f3, 1899). (A g\u00f6r.-keleti egyh\u00e1z szervezeti szab\u00e1lyzat\u00e1nak komment\u00e1rja 30 \u00e9v ut\u00e1n). <br \/><strong>Irod.:<\/strong> Chiorean 2008; Mester Mikl\u00f3s: Az autonom Erd\u00e9ly \u00e9s a rom\u00e1n nemzetis\u00e9gi k\u00f6vetel\u00e9sek az 1863\u201364 \u00e9vi nagyszebeni orsz\u00e1ggy\u0171l\u00e9sen (P\u00e9cs, 1936); Szinnyei<\/br><\/p>\n","protected":false},"excerpt":{"rendered":"<p>Szohodol, 1824. okt. 10., \u2020 1911 v. 1913.: lovag, jogtan\u00e1csos. \u2013 A gimn.-ot Brass\u00f3ban \u00e9s Szebenben, ez ut\u00f3bbi helyen a teologi\u00e1t, Kv.-on a b\u00f6lcseletet \u00e9s ism\u00e9t Nagyszebenben a jogot v\u00e9gezte. Jelent\u0151s szerepe volt az 1848-as forradalom marossz\u00e9ki megszervez\u00e9s\u00e9ben. Mv.-en volt kancellista.\u0150 k\u00fcldte sz\u00e9t post\u00e1n a Simion B\u0103rnu\u0163iu ki\u00e1ltv\u00e1ny\u00e1t, amely a rom\u00e1ns\u00e1g k\u00f6vetel\u00e9seit tartalmazta (1848. m\u00e1rc. [&hellip;]<\/p>\n","protected":false},"featured_media":0,"comment_status":"open","ping_status":"closed","template":"","meta":[],"product_brand":[],"product_cat":[137],"product_tag":[],"class_list":{"0":"post-18797","1":"product","2":"type-product","3":"status-publish","5":"product_cat-maros-megyei-eletrajzi-lexikon","7":"first","8":"instock","9":"shipping-taxable","10":"product-type-simple"},"_links":{"self":[{"href":"https:\/\/uj.adatbank.ro\/lexikon\/wp-json\/wp\/v2\/product\/18797","targetHints":{"allow":["GET"]}}],"collection":[{"href":"https:\/\/uj.adatbank.ro\/lexikon\/wp-json\/wp\/v2\/product"}],"about":[{"href":"https:\/\/uj.adatbank.ro\/lexikon\/wp-json\/wp\/v2\/types\/product"}],"replies":[{"embeddable":true,"href":"https:\/\/uj.adatbank.ro\/lexikon\/wp-json\/wp\/v2\/comments?post=18797"}],"wp:attachment":[{"href":"https:\/\/uj.adatbank.ro\/lexikon\/wp-json\/wp\/v2\/media?parent=18797"}],"wp:term":[{"taxonomy":"product_brand","embeddable":true,"href":"https:\/\/uj.adatbank.ro\/lexikon\/wp-json\/wp\/v2\/product_brand?post=18797"},{"taxonomy":"product_cat","embeddable":true,"href":"https:\/\/uj.adatbank.ro\/lexikon\/wp-json\/wp\/v2\/product_cat?post=18797"},{"taxonomy":"product_tag","embeddable":true,"href":"https:\/\/uj.adatbank.ro\/lexikon\/wp-json\/wp\/v2\/product_tag?post=18797"}],"curies":[{"name":"wp","href":"https:\/\/api.w.org\/{rel}","templated":true}]}}