{"id":18800,"date":"2025-07-16T11:06:11","date_gmt":"2025-07-16T09:06:11","guid":{"rendered":"https:\/\/uj.adatbank.ro\/lexikon\/termek\/puskas-alajos\/"},"modified":"2025-07-16T11:06:11","modified_gmt":"2025-07-16T09:06:11","slug":"puskas-alajos","status":"publish","type":"product","link":"https:\/\/uj.adatbank.ro\/lexikon\/termek\/puskas-alajos\/","title":{"rendered":"PUSK\u00c1S Alajos"},"content":{"rendered":"<p>Ditr\u00f3, 1842. j\u00fal. 18., \u2020 1896. m\u00e1rc. 8.: r. k. pap. \u2013 papp\u00e1 szentelt\u00e9k (1867. aug. 15.). K\u00e1pl\u00e1n Bar\u00f3ton, Kapnikb\u00e1ny\u00e1n \u00e9s Sz\u00e1szr\u00e9genben. Pl\u00e9b\u00e1nos Sz\u00e9kelyk\u00e1lon (1871), Jobb\u00e1gyfalv\u00e1n (1876), Bordoson (1880\u201388), Teker\u0151patakon. <br \/><strong>Irod.:<\/strong> Ferenczi S\u00e1ndor 2009<\/br><\/p>\n","protected":false},"excerpt":{"rendered":"<p>Ditr\u00f3, 1842. j\u00fal. 18., \u2020 1896. m\u00e1rc. 8.: r. k. pap. \u2013 papp\u00e1 szentelt\u00e9k (1867. aug. 15.). K\u00e1pl\u00e1n Bar\u00f3ton, Kapnikb\u00e1ny\u00e1n \u00e9s Sz\u00e1szr\u00e9genben. Pl\u00e9b\u00e1nos Sz\u00e9kelyk\u00e1lon (1871), Jobb\u00e1gyfalv\u00e1n (1876), Bordoson (1880\u201388), Teker\u0151patakon. Irod.: Ferenczi S\u00e1ndor 2009<\/p>\n","protected":false},"featured_media":0,"comment_status":"open","ping_status":"closed","template":"","meta":[],"product_brand":[],"product_cat":[137],"product_tag":[],"class_list":{"0":"post-18800","1":"product","2":"type-product","3":"status-publish","5":"product_cat-maros-megyei-eletrajzi-lexikon","7":"first","8":"instock","9":"shipping-taxable","10":"product-type-simple"},"_links":{"self":[{"href":"https:\/\/uj.adatbank.ro\/lexikon\/wp-json\/wp\/v2\/product\/18800","targetHints":{"allow":["GET"]}}],"collection":[{"href":"https:\/\/uj.adatbank.ro\/lexikon\/wp-json\/wp\/v2\/product"}],"about":[{"href":"https:\/\/uj.adatbank.ro\/lexikon\/wp-json\/wp\/v2\/types\/product"}],"replies":[{"embeddable":true,"href":"https:\/\/uj.adatbank.ro\/lexikon\/wp-json\/wp\/v2\/comments?post=18800"}],"wp:attachment":[{"href":"https:\/\/uj.adatbank.ro\/lexikon\/wp-json\/wp\/v2\/media?parent=18800"}],"wp:term":[{"taxonomy":"product_brand","embeddable":true,"href":"https:\/\/uj.adatbank.ro\/lexikon\/wp-json\/wp\/v2\/product_brand?post=18800"},{"taxonomy":"product_cat","embeddable":true,"href":"https:\/\/uj.adatbank.ro\/lexikon\/wp-json\/wp\/v2\/product_cat?post=18800"},{"taxonomy":"product_tag","embeddable":true,"href":"https:\/\/uj.adatbank.ro\/lexikon\/wp-json\/wp\/v2\/product_tag?post=18800"}],"curies":[{"name":"wp","href":"https:\/\/api.w.org\/{rel}","templated":true}]}}