{"id":18802,"date":"2025-07-16T11:06:15","date_gmt":"2025-07-16T09:06:15","guid":{"rendered":"https:\/\/uj.adatbank.ro\/lexikon\/termek\/puskas-gergely\/"},"modified":"2025-07-16T11:06:15","modified_gmt":"2025-07-16T09:06:15","slug":"puskas-gergely","status":"publish","type":"product","link":"https:\/\/uj.adatbank.ro\/lexikon\/termek\/puskas-gergely\/","title":{"rendered":"PUSK\u00c1S Gergely"},"content":{"rendered":"<p>Sz\u00e9kelyudvarhely, 1865. m\u00e1rc. 4., \u2020\u00a0Dics\u0151szentm\u00e1rton, 1914. szept. 25.: r.k. pap. \u2013 Szamos\u00fajv\u00e1ron, Kv.-on \u00e9s Gyulafeh\u00e9rv\u00e1ron tanult. Papp\u00e1 szentelt\u00e9k (1888. \u00e1pr. 8.). Sz\u0151kefalv\u00e1n m\u0171k\u00f6d\u00f6tt (1897\u201399). Dics\u0151szentm\u00e1rtoni egyh\u00e1zk\u00f6zs\u00e9g els\u0151 pl\u00e9b\u00e1nosa (1899\u2013), az \u00faj par\u00f3chia els\u0151 lelk\u00e9sze, a k\u00fck\u00fcll\u0151i ker\u00fclet f\u0151esperese lett (1913\u2013) \u00e9s egyh\u00e1zker\u00fcleti tanfel\u00fcgyel\u0151. <br \/><strong>Irod.:<\/strong> Dics\u0151szentm\u00e1rton r\u00e9gi arca; Ferenczi S\u00e1ndor 2009; Maros-k\u00fck\u00fcll\u0151i f\u0151esp.; Nagy L\u00e1szl\u00f3<\/br><\/p>\n","protected":false},"excerpt":{"rendered":"<p>Sz\u00e9kelyudvarhely, 1865. m\u00e1rc. 4., \u2020\u00a0Dics\u0151szentm\u00e1rton, 1914. szept. 25.: r.k. pap. \u2013 Szamos\u00fajv\u00e1ron, Kv.-on \u00e9s Gyulafeh\u00e9rv\u00e1ron tanult. Papp\u00e1 szentelt\u00e9k (1888. \u00e1pr. 8.). Sz\u0151kefalv\u00e1n m\u0171k\u00f6d\u00f6tt (1897\u201399). Dics\u0151szentm\u00e1rtoni egyh\u00e1zk\u00f6zs\u00e9g els\u0151 pl\u00e9b\u00e1nosa (1899\u2013), az \u00faj par\u00f3chia els\u0151 lelk\u00e9sze, a k\u00fck\u00fcll\u0151i ker\u00fclet f\u0151esperese lett (1913\u2013) \u00e9s egyh\u00e1zker\u00fcleti tanfel\u00fcgyel\u0151. Irod.: Dics\u0151szentm\u00e1rton r\u00e9gi arca; Ferenczi S\u00e1ndor 2009; Maros-k\u00fck\u00fcll\u0151i f\u0151esp.; Nagy L\u00e1szl\u00f3<\/p>\n","protected":false},"featured_media":0,"comment_status":"open","ping_status":"closed","template":"","meta":[],"product_brand":[],"product_cat":[137],"product_tag":[],"class_list":{"0":"post-18802","1":"product","2":"type-product","3":"status-publish","5":"product_cat-maros-megyei-eletrajzi-lexikon","7":"first","8":"instock","9":"shipping-taxable","10":"product-type-simple"},"_links":{"self":[{"href":"https:\/\/uj.adatbank.ro\/lexikon\/wp-json\/wp\/v2\/product\/18802","targetHints":{"allow":["GET"]}}],"collection":[{"href":"https:\/\/uj.adatbank.ro\/lexikon\/wp-json\/wp\/v2\/product"}],"about":[{"href":"https:\/\/uj.adatbank.ro\/lexikon\/wp-json\/wp\/v2\/types\/product"}],"replies":[{"embeddable":true,"href":"https:\/\/uj.adatbank.ro\/lexikon\/wp-json\/wp\/v2\/comments?post=18802"}],"wp:attachment":[{"href":"https:\/\/uj.adatbank.ro\/lexikon\/wp-json\/wp\/v2\/media?parent=18802"}],"wp:term":[{"taxonomy":"product_brand","embeddable":true,"href":"https:\/\/uj.adatbank.ro\/lexikon\/wp-json\/wp\/v2\/product_brand?post=18802"},{"taxonomy":"product_cat","embeddable":true,"href":"https:\/\/uj.adatbank.ro\/lexikon\/wp-json\/wp\/v2\/product_cat?post=18802"},{"taxonomy":"product_tag","embeddable":true,"href":"https:\/\/uj.adatbank.ro\/lexikon\/wp-json\/wp\/v2\/product_tag?post=18802"}],"curies":[{"name":"wp","href":"https:\/\/api.w.org\/{rel}","templated":true}]}}