{"id":18803,"date":"2025-07-16T11:06:18","date_gmt":"2025-07-16T09:06:18","guid":{"rendered":"https:\/\/uj.adatbank.ro\/lexikon\/termek\/puskas-gyorgy\/"},"modified":"2025-07-16T11:06:18","modified_gmt":"2025-07-16T09:06:18","slug":"puskas-gyorgy","status":"publish","type":"product","link":"https:\/\/uj.adatbank.ro\/lexikon\/termek\/puskas-gyorgy\/","title":{"rendered":"PUSK\u00c1S Gy\u00f6rgy"},"content":{"rendered":"<p>Dics\u0151szentm\u00e1rton, 1941. szept. 15.,.\u2020 Dics\u0151szentm\u00e1rton, 2003. jan. 10.: tervez\u0151, n\u00e9pm\u0171vel\u0151. \u2013 \u00c9retts\u00e9gizett sz\u00fcl\u0151v\u00e1ros\u00e1ban (1959), majd vegy\u00e9szeti technikusi k\u00e9pes\u00edt\u00e9st szerzett (1964). Dics\u0151szentm\u00e1rtonban a Vegy\u00e9szeti Kombin\u00e1tban kutat\u00f3 technikus (1954\u201370), tervez\u0151technikus (1970\u201397). Gazdag m\u0171kedvel\u00f4i, k\u00f6z\u00f6ns\u00e9gszervez\u00f4i tev\u00e9kenys\u00e9get fejtett ki A helybeli m. sz\u00ednj\u00e1tsz\u00f3 csoport tagja, a N\u00e9psz\u00ednh\u00e1z alap\u00edt\u00f3 tagja, eln\u00f6ke, EMKE d\u00edjas sz\u00ednj\u00e1tsz\u00f3.rendez\u0151; az RMDSZ dics\u0151szentm\u00e1rtoni v\u00e1lasztm\u00e1nyi tagja (1990\u201393), a Sipos Domokos M\u0171vel\u0151d\u00e9si Egyes\u00fclet alap\u00edt\u00f3tagja, eln\u00f6ke (1990\u201393). EMKE-d\u00edjas sz\u00ednj\u00e1tsz\u00f3, rendez\u00f4. Eml\u00e9kezetes alak\u00edt\u00e1sai: Pl\u00e9b\u00e1nos (G\u00e1rdonyi: A l\u00e1mp\u00e1s), Czirmos b\u00e1csi (Tam\u00e1si: Hull\u00e1mz\u00f3 v\u00f4leg\u00e9ny), Svejk (Hasek: Svejk), Kriszty\u00e1n T\u00f3dor (J\u00f3kai:Az aranyember), \u00d3 P\u00e9ter (G\u00e1rdonyi: Ida reg\u00e9nye), Zetelaki D\u00e1niel (S\u00fct\u00f4: \u00c1dvent a Hargit\u00e1n), Dr. Biritz (Rejt\u00f4: Herkules bonbon), Szobapinc\u00e9r (Cooney: A miniszter f\u00e9lrel\u00e9p).<br \/><strong>Irod.:<\/strong> B\u00f6l\u00f6ni: Sipos Domokos M\u0171vel\u0151d\u00e9si Egylet (N\u00fa., 1990. aug. 16.); EMKK 2000; KKACs, Nekrol\u00f3g (N\u00fa., 2003. jan. 14)<\/br><\/p>\n","protected":false},"excerpt":{"rendered":"<p>Dics\u0151szentm\u00e1rton, 1941. szept. 15.,.\u2020 Dics\u0151szentm\u00e1rton, 2003. jan. 10.: tervez\u0151, n\u00e9pm\u0171vel\u0151. \u2013 \u00c9retts\u00e9gizett sz\u00fcl\u0151v\u00e1ros\u00e1ban (1959), majd vegy\u00e9szeti technikusi k\u00e9pes\u00edt\u00e9st szerzett (1964). Dics\u0151szentm\u00e1rtonban a Vegy\u00e9szeti Kombin\u00e1tban kutat\u00f3 technikus (1954\u201370), tervez\u0151technikus (1970\u201397). Gazdag m\u0171kedvel\u00f4i, k\u00f6z\u00f6ns\u00e9gszervez\u00f4i tev\u00e9kenys\u00e9get fejtett ki A helybeli m. sz\u00ednj\u00e1tsz\u00f3 csoport tagja, a N\u00e9psz\u00ednh\u00e1z alap\u00edt\u00f3 tagja, eln\u00f6ke, EMKE d\u00edjas sz\u00ednj\u00e1tsz\u00f3.rendez\u0151; az RMDSZ dics\u0151szentm\u00e1rtoni v\u00e1lasztm\u00e1nyi tagja (1990\u201393), [&hellip;]<\/p>\n","protected":false},"featured_media":0,"comment_status":"open","ping_status":"closed","template":"","meta":[],"product_brand":[],"product_cat":[137],"product_tag":[],"class_list":{"0":"post-18803","1":"product","2":"type-product","3":"status-publish","5":"product_cat-maros-megyei-eletrajzi-lexikon","7":"first","8":"instock","9":"shipping-taxable","10":"product-type-simple"},"_links":{"self":[{"href":"https:\/\/uj.adatbank.ro\/lexikon\/wp-json\/wp\/v2\/product\/18803","targetHints":{"allow":["GET"]}}],"collection":[{"href":"https:\/\/uj.adatbank.ro\/lexikon\/wp-json\/wp\/v2\/product"}],"about":[{"href":"https:\/\/uj.adatbank.ro\/lexikon\/wp-json\/wp\/v2\/types\/product"}],"replies":[{"embeddable":true,"href":"https:\/\/uj.adatbank.ro\/lexikon\/wp-json\/wp\/v2\/comments?post=18803"}],"wp:attachment":[{"href":"https:\/\/uj.adatbank.ro\/lexikon\/wp-json\/wp\/v2\/media?parent=18803"}],"wp:term":[{"taxonomy":"product_brand","embeddable":true,"href":"https:\/\/uj.adatbank.ro\/lexikon\/wp-json\/wp\/v2\/product_brand?post=18803"},{"taxonomy":"product_cat","embeddable":true,"href":"https:\/\/uj.adatbank.ro\/lexikon\/wp-json\/wp\/v2\/product_cat?post=18803"},{"taxonomy":"product_tag","embeddable":true,"href":"https:\/\/uj.adatbank.ro\/lexikon\/wp-json\/wp\/v2\/product_tag?post=18803"}],"curies":[{"name":"wp","href":"https:\/\/api.w.org\/{rel}","templated":true}]}}