{"id":18804,"date":"2025-07-16T11:06:23","date_gmt":"2025-07-16T09:06:23","guid":{"rendered":"https:\/\/uj.adatbank.ro\/lexikon\/termek\/puskas-gyorgy-%c2%a7-puskas-gheorghe\/"},"modified":"2025-07-16T11:06:23","modified_gmt":"2025-07-16T09:06:23","slug":"puskas-gyorgy-%c2%a7-puskas-gheorghe","status":"publish","type":"product","link":"https:\/\/uj.adatbank.ro\/lexikon\/termek\/puskas-gyorgy-%c2%a7-puskas-gheorghe\/","title":{"rendered":"PUSK\u00c1S Gy\u00f6rgy, \u00a7 Pusk\u00e1s Gheorghe"},"content":{"rendered":"<p>Algy\u00f3gy, 1911. j\u00fal. 4., \u2020 Mv., 2004. szept. 11.: orvos, dr. egyetemi tan\u00e1r. \u2013 P. K\u00e1lm\u00e1n, ref. lelkip\u00e1sztor \u00e9s tolnai Erzs\u00e9bet, tan\u00edt\u00f3n\u0151 fia. Gyermekeik: Katalin (1940) orvos; Zsuzs\u00e1nna (1943) m\u00e9rn\u00f6k; Enik\u0151 (\u00ed944) tan\u00e1r. \u2013 K\u00f6z\u00e9piskol\u00e1t a sepsiszentgy\u00f6rgyi Sz\u00e9kely Mik\u00f3 Koll.-ban v\u00e9gzett (1928), egyetemi tanulm\u00e1nyait a franciaorsz\u00e1gi Montpellier-ben, P\u00e1rizsban folytatta, az orvosi diplom\u00e1t a Kv.-i Orvosi \u00e9s Gy\u00f3gyszer\u00e9szeti F\u0151isk. a szerezte meg (1934). P\u00e1ly\u00e1j\u00e1t a kv.-i Ref. Diakonissza K\u00f3rh\u00e1z alorvosak\u00e9nt kezdte (1934\u201336), majd egyetemi gyakornok Debrecenben a gyermekklinik\u00e1n (1936\u201340), ahol gyermekgy\u00f3gy\u00e1sz szakorvoss\u00e1 k\u00e9pezte mag\u00e1t (1939). Hazat\u00e9r\u00e9se ut\u00e1n tan\u00e1rseg\u00e9d Kv.-on az orvosi karon (1941\u201345), majd Mv.-en adjunktus (1945\u201348), az OGYI el\u0151ad\u00f3tan\u00e1ra (1948\u201356), majd tansz\u00e9kvezet\u0151 professzora, a Gyermekklinika vezet\u0151 f\u0151orvosa (1956\u20131981). Az orvostudom\u00e1nyok doktora (1956). Egyetemi tiszts\u00e9gei: a Gyermekgy\u00f3gy\u00e1szati Kar d\u00e9k\u00e1nja (1951. okt. 1.\u20131953. \u00e1pr. 31.), prorektor (1956. nov. 1.\u20131967. szept. 14.) \u00e9s rektor (1967. szept. 15.\u201376). Ezen tiszts\u00e9geiben siker\u00fclt az int\u00e9zetet a korszer\u0171 m. tudom\u00e1nyoss\u00e1g rom\u00e1niai k\u00f6zpontj\u00e1v\u00e1 fejlesztenie. A RKP KB Rev\u00edzi\u00f3s Bizotts\u00e1g\u00e1nak tagja (1969. aug. 12.\u20131979. nov. 23.); a nagy nemzetgy\u0171l\u00e9s Maros megyei k\u00e9pvisel\u0151je (1975- m\u00e1rc. 9.\u2013); aleln\u00f6ke (1975. m\u00e1rc. 17.\u20131981. m\u00e1rc. 28.). Az \u00fajj\u00e1alakult EME Orvostudom\u00e1nyi Szakoszt\u00e1ly\u00e1nak eln\u00f6ke (1990. j\u00fan. 28.\u201394. febr.). Az ott v\u00e9gzett munk\u00e1j\u00e1\u00e9rt tiszteleti tagg\u00e1 v\u00e1lasztott\u00e1k (2003). Tudom\u00e1nyos munk\u00e1j\u00e1nak elismer\u00e9sek\u00e9nt az Eur\u00f3pai Gyermekpulmonol\u00f3giai T\u00e1rsas\u00e1g eln\u00f6ks\u00e9gi tagj\u00e1v\u00e1 v\u00e1lasztott\u00e1k (1976), majd honoris causa tagja. A Rom\u00e1n Orvostudom\u00e1nyi Akad\u00e9mia levelez\u0151, majd rendes tagja (1990), \u00c9rdemes egyetemi tan\u00e1r, \u00e9rdemes orvos; az Eg\u00e9szs\u00e9g\u00fcgyi \u00c9rdemrend arany fokozat\u00e1nak tulajdonosa; Elnyerte a Dr. Genersich Antal D\u00edjat (1992). Semmelweis Eml\u00e9k\u00e9remmel t\u00fcntett\u00e9k ki Bp.-en (1994). Az OGYE tiszteletbeli professzor\u00e1v\u00e1 avatt\u00e1k (2001). A Magy. K\u00f6zt\u00e1rsas\u00e1g Eg\u00e9szs\u00e9g\u00fcgyi Minisztere d\u00edszoklev\u00e9llel t\u00fcntette ki (2001). A mv.-i OGYI t\u00f6bb foly\u00f3irat\u00e1nak (Aesculap, Orvosi Szemle, Revista Medical\u0103) felel\u0151s, ill. f\u0151szerkeszt\u0151je (1967\u201376) itt jelentek meg szaktanulm\u00e1nyai. Kutat\u00f3k\u00e9nt a csecsem\u0151kori v\u00e9rszeg\u00e9nys\u00e9g saj\u00e1tos form\u00e1ival, a gyermekkori asztmatikus l\u00e9g\u00fati betegs\u00e9gek okaival \u00e9s kezel\u00e9s\u00fckkel foglalkozott. Az Eur\u00f3pai Pulmonol\u00f3giai T\u00e1rsas\u00e1g \u00e9vk\u00f6nyveiben n\u00e9met nyelv\u0171 k\u00f6zlem\u00e9nyeivel szerepelt (1975\u201381). Publicisztik\u00e1j\u00e1ban a N\u00e9p\u00fajs\u00e1g \u00e9s A H\u00e9t has\u00e1bjain napirenden tartotta a m. orvosk\u00e9pz\u00e9s jogfolytonoss\u00e1g\u00e1nak k\u00e9rd\u00e9s\u00e9t (1990). T\u00e1rszerkeszt\u0151je az EME Orvostudom\u00e1nyi \u00c9rtes\u00edt\u0151 64, 65. \u00e9s 66. k\u00f6tet\u00e9nek (1992\u201394). Sz\u00e1mos nemzetk\u00f6zi kongresszuson vett r\u00e9szt, \u00edgy Berlinben (1976), Vars\u00f3ban (1977), Magdeburgban (1980) \u00e9s Moszkv\u00e1ban (1981). Genersich-d\u00edjban r\u00e9szes\u00fclt (1992); Semmelweis-d\u00edjas (1994. nov.). \u2013 <strong>F. m.:<\/strong> Gyermekgy\u00f3gy\u00e1szati diagnosztika (Mv. 1951); Gyermekgy\u00f3gy\u00e1szat (Mv.1951, 1952, 1960); Gyermekgy\u00f3gy\u00e1szati jegyzetek (Mv., 1951); Csecsem\u0151gy\u00f3gy\u00e1szati jegyzet.(Mv., 1952\u201353); Gyermekgy\u00f3gy\u00e1szat.(Mv., 1960); <strong>t\u00e1rssz.:<\/strong> Gyermekgy\u00f3gy\u00e1szati jegyzetek. (Mv., 1951); Gyermekgy\u00f3gy\u00e1szati jegyzet. \u2013 Mv., 1955); Pediatria. (Buc, , 1960); Pediatria : Manual pentru \u00eenv\u0103\u0163\u0103m\u00eentul medical superior. (Buc., 1962.); Pediatria : Manual pentru studen\u0163ii facult\u0103\u0163ilor de stomatologie. (Buc., 1965); Cum trat\u0103m st\u0103rile de deshidratare acut\u0103 la copil (Indig Bianca-val; Buc., 1967); Curs de pediatrie (Gr\u00e9p\u00e1ly Andr\u00e1ssal, TgM., 1976); Gyermekgy\u00f3gy\u00e1szat. Egyetemi jegyzet 2. k. (Mv., 1980). <br \/><strong>Irod.:<\/strong> \u00c1talvet\u0151 (2004. dec.); Bartos 2012; Bodolai Gy\u00f6ngyi: \u201eTiszta l\u00e9lekkel \u00e9s tiszta k\u00e9zzel kell dolgozni\u201d : Besz\u00e9lget\u00e9s dr. Pusk\u00e1s Gy\u00f6rgy nyugalmazott egyetemi tan\u00e1rral. (N\u00fa., 2001. j\u00fal. 10); Bodolai Gy\u00f6ngyi: Sz\u00e9lmalomharc ? : Besz\u00e9lget\u00e9s dr. Pusk\u00e1s Gy\u00f6rgy, Semmelweis-d\u00edjas nyugalmazott egyetemi tan\u00e1rral. (N\u00fa., 2004. dec. 7); Cri\u015fan; Dezs\u0151 Istv\u00e1n; Debreczy Istv\u00e1n: P. Gy. Tudom\u00e1nyos arck\u00e9pcsarnok. (M\u0171vel\u0151d\u00e9s, 1982, 12.sz.); Genersich; Genersich Alap; Katona Szab\u00f3; Magy.kutat\u00f3k; Mv.-i Gy\u00f3gyszer\u00e9szeti Kar; Nagy L; NMK: Genersich-d\u00edjak Mv.-en (N\u00fa., 1992. m\u00e1j. 12.); IMF; P\u00e1pai Judit: \u201eA munk\u00e1t szerettem\u201d. Besz\u00e9lget\u00e9s P. Gy.-gyel (A H\u00e9t, 1988. aug. 11); P\u00e9ter; P\u00e9ter 2006; P\u00e9terffy \u00c1.- P.P.; RMIL; RMKK; Todea\u2013F\u00fcl\u00f6p\u2013Avram; T\u0151k\u00e9s; Az \u00daj \u00c9let Dr. P. Gy.-n\u00e9l&#8230;(\u00daj \u00c9let, 17. sz., 1972); Viharban<\/br><\/p>\n","protected":false},"excerpt":{"rendered":"<p>Algy\u00f3gy, 1911. j\u00fal. 4., \u2020 Mv., 2004. szept. 11.: orvos, dr. egyetemi tan\u00e1r. \u2013 P. K\u00e1lm\u00e1n, ref. lelkip\u00e1sztor \u00e9s tolnai Erzs\u00e9bet, tan\u00edt\u00f3n\u0151 fia. Gyermekeik: Katalin (1940) orvos; Zsuzs\u00e1nna (1943) m\u00e9rn\u00f6k; Enik\u0151 (\u00ed944) tan\u00e1r. \u2013 K\u00f6z\u00e9piskol\u00e1t a sepsiszentgy\u00f6rgyi Sz\u00e9kely Mik\u00f3 Koll.-ban v\u00e9gzett (1928), egyetemi tanulm\u00e1nyait a franciaorsz\u00e1gi Montpellier-ben, P\u00e1rizsban folytatta, az orvosi diplom\u00e1t a Kv.-i Orvosi [&hellip;]<\/p>\n","protected":false},"featured_media":0,"comment_status":"open","ping_status":"closed","template":"","meta":[],"product_brand":[],"product_cat":[137],"product_tag":[],"class_list":{"0":"post-18804","1":"product","2":"type-product","3":"status-publish","5":"product_cat-maros-megyei-eletrajzi-lexikon","7":"first","8":"instock","9":"shipping-taxable","10":"product-type-simple"},"_links":{"self":[{"href":"https:\/\/uj.adatbank.ro\/lexikon\/wp-json\/wp\/v2\/product\/18804","targetHints":{"allow":["GET"]}}],"collection":[{"href":"https:\/\/uj.adatbank.ro\/lexikon\/wp-json\/wp\/v2\/product"}],"about":[{"href":"https:\/\/uj.adatbank.ro\/lexikon\/wp-json\/wp\/v2\/types\/product"}],"replies":[{"embeddable":true,"href":"https:\/\/uj.adatbank.ro\/lexikon\/wp-json\/wp\/v2\/comments?post=18804"}],"wp:attachment":[{"href":"https:\/\/uj.adatbank.ro\/lexikon\/wp-json\/wp\/v2\/media?parent=18804"}],"wp:term":[{"taxonomy":"product_brand","embeddable":true,"href":"https:\/\/uj.adatbank.ro\/lexikon\/wp-json\/wp\/v2\/product_brand?post=18804"},{"taxonomy":"product_cat","embeddable":true,"href":"https:\/\/uj.adatbank.ro\/lexikon\/wp-json\/wp\/v2\/product_cat?post=18804"},{"taxonomy":"product_tag","embeddable":true,"href":"https:\/\/uj.adatbank.ro\/lexikon\/wp-json\/wp\/v2\/product_tag?post=18804"}],"curies":[{"name":"wp","href":"https:\/\/api.w.org\/{rel}","templated":true}]}}