{"id":18809,"date":"2025-07-16T11:06:32","date_gmt":"2025-07-16T09:06:32","guid":{"rendered":"https:\/\/uj.adatbank.ro\/lexikon\/termek\/puskas-margit-genoi-margit\/"},"modified":"2025-07-16T11:06:32","modified_gmt":"2025-07-16T09:06:32","slug":"puskas-margit-genoi-margit","status":"publish","type":"product","link":"https:\/\/uj.adatbank.ro\/lexikon\/termek\/puskas-margit-genoi-margit\/","title":{"rendered":"PUSK\u00c1S Margit; Genoi Margit"},"content":{"rendered":"<p>Gyergy\u00f3szentmikl\u00f3s, 1924. dec. 26.\u2020\u00a0? : tan\u00e1r. \u2013 P. K\u00e1roly \u00e9s Szab\u00f3 Lujza le\u00e1nya. F\u00e9rje: Genoi Ion \/ Ioan \u00fcgyv\u00e9d. \u2013 Galacon a Notre Dame de Sion fr. Gimn.-ban tanult (1935\u201340), majd az azonos nev\u0171 bp.-i int\u00e9zetben (1940\u201343). Kv.-on a BTE b\u00f6lcs\u00e9sz kar\u00e1n szerzett fr.-rom\u00e1n-m\u0171v\u00e9szett\u00f6rt\u00e9n\u00e9sz oklevelet. A sz\u00e1szr\u00e9geni R. K. Gimn., az \u00c1llami M. Tannyelv\u0171 Tan\u00edt\u00f3n\u0151k\u00e9pz\u0151, az 1..s 2. sz. l\u00edc. rom\u00e1ntan\u00e1ra volt (1948). I. fokozati vizsg\u00e1t tett (1970). B\u00fcntet\u00e9sb\u0151l \u2013 vall\u00e1sos felfog\u00e1sa miatt \u2013 Kar\u00e1csonyfalv\u00e1ra helyezt\u00e9k. A p\u00e1rizsi \u201eVivre comme avant\u201d, a mv.-i \u201eRem\u00e9ny \u00e9s b\u00e1tors\u00e1g\u201d mellm\u0171t\u00f6tt n\u0151k sz\u00f6vets\u00e9g\u00e9nek eln\u00f6ke. Lausanneban \u201eReach to Recovery\u201d \u00e9remmel jutalmazt\u00e1k (1986). <br \/><strong>Irod.:<\/strong> Csern\u00e1toni; Kusz\u00e1lik<\/br><\/p>\n","protected":false},"excerpt":{"rendered":"<p>Gyergy\u00f3szentmikl\u00f3s, 1924. dec. 26.\u2020\u00a0? : tan\u00e1r. \u2013 P. K\u00e1roly \u00e9s Szab\u00f3 Lujza le\u00e1nya. F\u00e9rje: Genoi Ion \/ Ioan \u00fcgyv\u00e9d. \u2013 Galacon a Notre Dame de Sion fr. Gimn.-ban tanult (1935\u201340), majd az azonos nev\u0171 bp.-i int\u00e9zetben (1940\u201343). Kv.-on a BTE b\u00f6lcs\u00e9sz kar\u00e1n szerzett fr.-rom\u00e1n-m\u0171v\u00e9szett\u00f6rt\u00e9n\u00e9sz oklevelet. A sz\u00e1szr\u00e9geni R. K. Gimn., az \u00c1llami M. Tannyelv\u0171 Tan\u00edt\u00f3n\u0151k\u00e9pz\u0151, [&hellip;]<\/p>\n","protected":false},"featured_media":0,"comment_status":"open","ping_status":"closed","template":"","meta":[],"product_brand":[],"product_cat":[137],"product_tag":[],"class_list":{"0":"post-18809","1":"product","2":"type-product","3":"status-publish","5":"product_cat-maros-megyei-eletrajzi-lexikon","7":"first","8":"instock","9":"shipping-taxable","10":"product-type-simple"},"_links":{"self":[{"href":"https:\/\/uj.adatbank.ro\/lexikon\/wp-json\/wp\/v2\/product\/18809","targetHints":{"allow":["GET"]}}],"collection":[{"href":"https:\/\/uj.adatbank.ro\/lexikon\/wp-json\/wp\/v2\/product"}],"about":[{"href":"https:\/\/uj.adatbank.ro\/lexikon\/wp-json\/wp\/v2\/types\/product"}],"replies":[{"embeddable":true,"href":"https:\/\/uj.adatbank.ro\/lexikon\/wp-json\/wp\/v2\/comments?post=18809"}],"wp:attachment":[{"href":"https:\/\/uj.adatbank.ro\/lexikon\/wp-json\/wp\/v2\/media?parent=18809"}],"wp:term":[{"taxonomy":"product_brand","embeddable":true,"href":"https:\/\/uj.adatbank.ro\/lexikon\/wp-json\/wp\/v2\/product_brand?post=18809"},{"taxonomy":"product_cat","embeddable":true,"href":"https:\/\/uj.adatbank.ro\/lexikon\/wp-json\/wp\/v2\/product_cat?post=18809"},{"taxonomy":"product_tag","embeddable":true,"href":"https:\/\/uj.adatbank.ro\/lexikon\/wp-json\/wp\/v2\/product_tag?post=18809"}],"curies":[{"name":"wp","href":"https:\/\/api.w.org\/{rel}","templated":true}]}}