{"id":18812,"date":"2025-07-16T11:06:36","date_gmt":"2025-07-16T09:06:36","guid":{"rendered":"https:\/\/uj.adatbank.ro\/lexikon\/termek\/puskas-sebesi-klara\/"},"modified":"2025-07-16T11:06:36","modified_gmt":"2025-07-16T09:06:36","slug":"puskas-sebesi-klara","status":"publish","type":"product","link":"https:\/\/uj.adatbank.ro\/lexikon\/termek\/puskas-sebesi-klara\/","title":{"rendered":"PUSK\u00c1S SEBESI Kl\u00e1ra"},"content":{"rendered":"<p>Gyergy\u00f3remete, 1933. m\u00e1rc.29.\u2020\u00a0?: orvos. \u2013 A k\u00f6z\u00e9piskol\u00e1t Gyergy\u00f3szentmikl\u00f3si Salamon Ern\u0151 lic.-ban \u00e9s a MOGYE orvosi kar\u00e1t Mv.-en v\u00e9gezte. Munkahelyei. Gyergy\u00f3b\u00e9k\u00e1s, Erd\u0151szentgy\u00f6rgyi poliklinika, Piatra Neam\u021bi poliklinika, Mv.-en a poliklinika szem\u00e9szeti szakrendel\u0151 szem\u00e9sz f\u0151orvosa. <br \/><strong>Irod.:<\/strong> MOGYE<\/br><\/p>\n","protected":false},"excerpt":{"rendered":"<p>Gyergy\u00f3remete, 1933. m\u00e1rc.29.\u2020\u00a0?: orvos. \u2013 A k\u00f6z\u00e9piskol\u00e1t Gyergy\u00f3szentmikl\u00f3si Salamon Ern\u0151 lic.-ban \u00e9s a MOGYE orvosi kar\u00e1t Mv.-en v\u00e9gezte. Munkahelyei. Gyergy\u00f3b\u00e9k\u00e1s, Erd\u0151szentgy\u00f6rgyi poliklinika, Piatra Neam\u021bi poliklinika, Mv.-en a poliklinika szem\u00e9szeti szakrendel\u0151 szem\u00e9sz f\u0151orvosa. Irod.: MOGYE<\/p>\n","protected":false},"featured_media":0,"comment_status":"open","ping_status":"closed","template":"","meta":[],"product_brand":[],"product_cat":[137],"product_tag":[],"class_list":{"0":"post-18812","1":"product","2":"type-product","3":"status-publish","5":"product_cat-maros-megyei-eletrajzi-lexikon","7":"first","8":"instock","9":"shipping-taxable","10":"product-type-simple"},"_links":{"self":[{"href":"https:\/\/uj.adatbank.ro\/lexikon\/wp-json\/wp\/v2\/product\/18812","targetHints":{"allow":["GET"]}}],"collection":[{"href":"https:\/\/uj.adatbank.ro\/lexikon\/wp-json\/wp\/v2\/product"}],"about":[{"href":"https:\/\/uj.adatbank.ro\/lexikon\/wp-json\/wp\/v2\/types\/product"}],"replies":[{"embeddable":true,"href":"https:\/\/uj.adatbank.ro\/lexikon\/wp-json\/wp\/v2\/comments?post=18812"}],"wp:attachment":[{"href":"https:\/\/uj.adatbank.ro\/lexikon\/wp-json\/wp\/v2\/media?parent=18812"}],"wp:term":[{"taxonomy":"product_brand","embeddable":true,"href":"https:\/\/uj.adatbank.ro\/lexikon\/wp-json\/wp\/v2\/product_brand?post=18812"},{"taxonomy":"product_cat","embeddable":true,"href":"https:\/\/uj.adatbank.ro\/lexikon\/wp-json\/wp\/v2\/product_cat?post=18812"},{"taxonomy":"product_tag","embeddable":true,"href":"https:\/\/uj.adatbank.ro\/lexikon\/wp-json\/wp\/v2\/product_tag?post=18812"}],"curies":[{"name":"wp","href":"https:\/\/api.w.org\/{rel}","templated":true}]}}