{"id":18815,"date":"2025-07-16T11:06:40","date_gmt":"2025-07-16T09:06:40","guid":{"rendered":"https:\/\/uj.adatbank.ro\/lexikon\/termek\/puspoky-radu\/"},"modified":"2025-07-16T11:06:40","modified_gmt":"2025-07-16T09:06:40","slug":"puspoky-radu","status":"publish","type":"product","link":"https:\/\/uj.adatbank.ro\/lexikon\/termek\/puspoky-radu\/","title":{"rendered":"P\u00dcSP\u00d6KY Radu"},"content":{"rendered":"<p>? \u2020\u00a0?: alhadnagy. \u2013 Mv.-en a Securitate a MAT Securitate Tartom\u00e1nyi Igazgat\u00f3s\u00e1g\u00e1n alhadnagy (1952\u2013), b\u0171n\u00fcgyi vizsg\u00e1l\u00f3. <br \/><strong>Irod.:<\/strong> Bartos 2012<\/br><\/p>\n","protected":false},"excerpt":{"rendered":"<p>? \u2020\u00a0?: alhadnagy. \u2013 Mv.-en a Securitate a MAT Securitate Tartom\u00e1nyi Igazgat\u00f3s\u00e1g\u00e1n alhadnagy (1952\u2013), b\u0171n\u00fcgyi vizsg\u00e1l\u00f3. Irod.: Bartos 2012<\/p>\n","protected":false},"featured_media":0,"comment_status":"open","ping_status":"closed","template":"","meta":[],"product_brand":[],"product_cat":[137],"product_tag":[],"class_list":{"0":"post-18815","1":"product","2":"type-product","3":"status-publish","5":"product_cat-maros-megyei-eletrajzi-lexikon","7":"first","8":"instock","9":"shipping-taxable","10":"product-type-simple"},"_links":{"self":[{"href":"https:\/\/uj.adatbank.ro\/lexikon\/wp-json\/wp\/v2\/product\/18815","targetHints":{"allow":["GET"]}}],"collection":[{"href":"https:\/\/uj.adatbank.ro\/lexikon\/wp-json\/wp\/v2\/product"}],"about":[{"href":"https:\/\/uj.adatbank.ro\/lexikon\/wp-json\/wp\/v2\/types\/product"}],"replies":[{"embeddable":true,"href":"https:\/\/uj.adatbank.ro\/lexikon\/wp-json\/wp\/v2\/comments?post=18815"}],"wp:attachment":[{"href":"https:\/\/uj.adatbank.ro\/lexikon\/wp-json\/wp\/v2\/media?parent=18815"}],"wp:term":[{"taxonomy":"product_brand","embeddable":true,"href":"https:\/\/uj.adatbank.ro\/lexikon\/wp-json\/wp\/v2\/product_brand?post=18815"},{"taxonomy":"product_cat","embeddable":true,"href":"https:\/\/uj.adatbank.ro\/lexikon\/wp-json\/wp\/v2\/product_cat?post=18815"},{"taxonomy":"product_tag","embeddable":true,"href":"https:\/\/uj.adatbank.ro\/lexikon\/wp-json\/wp\/v2\/product_tag?post=18815"}],"curies":[{"name":"wp","href":"https:\/\/api.w.org\/{rel}","templated":true}]}}