{"id":18816,"date":"2025-07-16T11:06:41","date_gmt":"2025-07-16T09:06:41","guid":{"rendered":"https:\/\/uj.adatbank.ro\/lexikon\/termek\/putnoki-istvan\/"},"modified":"2025-07-16T11:06:41","modified_gmt":"2025-07-16T09:06:41","slug":"putnoki-istvan","status":"publish","type":"product","link":"https:\/\/uj.adatbank.ro\/lexikon\/termek\/putnoki-istvan\/","title":{"rendered":"PUTNOKI Istv\u00e1n"},"content":{"rendered":"<p>? \u2020\u00a0?: mez\u0151b\u00e1ndi pap. <br \/><strong>Irod.:<\/strong> K\u00fclf\u00f6ld\u00f6n bujdos\u00f3 erd\u00e9lyi di\u00e1kok levelez\u00e9se (Kv., 1933)<\/br><\/p>\n","protected":false},"excerpt":{"rendered":"<p>? \u2020\u00a0?: mez\u0151b\u00e1ndi pap. Irod.: K\u00fclf\u00f6ld\u00f6n bujdos\u00f3 erd\u00e9lyi di\u00e1kok levelez\u00e9se (Kv., 1933)<\/p>\n","protected":false},"featured_media":0,"comment_status":"open","ping_status":"closed","template":"","meta":[],"product_brand":[],"product_cat":[137],"product_tag":[],"class_list":{"0":"post-18816","1":"product","2":"type-product","3":"status-publish","5":"product_cat-maros-megyei-eletrajzi-lexikon","7":"first","8":"instock","9":"shipping-taxable","10":"product-type-simple"},"_links":{"self":[{"href":"https:\/\/uj.adatbank.ro\/lexikon\/wp-json\/wp\/v2\/product\/18816","targetHints":{"allow":["GET"]}}],"collection":[{"href":"https:\/\/uj.adatbank.ro\/lexikon\/wp-json\/wp\/v2\/product"}],"about":[{"href":"https:\/\/uj.adatbank.ro\/lexikon\/wp-json\/wp\/v2\/types\/product"}],"replies":[{"embeddable":true,"href":"https:\/\/uj.adatbank.ro\/lexikon\/wp-json\/wp\/v2\/comments?post=18816"}],"wp:attachment":[{"href":"https:\/\/uj.adatbank.ro\/lexikon\/wp-json\/wp\/v2\/media?parent=18816"}],"wp:term":[{"taxonomy":"product_brand","embeddable":true,"href":"https:\/\/uj.adatbank.ro\/lexikon\/wp-json\/wp\/v2\/product_brand?post=18816"},{"taxonomy":"product_cat","embeddable":true,"href":"https:\/\/uj.adatbank.ro\/lexikon\/wp-json\/wp\/v2\/product_cat?post=18816"},{"taxonomy":"product_tag","embeddable":true,"href":"https:\/\/uj.adatbank.ro\/lexikon\/wp-json\/wp\/v2\/product_tag?post=18816"}],"curies":[{"name":"wp","href":"https:\/\/api.w.org\/{rel}","templated":true}]}}