{"id":18819,"date":"2025-07-16T11:06:49","date_gmt":"2025-07-16T09:06:49","guid":{"rendered":"https:\/\/uj.adatbank.ro\/lexikon\/termek\/putnoky-gyula\/"},"modified":"2025-07-16T11:06:49","modified_gmt":"2025-07-16T09:06:49","slug":"putnoky-gyula","status":"publish","type":"product","link":"https:\/\/uj.adatbank.ro\/lexikon\/termek\/putnoky-gyula\/","title":{"rendered":"PUTNOKY Gyula"},"content":{"rendered":"<p>K\u00f6rm\u00f6cb\u00e1nya, 1901. nov. 14., \u2020 Bp., 1985. okt. 17.: orvos, egyetemi tan\u00e1r, patol\u00f3gus, mikrobiol\u00f3gus. -K\u00f6z\u00e9piskol\u00e1it a miskolci Ref. F\u0151gimn\u00e1ziumban v\u00e9gezte, orvosi oklevelet a budapesti P\u00e1zm\u00e1ny P\u00e9ter Tudom\u00e1nyegyetemen szerzett (1925)- Egyetemistak\u00e9n a bp.-i egy. \u00c4ltal\u00e1nos K\u00f3rtani \u00e9s Bakteriol\u00f3giai Int.-\u00e9ben gyakornok (1923\u201425), a bp.-i Szt. L\u00e1szl\u00f3 K\u00f3rh\u00e1z k\u00f3rbonctani oszt\u00e1ly\u00e1n \u00e9s laborat\u00f3rium\u00e1ban seg\u00e9dorvos (1925). A szegedi egy. k\u00f3rbonctani \u00e9s k\u00f3rsz\u00f6vettani int.-\u00e9ben gyakornok (1925\u201327), a bp.-i egy. II. sz. k\u00f3rbonctani \u00e9s k\u00eds\u00e9rleti r\u00e1kkutat\u00f3 int.-\u00e9ben tan\u00e1rseg\u00e9d (1927\u201342), ut\u00f3bb tiszteletd\u00edjas ta\u00adn\u00e1rseg\u00e9d, a bp.-i Uzsoki u. k\u00f3rh\u00e1zban a k\u00f3rbonctani oszt\u00e1ly \u00e9s a klinikai laborat\u00f3rium vezet\u0151je (emellett 1933\u201342). \u00c1ll. \u00f6szt\u00f6nd\u00edjjal a berlini egy. k\u00f3rbonctani int.-\u00e9ben, majd a londoni Imperial Cancer Re\u00adsearch Foundation laborat\u00f3rium\u00e1ban a daganatimmunit\u00e1ssal kapcsolatos szerol\u00f3giai vizs\u00adg\u00e1latokat v\u00e9gzett (1932\u201333). A bp.-i egy.-en a daganatos betegs\u00e9gek k\u00f3rtana \u00e9s k\u00f3rbonctana c. t\u00e1rgyk\u00f6r mag\u00e1ntan\u00e1ra (1933\u2013). A kv.-i egy.-en az \u00e1ltal\u00e1nos k\u00f3rtan ny. rk. tan\u00e1ra, az \u00e1l\u00adtal\u00e1nos k\u00f3rtani \u00e9s bakteriol\u00f3giai int. ig.( 1942\u2013); Bp.-re t\u00e1vozott (1944), ahol a R\u00e1kkutat\u00f3 Int\u00e9zetben dolgozott; visszat\u00e9rt Erd\u00e9lybe (1947), a Bolyai Tudom\u00e1nyegyetem Mv.-re kihelyezett Orvosi Kar\u00e1nak, k\u00e9s\u0151bb az OGYI-nak mikrobiol\u00f3giai tansz\u00e9k\u00e9t vezette (\u20131953). Megszervezte a K\u00f6zeg\u00e9szs\u00e9g\u00fcgyi Int\u00e9zetet (1949), amely a Sz\u00e9kelyf\u00f6ld\u00f6n fejtett ki tev\u00e9kenys\u00e9get a hast\u00edfusz, v\u00e9rhas, torokgy\u00edk, b\u00e9lf\u00e9rgess\u00e9g lek\u00fczd\u00e9s\u00e9re. A buk.-i hat\u00f3s\u00e1gok nem hosszabb\u00edtott\u00e1k meg a szerz\u0151d\u00e9s\u00e9t az OGYI-n (1953) \u00e9s visszat\u00e9rt Mo.-ra. Bp.-en az Orvostov\u00e1bbk\u00e9pz\u0151 Int. (Szabolcs u.) klinikai laborat\u00f3rium\u00e1ban egy. docens (1953\u2013), a laborat\u00f3riumi vizsg\u00e1latok tansz\u00e9k\u00e9n tszv. egy. tan\u00e1r nyugd\u00edjaz\u00e1s\u00e1ig. (1962\u201372), a bakteriol\u00f3giai \u00e9s a k\u00eds\u00e9rletes laborat\u00f3\u00adrium vezet\u0151je. Bp.-en kezdett el k\u00eds\u00e9rletes r\u00e1kkutat\u00e1ssal foglalkozni. Munk\u00e1it k\u00f6z\u00f6lte: M. Orvosok Tuberkul\u00f3zis Egyes. munk\u00e1latai, M. Pathologusok T\u00e1rs. nagygy\u0171l\u00e9s\u00e9nek munk\u00e1latai, M. Seb\u00e9sz\u00adt\u00e1rs. 24. nagygy\u0171l\u00e9s\u00e9nek munk\u00e1latai, 1938. Patol\u00f3gusk\u00e9nt foglalkozott a sz\u00edvizom, m\u00e9hny\u00e1lkah\u00e1rtya \u00e9s a str\u00fam\u00e1k k\u00f3rsz\u00f6vettan\u00e1\u00adval. A berlini egy. sejtkutat\u00f3 int.-\u00e9ben elsaj\u00e1t\u00ed\u00adtotta a sz\u00f6vetteny\u00e9szt\u00e9s m\u00f3dszereit, amit ha\u00adzat\u00e9rve meghonos\u00edtott. K\u00eds\u00e9rletesen igazolta a Salmonella typhi gennyed\u00e9st okoz\u00f3 hat\u00e1s\u00e1t. Mo.-on els\u0151k\u00e9nt h\u00edvta fel a figyelmet a bonco\u00adl\u00e1si anyagb\u00f3l v\u00e9gezhet\u0151 bakteriol\u00f3giai vizsg\u00e1\u00adlatok jelent\u0151s\u00e9g\u00e9re. Az orvostudom\u00e1ny kandid\u00e1tusa (1952), doktora (1965). A M. Pathologusok T\u00e1rs. r\u00e1kkutat\u00f3 szakoszt\u00e1ly\u00e1nak titk\u00e1\u00adra. Az Orsz. Szakorvos-k\u00e9pes\u00edt\u0151 Vizsgabizott\u00ads\u00e1g eln\u00f6ke volt. \u2013 <strong>F. m.:<\/strong> Durch typhusbaziUen verursachte Eiterungen (Arbeiten aus dem Path.-Anatomischen und Pathohistologischen Institut der&#8230; Universit\u00e4t in Szeged, 1929); A dagana\u00adtok k\u00f3r- \u00e9s gy\u00f3gytana. (Bp., 1937); A daganatok megered\u00e9s\u00e9nek, illetve n\u00f6veked\u00e9s\u00e9nek befoly\u00e1solhat\u00f3s\u00e1\u00adga k\u00eds\u00e9rleti \u00e1llatokban \u00e9s ennek gyakorlati vo\u00adnatkoz\u00e1sai. \u2013 Emberi influenzav\u00edrussal fert\u0151\u00adz\u00f6tt \u00e1llatokon v\u00e9gzett k\u00eds\u00e9rletes vizsg\u00e1latok (\u00c9rt. az Erd\u00e9lyi M\u00faz.-Egyes. Orvostud. Szak\u00adoszt\u00e1lya munk\u00e1j\u00e1r\u00f3l, 1943); \u00c1ltal\u00e1nos \u00e9s r\u00e9szletes bakteriol\u00f3gia \u00e9s v\u00edrustan (Mv., 1948); Parasitologia.(Mv., 1948); Problema imunit\u0103\u0163ii antiumorale la om \u015fi animale (Cluj, 1948); Bakteriol\u00f3giai gyakorlati (technikai) jegyzet (Mv., 1951, 1953); Bakteriol\u00f3giai gyakorlat (Mv., 1951, 1952); Mikrobiol\u00f3giai jegyzet, 1\u20134. k\u00f6t. 1. k\u00f6t.: \u00c1ltal\u00e1nos mikr\u00f3biol\u00f3gia, 2. k\u00f6t.: Immunit\u00e1stan, 3. k\u00f6t.: R\u00e9szletes bakteriol\u00f3gia (Mv., 1951), 4. k\u00f6t. Orvosi mycologia (Mv., 1952); Bakteriol\u00f3giai gyakorlati jegyzet (Mv., 1953); A k\u00eds\u00e9rletes daganatos betegs\u00e9g n\u00e9h\u00e1ny probl\u00e9m\u00e1ja. A daganat, szervezet \u00e9s k\u00fclvil\u00e1g viszony\u00e1nak n\u00e9h\u00e1ny k\u00e9rd\u00e9se (Bp., 1963); <strong>t\u00e1rssz.:<\/strong> Mikrobiol\u00f3giai jegyzet 1\u20134. k\u00f6t. (Szentkir\u00e1lyi \u00c9va, B\u00e1n Zsuzs\u00e1val, Mv, 1951\u201352); Immunit\u00e1stan (Szentkir\u00e1lyi \u00c9va, B\u00e1n Zsuzs\u00e1val, Mv., 1951); R\u00e9szletes bakteriol\u00f3gia 1\u20134 k\u00f6t.(Szentkir\u00e1lyi \u00c9va, B\u00e1n Zsuzsa-val, Mv., 1951\u201352); Mikr\u00f3biol\u00f3gia 1\u20133 k\u00f6t. (B\u00edr\u00f3 J\u00f3zsef, Kerest\u00e9ly J\u00e1nossal, \u00e1tdolgozta Bo\u00e9r L\u00e1szl\u00f3 (Mv., 1954, 1957); Laborat\u00f3riumi vizsg\u00e1latok indicati\u00f3ja \u00e9s \u00e9rt\u00e9kel\u00e9se (Fischer Antallal, Bp., 1961); Indica\u0163iile \u015fi interpretarea examenelor de laborator clinic (Fischer Antallal; Buc., 1964). <br \/><strong>Irod.:<\/strong> Bartos 2012; Dezs\u0151 Istv\u00e1n; Genersich; N.\u00fa. (1998. j\u00fan. 12.); P\u00e9terffy \u00c1.- P.P.; RMIL; Todea\u2013F\u00fcl\u00f6p\u2013Avram; T\u00f3th\u2013G\u00e1bor; \u00daM\u00c9L; Viharban; Vincze 2010<\/br><\/p>\n","protected":false},"excerpt":{"rendered":"<p>K\u00f6rm\u00f6cb\u00e1nya, 1901. nov. 14., \u2020 Bp., 1985. okt. 17.: orvos, egyetemi tan\u00e1r, patol\u00f3gus, mikrobiol\u00f3gus. -K\u00f6z\u00e9piskol\u00e1it a miskolci Ref. F\u0151gimn\u00e1ziumban v\u00e9gezte, orvosi oklevelet a budapesti P\u00e1zm\u00e1ny P\u00e9ter Tudom\u00e1nyegyetemen szerzett (1925)- Egyetemistak\u00e9n a bp.-i egy. \u00c4ltal\u00e1nos K\u00f3rtani \u00e9s Bakteriol\u00f3giai Int.-\u00e9ben gyakornok (1923\u201425), a bp.-i Szt. L\u00e1szl\u00f3 K\u00f3rh\u00e1z k\u00f3rbonctani oszt\u00e1ly\u00e1n \u00e9s laborat\u00f3rium\u00e1ban seg\u00e9dorvos (1925). A szegedi egy. k\u00f3rbonctani [&hellip;]<\/p>\n","protected":false},"featured_media":0,"comment_status":"open","ping_status":"closed","template":"","meta":[],"product_brand":[],"product_cat":[137],"product_tag":[],"class_list":{"0":"post-18819","1":"product","2":"type-product","3":"status-publish","5":"product_cat-maros-megyei-eletrajzi-lexikon","7":"first","8":"instock","9":"shipping-taxable","10":"product-type-simple"},"_links":{"self":[{"href":"https:\/\/uj.adatbank.ro\/lexikon\/wp-json\/wp\/v2\/product\/18819","targetHints":{"allow":["GET"]}}],"collection":[{"href":"https:\/\/uj.adatbank.ro\/lexikon\/wp-json\/wp\/v2\/product"}],"about":[{"href":"https:\/\/uj.adatbank.ro\/lexikon\/wp-json\/wp\/v2\/types\/product"}],"replies":[{"embeddable":true,"href":"https:\/\/uj.adatbank.ro\/lexikon\/wp-json\/wp\/v2\/comments?post=18819"}],"wp:attachment":[{"href":"https:\/\/uj.adatbank.ro\/lexikon\/wp-json\/wp\/v2\/media?parent=18819"}],"wp:term":[{"taxonomy":"product_brand","embeddable":true,"href":"https:\/\/uj.adatbank.ro\/lexikon\/wp-json\/wp\/v2\/product_brand?post=18819"},{"taxonomy":"product_cat","embeddable":true,"href":"https:\/\/uj.adatbank.ro\/lexikon\/wp-json\/wp\/v2\/product_cat?post=18819"},{"taxonomy":"product_tag","embeddable":true,"href":"https:\/\/uj.adatbank.ro\/lexikon\/wp-json\/wp\/v2\/product_tag?post=18819"}],"curies":[{"name":"wp","href":"https:\/\/api.w.org\/{rel}","templated":true}]}}