{"id":18820,"date":"2025-07-16T11:06:52","date_gmt":"2025-07-16T09:06:52","guid":{"rendered":"https:\/\/uj.adatbank.ro\/lexikon\/termek\/raab-erno-vince\/"},"modified":"2025-07-16T11:06:52","modified_gmt":"2025-07-16T09:06:52","slug":"raab-erno-vince","status":"publish","type":"product","link":"https:\/\/uj.adatbank.ro\/lexikon\/termek\/raab-erno-vince\/","title":{"rendered":"RA\u00c1B Ern\u0151 Vince"},"content":{"rendered":"<p>Parajd, 1913. m\u00e1rc. 22., \u2020\u00a0Mv., 1980. m\u00e1rc. 4.: keresked\u0151, tartal\u00e9kos husz\u00e1rhadnagy (1944. m\u00e1j. 1.\u2013).. \u2013 K\u00f6z\u00e9piskol\u00e1it Segesv\u00e1ron, Nagyszebenben \u00e9s Aradon v\u00e9gezte, majd keresked\u00e9st tanult 5 \u00e9ven kereszt\u00fcl, Buk.-ben is fejlesztette szaktud\u00e1s\u00e1t, \u00f6n\u00e1ll\u00f3 lett Gyulafeh\u00e9rv\u00e1ron (1937). Mv.-en nyitott konyhafelszerel\u00e9si- \u00e9s h\u00e1ztart\u00e1si szak\u00fczletet (1940). <br \/><strong>Irod.:<\/strong> Bene-Szab\u00f3; Sz\u00e9kelyf\u00f6ld \u00ed.k.<\/br><\/p>\n","protected":false},"excerpt":{"rendered":"<p>Parajd, 1913. m\u00e1rc. 22., \u2020\u00a0Mv., 1980. m\u00e1rc. 4.: keresked\u0151, tartal\u00e9kos husz\u00e1rhadnagy (1944. m\u00e1j. 1.\u2013).. \u2013 K\u00f6z\u00e9piskol\u00e1it Segesv\u00e1ron, Nagyszebenben \u00e9s Aradon v\u00e9gezte, majd keresked\u00e9st tanult 5 \u00e9ven kereszt\u00fcl, Buk.-ben is fejlesztette szaktud\u00e1s\u00e1t, \u00f6n\u00e1ll\u00f3 lett Gyulafeh\u00e9rv\u00e1ron (1937). Mv.-en nyitott konyhafelszerel\u00e9si- \u00e9s h\u00e1ztart\u00e1si szak\u00fczletet (1940). Irod.: Bene-Szab\u00f3; Sz\u00e9kelyf\u00f6ld \u00ed.k.<\/p>\n","protected":false},"featured_media":0,"comment_status":"open","ping_status":"closed","template":"","meta":[],"product_brand":[],"product_cat":[137],"product_tag":[],"class_list":{"0":"post-18820","1":"product","2":"type-product","3":"status-publish","5":"product_cat-maros-megyei-eletrajzi-lexikon","7":"first","8":"instock","9":"shipping-taxable","10":"product-type-simple"},"_links":{"self":[{"href":"https:\/\/uj.adatbank.ro\/lexikon\/wp-json\/wp\/v2\/product\/18820","targetHints":{"allow":["GET"]}}],"collection":[{"href":"https:\/\/uj.adatbank.ro\/lexikon\/wp-json\/wp\/v2\/product"}],"about":[{"href":"https:\/\/uj.adatbank.ro\/lexikon\/wp-json\/wp\/v2\/types\/product"}],"replies":[{"embeddable":true,"href":"https:\/\/uj.adatbank.ro\/lexikon\/wp-json\/wp\/v2\/comments?post=18820"}],"wp:attachment":[{"href":"https:\/\/uj.adatbank.ro\/lexikon\/wp-json\/wp\/v2\/media?parent=18820"}],"wp:term":[{"taxonomy":"product_brand","embeddable":true,"href":"https:\/\/uj.adatbank.ro\/lexikon\/wp-json\/wp\/v2\/product_brand?post=18820"},{"taxonomy":"product_cat","embeddable":true,"href":"https:\/\/uj.adatbank.ro\/lexikon\/wp-json\/wp\/v2\/product_cat?post=18820"},{"taxonomy":"product_tag","embeddable":true,"href":"https:\/\/uj.adatbank.ro\/lexikon\/wp-json\/wp\/v2\/product_tag?post=18820"}],"curies":[{"name":"wp","href":"https:\/\/api.w.org\/{rel}","templated":true}]}}