{"id":18821,"date":"2025-07-16T11:06:55","date_gmt":"2025-07-16T09:06:55","guid":{"rendered":"https:\/\/uj.adatbank.ro\/lexikon\/termek\/raab-magda-kuki\/"},"modified":"2025-07-16T11:06:55","modified_gmt":"2025-07-16T09:06:55","slug":"raab-magda-kuki","status":"publish","type":"product","link":"https:\/\/uj.adatbank.ro\/lexikon\/termek\/raab-magda-kuki\/","title":{"rendered":"RA\u00c1B Magda, Kuki"},"content":{"rendered":"<p>Mv., 1939. \u2020\u00a0Mv., 2000. m\u00e1rc. 11.\u00a0: zenetan\u00e1r, zen\u00e9sz, gordonk\u00e1s. \u2013 A Mv.-i Filharm\u00f3nia tagja, a M\u0171v\u00e9szeti Iskola tan\u00e1ra. <br \/><strong>Irod.:<\/strong> [Nekrol\u00f3g] (N\u00fa.,2000. m\u00e1rc. 13.)<\/br><\/p>\n","protected":false},"excerpt":{"rendered":"<p>Mv., 1939. \u2020\u00a0Mv., 2000. m\u00e1rc. 11.\u00a0: zenetan\u00e1r, zen\u00e9sz, gordonk\u00e1s. \u2013 A Mv.-i Filharm\u00f3nia tagja, a M\u0171v\u00e9szeti Iskola tan\u00e1ra. Irod.: [Nekrol\u00f3g] (N\u00fa.,2000. m\u00e1rc. 13.)<\/p>\n","protected":false},"featured_media":0,"comment_status":"open","ping_status":"closed","template":"","meta":[],"product_brand":[],"product_cat":[137],"product_tag":[],"class_list":{"0":"post-18821","1":"product","2":"type-product","3":"status-publish","5":"product_cat-maros-megyei-eletrajzi-lexikon","7":"first","8":"instock","9":"shipping-taxable","10":"product-type-simple"},"_links":{"self":[{"href":"https:\/\/uj.adatbank.ro\/lexikon\/wp-json\/wp\/v2\/product\/18821","targetHints":{"allow":["GET"]}}],"collection":[{"href":"https:\/\/uj.adatbank.ro\/lexikon\/wp-json\/wp\/v2\/product"}],"about":[{"href":"https:\/\/uj.adatbank.ro\/lexikon\/wp-json\/wp\/v2\/types\/product"}],"replies":[{"embeddable":true,"href":"https:\/\/uj.adatbank.ro\/lexikon\/wp-json\/wp\/v2\/comments?post=18821"}],"wp:attachment":[{"href":"https:\/\/uj.adatbank.ro\/lexikon\/wp-json\/wp\/v2\/media?parent=18821"}],"wp:term":[{"taxonomy":"product_brand","embeddable":true,"href":"https:\/\/uj.adatbank.ro\/lexikon\/wp-json\/wp\/v2\/product_brand?post=18821"},{"taxonomy":"product_cat","embeddable":true,"href":"https:\/\/uj.adatbank.ro\/lexikon\/wp-json\/wp\/v2\/product_cat?post=18821"},{"taxonomy":"product_tag","embeddable":true,"href":"https:\/\/uj.adatbank.ro\/lexikon\/wp-json\/wp\/v2\/product_tag?post=18821"}],"curies":[{"name":"wp","href":"https:\/\/api.w.org\/{rel}","templated":true}]}}