{"id":18822,"date":"2025-07-16T11:06:57","date_gmt":"2025-07-16T09:06:57","guid":{"rendered":"https:\/\/uj.adatbank.ro\/lexikon\/termek\/rabak-istvan\/"},"modified":"2025-07-16T11:06:57","modified_gmt":"2025-07-16T09:06:57","slug":"rabak-istvan","status":"publish","type":"product","link":"https:\/\/uj.adatbank.ro\/lexikon\/termek\/rabak-istvan\/","title":{"rendered":"RAB\u00c1K Istv\u00e1n"},"content":{"rendered":"<p>? \u2020\u00a0?: f\u00f6ldbirtokos. \u2013 Disznaj\u00f3n szerepelt a k\u00e1rp\u00f3tl\u00e1si list\u00e1n (1860). <br \/><strong>Irod.:<\/strong> Cs\u0151sz Irma: N\u00e9phagyom\u00e1nyok Disznaj\u00f3n. (Mv., 1998)<\/br><\/p>\n","protected":false},"excerpt":{"rendered":"<p>? \u2020\u00a0?: f\u00f6ldbirtokos. \u2013 Disznaj\u00f3n szerepelt a k\u00e1rp\u00f3tl\u00e1si list\u00e1n (1860). Irod.: Cs\u0151sz Irma: N\u00e9phagyom\u00e1nyok Disznaj\u00f3n. (Mv., 1998)<\/p>\n","protected":false},"featured_media":0,"comment_status":"open","ping_status":"closed","template":"","meta":[],"product_brand":[],"product_cat":[137],"product_tag":[],"class_list":{"0":"post-18822","1":"product","2":"type-product","3":"status-publish","5":"product_cat-maros-megyei-eletrajzi-lexikon","7":"first","8":"instock","9":"shipping-taxable","10":"product-type-simple"},"_links":{"self":[{"href":"https:\/\/uj.adatbank.ro\/lexikon\/wp-json\/wp\/v2\/product\/18822","targetHints":{"allow":["GET"]}}],"collection":[{"href":"https:\/\/uj.adatbank.ro\/lexikon\/wp-json\/wp\/v2\/product"}],"about":[{"href":"https:\/\/uj.adatbank.ro\/lexikon\/wp-json\/wp\/v2\/types\/product"}],"replies":[{"embeddable":true,"href":"https:\/\/uj.adatbank.ro\/lexikon\/wp-json\/wp\/v2\/comments?post=18822"}],"wp:attachment":[{"href":"https:\/\/uj.adatbank.ro\/lexikon\/wp-json\/wp\/v2\/media?parent=18822"}],"wp:term":[{"taxonomy":"product_brand","embeddable":true,"href":"https:\/\/uj.adatbank.ro\/lexikon\/wp-json\/wp\/v2\/product_brand?post=18822"},{"taxonomy":"product_cat","embeddable":true,"href":"https:\/\/uj.adatbank.ro\/lexikon\/wp-json\/wp\/v2\/product_cat?post=18822"},{"taxonomy":"product_tag","embeddable":true,"href":"https:\/\/uj.adatbank.ro\/lexikon\/wp-json\/wp\/v2\/product_tag?post=18822"}],"curies":[{"name":"wp","href":"https:\/\/api.w.org\/{rel}","templated":true}]}}