{"id":18823,"date":"2025-07-16T11:06:59","date_gmt":"2025-07-16T09:06:59","guid":{"rendered":"https:\/\/uj.adatbank.ro\/lexikon\/termek\/rabeja-leonid\/"},"modified":"2025-07-16T11:06:59","modified_gmt":"2025-07-16T09:06:59","slug":"rabeja-leonid","status":"publish","type":"product","link":"https:\/\/uj.adatbank.ro\/lexikon\/termek\/rabeja-leonid\/","title":{"rendered":"RABEJA Leonid"},"content":{"rendered":"<p>? \u2020\u00a0?: zen\u00e9sz. \u2013 A mv.-i Sz\u00e9kely Sz\u00ednh\u00e1z el\u0151ad\u00e1sain zenei szerkeszt\u0151\u00a0: I. Franco\u00a0: Ellopott boldogs\u00e1g (1953)\u00a0; B. Gorbatov\u00a0: Ap\u00e1k ifj\u00fas\u00e1ga\u00a0; Abruzov\u00a0: M\u00e1sodik szerelem -git\u00e1rozott). <br \/><strong>Irod.:<\/strong> Horv\u00e1th Bea<\/br><\/p>\n","protected":false},"excerpt":{"rendered":"<p>? \u2020\u00a0?: zen\u00e9sz. \u2013 A mv.-i Sz\u00e9kely Sz\u00ednh\u00e1z el\u0151ad\u00e1sain zenei szerkeszt\u0151\u00a0: I. Franco\u00a0: Ellopott boldogs\u00e1g (1953)\u00a0; B. Gorbatov\u00a0: Ap\u00e1k ifj\u00fas\u00e1ga\u00a0; Abruzov\u00a0: M\u00e1sodik szerelem -git\u00e1rozott). Irod.: Horv\u00e1th Bea<\/p>\n","protected":false},"featured_media":0,"comment_status":"open","ping_status":"closed","template":"","meta":[],"product_brand":[],"product_cat":[137],"product_tag":[],"class_list":{"0":"post-18823","1":"product","2":"type-product","3":"status-publish","5":"product_cat-maros-megyei-eletrajzi-lexikon","7":"first","8":"instock","9":"shipping-taxable","10":"product-type-simple"},"_links":{"self":[{"href":"https:\/\/uj.adatbank.ro\/lexikon\/wp-json\/wp\/v2\/product\/18823","targetHints":{"allow":["GET"]}}],"collection":[{"href":"https:\/\/uj.adatbank.ro\/lexikon\/wp-json\/wp\/v2\/product"}],"about":[{"href":"https:\/\/uj.adatbank.ro\/lexikon\/wp-json\/wp\/v2\/types\/product"}],"replies":[{"embeddable":true,"href":"https:\/\/uj.adatbank.ro\/lexikon\/wp-json\/wp\/v2\/comments?post=18823"}],"wp:attachment":[{"href":"https:\/\/uj.adatbank.ro\/lexikon\/wp-json\/wp\/v2\/media?parent=18823"}],"wp:term":[{"taxonomy":"product_brand","embeddable":true,"href":"https:\/\/uj.adatbank.ro\/lexikon\/wp-json\/wp\/v2\/product_brand?post=18823"},{"taxonomy":"product_cat","embeddable":true,"href":"https:\/\/uj.adatbank.ro\/lexikon\/wp-json\/wp\/v2\/product_cat?post=18823"},{"taxonomy":"product_tag","embeddable":true,"href":"https:\/\/uj.adatbank.ro\/lexikon\/wp-json\/wp\/v2\/product_tag?post=18823"}],"curies":[{"name":"wp","href":"https:\/\/api.w.org\/{rel}","templated":true}]}}