{"id":18827,"date":"2025-07-16T11:07:08","date_gmt":"2025-07-16T09:07:08","guid":{"rendered":"https:\/\/uj.adatbank.ro\/lexikon\/termek\/raceanu-ileana-ilonka-papp\/"},"modified":"2025-07-16T11:07:08","modified_gmt":"2025-07-16T09:07:08","slug":"raceanu-ileana-ilonka-papp","status":"publish","type":"product","link":"https:\/\/uj.adatbank.ro\/lexikon\/termek\/raceanu-ileana-ilonka-papp\/","title":{"rendered":"R\u0102CEANU, Ileana, Ilonka Papp"},"content":{"rendered":"<p>1911. szept. 3., \u2020 1981.: a RMP KB Rev\u00edzi\u00f3s Bizotts\u00e1g\u00e1nak p\u00f3ttagja (1955. dec. 28.\u20131958. j\u00fan. 13.); a MAT k\u00e9pvisel\u0151je a Nagy Nemzetgy\u0171l\u00e9sben (1952. nov. 30.\u20131958); az Orsz\u00e1gos N\u0151sz\u00f6vets\u00e9g aleln\u00f6ke (1950\u201361). <br \/><strong>Irod.:<\/strong> Cri\u015fan<\/br><\/p>\n","protected":false},"excerpt":{"rendered":"<p>1911. szept. 3., \u2020 1981.: a RMP KB Rev\u00edzi\u00f3s Bizotts\u00e1g\u00e1nak p\u00f3ttagja (1955. dec. 28.\u20131958. j\u00fan. 13.); a MAT k\u00e9pvisel\u0151je a Nagy Nemzetgy\u0171l\u00e9sben (1952. nov. 30.\u20131958); az Orsz\u00e1gos N\u0151sz\u00f6vets\u00e9g aleln\u00f6ke (1950\u201361). Irod.: Cri\u015fan<\/p>\n","protected":false},"featured_media":0,"comment_status":"open","ping_status":"closed","template":"","meta":[],"product_brand":[],"product_cat":[137],"product_tag":[],"class_list":{"0":"post-18827","1":"product","2":"type-product","3":"status-publish","5":"product_cat-maros-megyei-eletrajzi-lexikon","7":"first","8":"instock","9":"shipping-taxable","10":"product-type-simple"},"_links":{"self":[{"href":"https:\/\/uj.adatbank.ro\/lexikon\/wp-json\/wp\/v2\/product\/18827","targetHints":{"allow":["GET"]}}],"collection":[{"href":"https:\/\/uj.adatbank.ro\/lexikon\/wp-json\/wp\/v2\/product"}],"about":[{"href":"https:\/\/uj.adatbank.ro\/lexikon\/wp-json\/wp\/v2\/types\/product"}],"replies":[{"embeddable":true,"href":"https:\/\/uj.adatbank.ro\/lexikon\/wp-json\/wp\/v2\/comments?post=18827"}],"wp:attachment":[{"href":"https:\/\/uj.adatbank.ro\/lexikon\/wp-json\/wp\/v2\/media?parent=18827"}],"wp:term":[{"taxonomy":"product_brand","embeddable":true,"href":"https:\/\/uj.adatbank.ro\/lexikon\/wp-json\/wp\/v2\/product_brand?post=18827"},{"taxonomy":"product_cat","embeddable":true,"href":"https:\/\/uj.adatbank.ro\/lexikon\/wp-json\/wp\/v2\/product_cat?post=18827"},{"taxonomy":"product_tag","embeddable":true,"href":"https:\/\/uj.adatbank.ro\/lexikon\/wp-json\/wp\/v2\/product_tag?post=18827"}],"curies":[{"name":"wp","href":"https:\/\/api.w.org\/{rel}","templated":true}]}}