{"id":18829,"date":"2025-07-16T11:07:15","date_gmt":"2025-07-16T09:07:15","guid":{"rendered":"https:\/\/uj.adatbank.ro\/lexikon\/termek\/raceanu-petru-2\/"},"modified":"2025-07-16T11:07:15","modified_gmt":"2025-07-16T09:07:15","slug":"raceanu-petru-2","status":"publish","type":"product","link":"https:\/\/uj.adatbank.ro\/lexikon\/termek\/raceanu-petru-2\/","title":{"rendered":"R\u0102CEANU, Petru"},"content":{"rendered":"<p>Mez\u0151pagocsa, 1922. febr. 21., \u2020 Palotailva, 1944. szept. 25.: katona, k\u00e1pl\u00e1r. \u2013 A gyulafeh\u00e9rv\u00e1ri 6. pion\u00e9r ezredn\u00e9l szolg\u00e1lt, amely r\u00e9szt vett a K\u00f6z\u00e9p-Marosmente felszabad\u00edt\u00e1s\u00e1ban Radn\u00f3t, Maroscsap\u00f3, Marosorb\u00f3 vonal\u00e1ban. Akna robban\u00e1s k\u00f6vetkezt\u00e9ben halt meg amikor r\u00e9szt vett Palotailva, Marosv\u00e9cs, R\u00e9gen aknamentes\u00edt\u00e9s\u00e9ben. Palotailv\u00e1n temett\u00e9k m\u00e9g h\u00e1rom bajt\u00e1rs\u00e1val egy\u00fctt. <br \/><strong>Irod.:<\/strong> MMK<\/br><\/p>\n","protected":false},"excerpt":{"rendered":"<p>Mez\u0151pagocsa, 1922. febr. 21., \u2020 Palotailva, 1944. szept. 25.: katona, k\u00e1pl\u00e1r. \u2013 A gyulafeh\u00e9rv\u00e1ri 6. pion\u00e9r ezredn\u00e9l szolg\u00e1lt, amely r\u00e9szt vett a K\u00f6z\u00e9p-Marosmente felszabad\u00edt\u00e1s\u00e1ban Radn\u00f3t, Maroscsap\u00f3, Marosorb\u00f3 vonal\u00e1ban. Akna robban\u00e1s k\u00f6vetkezt\u00e9ben halt meg amikor r\u00e9szt vett Palotailva, Marosv\u00e9cs, R\u00e9gen aknamentes\u00edt\u00e9s\u00e9ben. Palotailv\u00e1n temett\u00e9k m\u00e9g h\u00e1rom bajt\u00e1rs\u00e1val egy\u00fctt. Irod.: MMK<\/p>\n","protected":false},"featured_media":0,"comment_status":"open","ping_status":"closed","template":"","meta":[],"product_brand":[],"product_cat":[137],"product_tag":[],"class_list":{"0":"post-18829","1":"product","2":"type-product","3":"status-publish","5":"product_cat-maros-megyei-eletrajzi-lexikon","7":"first","8":"instock","9":"shipping-taxable","10":"product-type-simple"},"_links":{"self":[{"href":"https:\/\/uj.adatbank.ro\/lexikon\/wp-json\/wp\/v2\/product\/18829","targetHints":{"allow":["GET"]}}],"collection":[{"href":"https:\/\/uj.adatbank.ro\/lexikon\/wp-json\/wp\/v2\/product"}],"about":[{"href":"https:\/\/uj.adatbank.ro\/lexikon\/wp-json\/wp\/v2\/types\/product"}],"replies":[{"embeddable":true,"href":"https:\/\/uj.adatbank.ro\/lexikon\/wp-json\/wp\/v2\/comments?post=18829"}],"wp:attachment":[{"href":"https:\/\/uj.adatbank.ro\/lexikon\/wp-json\/wp\/v2\/media?parent=18829"}],"wp:term":[{"taxonomy":"product_brand","embeddable":true,"href":"https:\/\/uj.adatbank.ro\/lexikon\/wp-json\/wp\/v2\/product_brand?post=18829"},{"taxonomy":"product_cat","embeddable":true,"href":"https:\/\/uj.adatbank.ro\/lexikon\/wp-json\/wp\/v2\/product_cat?post=18829"},{"taxonomy":"product_tag","embeddable":true,"href":"https:\/\/uj.adatbank.ro\/lexikon\/wp-json\/wp\/v2\/product_tag?post=18829"}],"curies":[{"name":"wp","href":"https:\/\/api.w.org\/{rel}","templated":true}]}}