{"id":1883,"date":"2025-06-28T11:56:30","date_gmt":"2025-06-28T09:56:30","guid":{"rendered":"https:\/\/uj.adatbank.ro\/lexikon\/termek\/bako-imre-csikfalvi\/"},"modified":"2025-06-28T11:56:30","modified_gmt":"2025-06-28T09:56:30","slug":"bako-imre-csikfalvi","status":"publish","type":"product","link":"https:\/\/uj.adatbank.ro\/lexikon\/termek\/bako-imre-csikfalvi\/","title":{"rendered":"BAK\u00d3 Imre, cs\u00edkfalvi"},"content":{"rendered":"<p>? \u2020\u00a0? : alkir\u00e1lyb\u00edr\u00f3. \u2013 Fiai: Istv\u00e1n \u00e9s P\u00e9ter. \u2013 Primipilusk\u00e9nt lustr\u00e1lt (1602), majd a k\u00f6vetkez\u0151 \u00f6ssze\u00edr\u00e1skor is lustr\u00e1lt (1614 \u00e9s 1635), az ut\u00f3bbin a fiai is lustr\u00e1ltakAlkir\u00e1lyb\u00edr\u00f3 Marossz\u00e9ken (1610, 1621). B\u00e1thory G\u00e1bort\u00f3l Cs\u00edkfalv\u00e1n l\u00e9v\u0151 r\u00e9szj\u00f3sz\u00e1gaira \u00fajabb adom\u00e1nyt nyert (1601. jan. 5.). Marossz\u00e9k di\u00e9tai k\u00f6vete (1636, 1637. febr. 12). P\u00e9ter fi\u00e1val egy\u00fctt Marossz\u00e9k t\u00f6r\u00f6k k\u00f6vete (1637). <br \/><strong>Irod.:<\/strong> Cs\u00edkfalva; MCK; P\u00e1lmay<\/br><\/p>\n","protected":false},"excerpt":{"rendered":"<p>? \u2020\u00a0? : alkir\u00e1lyb\u00edr\u00f3. \u2013 Fiai: Istv\u00e1n \u00e9s P\u00e9ter. \u2013 Primipilusk\u00e9nt lustr\u00e1lt (1602), majd a k\u00f6vetkez\u0151 \u00f6ssze\u00edr\u00e1skor is lustr\u00e1lt (1614 \u00e9s 1635), az ut\u00f3bbin a fiai is lustr\u00e1ltakAlkir\u00e1lyb\u00edr\u00f3 Marossz\u00e9ken (1610, 1621). B\u00e1thory G\u00e1bort\u00f3l Cs\u00edkfalv\u00e1n l\u00e9v\u0151 r\u00e9szj\u00f3sz\u00e1gaira \u00fajabb adom\u00e1nyt nyert (1601. jan. 5.). Marossz\u00e9k di\u00e9tai k\u00f6vete (1636, 1637. febr. 12). P\u00e9ter fi\u00e1val egy\u00fctt Marossz\u00e9k t\u00f6r\u00f6k k\u00f6vete [&hellip;]<\/p>\n","protected":false},"featured_media":0,"comment_status":"open","ping_status":"closed","template":"","meta":[],"product_brand":[],"product_cat":[137],"product_tag":[],"class_list":{"0":"post-1883","1":"product","2":"type-product","3":"status-publish","5":"product_cat-maros-megyei-eletrajzi-lexikon","7":"first","8":"instock","9":"shipping-taxable","10":"product-type-simple"},"_links":{"self":[{"href":"https:\/\/uj.adatbank.ro\/lexikon\/wp-json\/wp\/v2\/product\/1883","targetHints":{"allow":["GET"]}}],"collection":[{"href":"https:\/\/uj.adatbank.ro\/lexikon\/wp-json\/wp\/v2\/product"}],"about":[{"href":"https:\/\/uj.adatbank.ro\/lexikon\/wp-json\/wp\/v2\/types\/product"}],"replies":[{"embeddable":true,"href":"https:\/\/uj.adatbank.ro\/lexikon\/wp-json\/wp\/v2\/comments?post=1883"}],"wp:attachment":[{"href":"https:\/\/uj.adatbank.ro\/lexikon\/wp-json\/wp\/v2\/media?parent=1883"}],"wp:term":[{"taxonomy":"product_brand","embeddable":true,"href":"https:\/\/uj.adatbank.ro\/lexikon\/wp-json\/wp\/v2\/product_brand?post=1883"},{"taxonomy":"product_cat","embeddable":true,"href":"https:\/\/uj.adatbank.ro\/lexikon\/wp-json\/wp\/v2\/product_cat?post=1883"},{"taxonomy":"product_tag","embeddable":true,"href":"https:\/\/uj.adatbank.ro\/lexikon\/wp-json\/wp\/v2\/product_tag?post=1883"}],"curies":[{"name":"wp","href":"https:\/\/api.w.org\/{rel}","templated":true}]}}