{"id":18832,"date":"2025-07-16T11:07:24","date_gmt":"2025-07-16T09:07:24","guid":{"rendered":"https:\/\/uj.adatbank.ro\/lexikon\/termek\/racotianu-demetriu\/"},"modified":"2025-07-16T11:07:24","modified_gmt":"2025-07-16T09:07:24","slug":"racotianu-demetriu","status":"publish","type":"product","link":"https:\/\/uj.adatbank.ro\/lexikon\/termek\/racotianu-demetriu\/","title":{"rendered":"RACO\u0162IANU, Demetriu"},"content":{"rendered":"<p>Lib\u00e1nfalva, 1874. m\u00e1j. 4., \u2020 ? : g. kat. pap. \u2013 Bal\u00e1zsfalv\u00e1n v\u00e9gezte a gimn.-ot (1893) \u00e9s a teol\u00f3giai tanulm\u00e1nyait (1897), Victor Mihaly de Ap\u015fa \u00e9rsek szentelte papp\u00e1 (1897. dec.3.) Marosfelfaluban szolg\u00e1lt (1897\u20131901). <br \/><strong>Irod.:<\/strong> Dobozi<\/br><\/p>\n","protected":false},"excerpt":{"rendered":"<p>Lib\u00e1nfalva, 1874. m\u00e1j. 4., \u2020 ? : g. kat. pap. \u2013 Bal\u00e1zsfalv\u00e1n v\u00e9gezte a gimn.-ot (1893) \u00e9s a teol\u00f3giai tanulm\u00e1nyait (1897), Victor Mihaly de Ap\u015fa \u00e9rsek szentelte papp\u00e1 (1897. dec.3.) Marosfelfaluban szolg\u00e1lt (1897\u20131901). Irod.: Dobozi<\/p>\n","protected":false},"featured_media":0,"comment_status":"open","ping_status":"closed","template":"","meta":[],"product_brand":[],"product_cat":[137],"product_tag":[],"class_list":{"0":"post-18832","1":"product","2":"type-product","3":"status-publish","5":"product_cat-maros-megyei-eletrajzi-lexikon","7":"first","8":"instock","9":"shipping-taxable","10":"product-type-simple"},"_links":{"self":[{"href":"https:\/\/uj.adatbank.ro\/lexikon\/wp-json\/wp\/v2\/product\/18832","targetHints":{"allow":["GET"]}}],"collection":[{"href":"https:\/\/uj.adatbank.ro\/lexikon\/wp-json\/wp\/v2\/product"}],"about":[{"href":"https:\/\/uj.adatbank.ro\/lexikon\/wp-json\/wp\/v2\/types\/product"}],"replies":[{"embeddable":true,"href":"https:\/\/uj.adatbank.ro\/lexikon\/wp-json\/wp\/v2\/comments?post=18832"}],"wp:attachment":[{"href":"https:\/\/uj.adatbank.ro\/lexikon\/wp-json\/wp\/v2\/media?parent=18832"}],"wp:term":[{"taxonomy":"product_brand","embeddable":true,"href":"https:\/\/uj.adatbank.ro\/lexikon\/wp-json\/wp\/v2\/product_brand?post=18832"},{"taxonomy":"product_cat","embeddable":true,"href":"https:\/\/uj.adatbank.ro\/lexikon\/wp-json\/wp\/v2\/product_cat?post=18832"},{"taxonomy":"product_tag","embeddable":true,"href":"https:\/\/uj.adatbank.ro\/lexikon\/wp-json\/wp\/v2\/product_tag?post=18832"}],"curies":[{"name":"wp","href":"https:\/\/api.w.org\/{rel}","templated":true}]}}