{"id":18834,"date":"2025-07-16T11:07:30","date_gmt":"2025-07-16T09:07:30","guid":{"rendered":"https:\/\/uj.adatbank.ro\/lexikon\/termek\/racoviteanu-nicolae\/"},"modified":"2025-07-16T11:07:30","modified_gmt":"2025-07-16T09:07:30","slug":"racoviteanu-nicolae","status":"publish","type":"product","link":"https:\/\/uj.adatbank.ro\/lexikon\/termek\/racoviteanu-nicolae\/","title":{"rendered":"RACOVI\u0162EANU, Nicolae"},"content":{"rendered":"<p>Maroskece , ? \u2020 ? : g. kat. lelk\u00e9sz. Apja is lelk\u00e9szk\u00e9nt szolg\u00e1lt Kec\u00e9ben. Bal\u00e1zsfalv\u00e1n v\u00e9gezte a gimn\u00e1ziumot (1886\u201393), majd a teol\u00f3gi\u00e1t is (1899). Cintoson (Maros) tan\u00edtott egy \u00e9vig, papp\u00e1 szentel\u00e9se ut\u00e1n par\u00f3chiai jegyz\u0151 Tordaegeresen (1900\u2013).Gerendkereszt\u00faron (Maros) \u00e9s sok m\u00e1s Maros \u2013 \u00e9s K\u00fck\u00fcll\u0151menti faluban n\u00e9pk\u00f6lt\u00e9szeti alkot\u00e1sokat gy\u0171jt\u00f6tt (doin\u00e1kat, katonadalokat, kurjant\u00e1sokat stb.), amelyeket Flori de c\u00e2mp c.-mel, m\u00e1s gy\u0171jt\u0151k anyag\u00e1val egy\u00fctt ki is adott. <br \/><strong>Irod.:<\/strong> \u015eerban 2006<\/br><\/p>\n","protected":false},"excerpt":{"rendered":"<p>Maroskece , ? \u2020 ? : g. kat. lelk\u00e9sz. Apja is lelk\u00e9szk\u00e9nt szolg\u00e1lt Kec\u00e9ben. Bal\u00e1zsfalv\u00e1n v\u00e9gezte a gimn\u00e1ziumot (1886\u201393), majd a teol\u00f3gi\u00e1t is (1899). Cintoson (Maros) tan\u00edtott egy \u00e9vig, papp\u00e1 szentel\u00e9se ut\u00e1n par\u00f3chiai jegyz\u0151 Tordaegeresen (1900\u2013).Gerendkereszt\u00faron (Maros) \u00e9s sok m\u00e1s Maros \u2013 \u00e9s K\u00fck\u00fcll\u0151menti faluban n\u00e9pk\u00f6lt\u00e9szeti alkot\u00e1sokat gy\u0171jt\u00f6tt (doin\u00e1kat, katonadalokat, kurjant\u00e1sokat stb.), amelyeket Flori de [&hellip;]<\/p>\n","protected":false},"featured_media":0,"comment_status":"open","ping_status":"closed","template":"","meta":[],"product_brand":[],"product_cat":[137],"product_tag":[],"class_list":{"0":"post-18834","1":"product","2":"type-product","3":"status-publish","5":"product_cat-maros-megyei-eletrajzi-lexikon","7":"first","8":"instock","9":"shipping-taxable","10":"product-type-simple"},"_links":{"self":[{"href":"https:\/\/uj.adatbank.ro\/lexikon\/wp-json\/wp\/v2\/product\/18834","targetHints":{"allow":["GET"]}}],"collection":[{"href":"https:\/\/uj.adatbank.ro\/lexikon\/wp-json\/wp\/v2\/product"}],"about":[{"href":"https:\/\/uj.adatbank.ro\/lexikon\/wp-json\/wp\/v2\/types\/product"}],"replies":[{"embeddable":true,"href":"https:\/\/uj.adatbank.ro\/lexikon\/wp-json\/wp\/v2\/comments?post=18834"}],"wp:attachment":[{"href":"https:\/\/uj.adatbank.ro\/lexikon\/wp-json\/wp\/v2\/media?parent=18834"}],"wp:term":[{"taxonomy":"product_brand","embeddable":true,"href":"https:\/\/uj.adatbank.ro\/lexikon\/wp-json\/wp\/v2\/product_brand?post=18834"},{"taxonomy":"product_cat","embeddable":true,"href":"https:\/\/uj.adatbank.ro\/lexikon\/wp-json\/wp\/v2\/product_cat?post=18834"},{"taxonomy":"product_tag","embeddable":true,"href":"https:\/\/uj.adatbank.ro\/lexikon\/wp-json\/wp\/v2\/product_tag?post=18834"}],"curies":[{"name":"wp","href":"https:\/\/api.w.org\/{rel}","templated":true}]}}