{"id":18838,"date":"2025-07-16T11:07:38","date_gmt":"2025-07-16T09:07:38","guid":{"rendered":"https:\/\/uj.adatbank.ro\/lexikon\/termek\/racz-bela\/"},"modified":"2025-07-16T11:07:38","modified_gmt":"2025-07-16T09:07:38","slug":"racz-bela","status":"publish","type":"product","link":"https:\/\/uj.adatbank.ro\/lexikon\/termek\/racz-bela\/","title":{"rendered":"RACZ B\u00e9la"},"content":{"rendered":"<p>1926.,\u2020\u00a0Mv., 2018: orvos. \u2013 A Mv.-i R.K. F\u0151gimn.-ban \u00e9retts\u00e9gizett (1945). A MOGYI orvosi kar\u00e1n v\u00e9gzett (1951). A Kaca k\u00f6zs\u00e9gben (Brass\u00f3 megye) volt k\u00f6rzeti orvos (1951-nyugd\u00edjas kor\u00e1ig). <br \/><strong>Irod.:<\/strong> Kiss-P.- P.<\/br><\/p>\n","protected":false},"excerpt":{"rendered":"<p>1926.,\u2020\u00a0Mv., 2018: orvos. \u2013 A Mv.-i R.K. F\u0151gimn.-ban \u00e9retts\u00e9gizett (1945). A MOGYI orvosi kar\u00e1n v\u00e9gzett (1951). A Kaca k\u00f6zs\u00e9gben (Brass\u00f3 megye) volt k\u00f6rzeti orvos (1951-nyugd\u00edjas kor\u00e1ig). Irod.: Kiss-P.- P.<\/p>\n","protected":false},"featured_media":0,"comment_status":"open","ping_status":"closed","template":"","meta":[],"product_brand":[],"product_cat":[137],"product_tag":[],"class_list":{"0":"post-18838","1":"product","2":"type-product","3":"status-publish","5":"product_cat-maros-megyei-eletrajzi-lexikon","7":"first","8":"instock","9":"shipping-taxable","10":"product-type-simple"},"_links":{"self":[{"href":"https:\/\/uj.adatbank.ro\/lexikon\/wp-json\/wp\/v2\/product\/18838","targetHints":{"allow":["GET"]}}],"collection":[{"href":"https:\/\/uj.adatbank.ro\/lexikon\/wp-json\/wp\/v2\/product"}],"about":[{"href":"https:\/\/uj.adatbank.ro\/lexikon\/wp-json\/wp\/v2\/types\/product"}],"replies":[{"embeddable":true,"href":"https:\/\/uj.adatbank.ro\/lexikon\/wp-json\/wp\/v2\/comments?post=18838"}],"wp:attachment":[{"href":"https:\/\/uj.adatbank.ro\/lexikon\/wp-json\/wp\/v2\/media?parent=18838"}],"wp:term":[{"taxonomy":"product_brand","embeddable":true,"href":"https:\/\/uj.adatbank.ro\/lexikon\/wp-json\/wp\/v2\/product_brand?post=18838"},{"taxonomy":"product_cat","embeddable":true,"href":"https:\/\/uj.adatbank.ro\/lexikon\/wp-json\/wp\/v2\/product_cat?post=18838"},{"taxonomy":"product_tag","embeddable":true,"href":"https:\/\/uj.adatbank.ro\/lexikon\/wp-json\/wp\/v2\/product_tag?post=18838"}],"curies":[{"name":"wp","href":"https:\/\/api.w.org\/{rel}","templated":true}]}}