{"id":1884,"date":"2025-06-28T11:56:32","date_gmt":"2025-06-28T09:56:32","guid":{"rendered":"https:\/\/uj.adatbank.ro\/lexikon\/termek\/bako-istvan-csikfalvi\/"},"modified":"2025-06-28T11:56:32","modified_gmt":"2025-06-28T09:56:32","slug":"bako-istvan-csikfalvi","status":"publish","type":"product","link":"https:\/\/uj.adatbank.ro\/lexikon\/termek\/bako-istvan-csikfalvi\/","title":{"rendered":"BAK\u00d3 Istv\u00e1n, cs\u00edkfalvi"},"content":{"rendered":"<p>? \u2020\u00a0Sz\u00e1szsebes, 1660. j\u00fal. 3.: kapit\u00e1ny. \u2013 Apja: B. Imre.- Marossz\u00e9k alkir\u00e1lyb\u00edr\u00e1ja (1635), substitutus kapit\u00e1nya, k\u00e9s\u0151bb f\u0151kapit\u00e1nya (1659. \u00e1pr. 24. \u2013). Barcsai G\u00e1sp\u00e1r, (\u00c1kos fejedelem testv\u00e9re), mint a sz\u00e9kelyek egyik vez\u00e9r\u00e9t, R\u00e1k\u00f3czi h\u00edv\u00e9t, kihallgat\u00e1s n\u00e9lk\u00fcl felakasztatta a sz\u00e1szsebesi piacon, egy\u00fctt Veress J\u00e1nos udvari katonai hadnaggyal. <br \/><strong>Irod.:<\/strong> Cs\u00edkfalva; Id\u0151t\u00e1r 1.; Kraus: Erd\u00e9lyi kr\u00f3nika; Marossz\u00e9ki kr\u00f3nik\u00e1k 1.; P\u00e1lmay<\/br><\/p>\n","protected":false},"excerpt":{"rendered":"<p>? \u2020\u00a0Sz\u00e1szsebes, 1660. j\u00fal. 3.: kapit\u00e1ny. \u2013 Apja: B. Imre.- Marossz\u00e9k alkir\u00e1lyb\u00edr\u00e1ja (1635), substitutus kapit\u00e1nya, k\u00e9s\u0151bb f\u0151kapit\u00e1nya (1659. \u00e1pr. 24. \u2013). Barcsai G\u00e1sp\u00e1r, (\u00c1kos fejedelem testv\u00e9re), mint a sz\u00e9kelyek egyik vez\u00e9r\u00e9t, R\u00e1k\u00f3czi h\u00edv\u00e9t, kihallgat\u00e1s n\u00e9lk\u00fcl felakasztatta a sz\u00e1szsebesi piacon, egy\u00fctt Veress J\u00e1nos udvari katonai hadnaggyal. Irod.: Cs\u00edkfalva; Id\u0151t\u00e1r 1.; Kraus: Erd\u00e9lyi kr\u00f3nika; Marossz\u00e9ki kr\u00f3nik\u00e1k 1.; [&hellip;]<\/p>\n","protected":false},"featured_media":0,"comment_status":"open","ping_status":"closed","template":"","meta":[],"product_brand":[],"product_cat":[137],"product_tag":[],"class_list":{"0":"post-1884","1":"product","2":"type-product","3":"status-publish","5":"product_cat-maros-megyei-eletrajzi-lexikon","7":"first","8":"instock","9":"shipping-taxable","10":"product-type-simple"},"_links":{"self":[{"href":"https:\/\/uj.adatbank.ro\/lexikon\/wp-json\/wp\/v2\/product\/1884","targetHints":{"allow":["GET"]}}],"collection":[{"href":"https:\/\/uj.adatbank.ro\/lexikon\/wp-json\/wp\/v2\/product"}],"about":[{"href":"https:\/\/uj.adatbank.ro\/lexikon\/wp-json\/wp\/v2\/types\/product"}],"replies":[{"embeddable":true,"href":"https:\/\/uj.adatbank.ro\/lexikon\/wp-json\/wp\/v2\/comments?post=1884"}],"wp:attachment":[{"href":"https:\/\/uj.adatbank.ro\/lexikon\/wp-json\/wp\/v2\/media?parent=1884"}],"wp:term":[{"taxonomy":"product_brand","embeddable":true,"href":"https:\/\/uj.adatbank.ro\/lexikon\/wp-json\/wp\/v2\/product_brand?post=1884"},{"taxonomy":"product_cat","embeddable":true,"href":"https:\/\/uj.adatbank.ro\/lexikon\/wp-json\/wp\/v2\/product_cat?post=1884"},{"taxonomy":"product_tag","embeddable":true,"href":"https:\/\/uj.adatbank.ro\/lexikon\/wp-json\/wp\/v2\/product_tag?post=1884"}],"curies":[{"name":"wp","href":"https:\/\/api.w.org\/{rel}","templated":true}]}}