{"id":18846,"date":"2025-07-16T11:07:54","date_gmt":"2025-07-16T09:07:54","guid":{"rendered":"https:\/\/uj.adatbank.ro\/lexikon\/termek\/racz-istvan-letzfalvi\/"},"modified":"2025-07-16T11:07:54","modified_gmt":"2025-07-16T09:07:54","slug":"racz-istvan-letzfalvi","status":"publish","type":"product","link":"https:\/\/uj.adatbank.ro\/lexikon\/termek\/racz-istvan-letzfalvi\/","title":{"rendered":"R\u00c1CZ Istv\u00e1n, l\u00e9tzfalvi"},"content":{"rendered":"<p>L\u00e9czfalva, 1890., \u2020\u00a0? : ref. lelk\u00e9sz. \u2013 Feles\u00e9ge: Merza Frida. \u2013 A teol\u00f3gi\u00e1t Kv.-on v\u00e9gezte. Sz\u00e9kelyudvarhelyen kezdte meg papi m\u0171k\u00f6d\u00e9s\u00e9t, majd Csejden lelk\u00e9sz (1919- ). Csejden a templomot t\u00f6bbsz\u00f6r fel\u00faj\u00edtotta, a ma is meglev\u0151 63 kg-os kisharangot saj\u00e1t p\u00e9nzb\u0151l v\u00e1s\u00e1rolta meg (1921), \u00e9s a tan\u00edt\u00f3i lak\u00e1s fel\u00e9p\u00edt\u00e9s\u00e9t is \u0151 kezdem\u00e9nyezte (1927). <br \/><strong>Irod.:<\/strong> Erd\u00e9lyi v\u00e1rmegy\u00e9k; MMMM<\/br><\/p>\n","protected":false},"excerpt":{"rendered":"<p>L\u00e9czfalva, 1890., \u2020\u00a0? : ref. lelk\u00e9sz. \u2013 Feles\u00e9ge: Merza Frida. \u2013 A teol\u00f3gi\u00e1t Kv.-on v\u00e9gezte. Sz\u00e9kelyudvarhelyen kezdte meg papi m\u0171k\u00f6d\u00e9s\u00e9t, majd Csejden lelk\u00e9sz (1919- ). Csejden a templomot t\u00f6bbsz\u00f6r fel\u00faj\u00edtotta, a ma is meglev\u0151 63 kg-os kisharangot saj\u00e1t p\u00e9nzb\u0151l v\u00e1s\u00e1rolta meg (1921), \u00e9s a tan\u00edt\u00f3i lak\u00e1s fel\u00e9p\u00edt\u00e9s\u00e9t is \u0151 kezdem\u00e9nyezte (1927). Irod.: Erd\u00e9lyi v\u00e1rmegy\u00e9k; MMMM<\/p>\n","protected":false},"featured_media":0,"comment_status":"open","ping_status":"closed","template":"","meta":[],"product_brand":[],"product_cat":[137],"product_tag":[],"class_list":{"0":"post-18846","1":"product","2":"type-product","3":"status-publish","5":"product_cat-maros-megyei-eletrajzi-lexikon","7":"first","8":"instock","9":"shipping-taxable","10":"product-type-simple"},"_links":{"self":[{"href":"https:\/\/uj.adatbank.ro\/lexikon\/wp-json\/wp\/v2\/product\/18846","targetHints":{"allow":["GET"]}}],"collection":[{"href":"https:\/\/uj.adatbank.ro\/lexikon\/wp-json\/wp\/v2\/product"}],"about":[{"href":"https:\/\/uj.adatbank.ro\/lexikon\/wp-json\/wp\/v2\/types\/product"}],"replies":[{"embeddable":true,"href":"https:\/\/uj.adatbank.ro\/lexikon\/wp-json\/wp\/v2\/comments?post=18846"}],"wp:attachment":[{"href":"https:\/\/uj.adatbank.ro\/lexikon\/wp-json\/wp\/v2\/media?parent=18846"}],"wp:term":[{"taxonomy":"product_brand","embeddable":true,"href":"https:\/\/uj.adatbank.ro\/lexikon\/wp-json\/wp\/v2\/product_brand?post=18846"},{"taxonomy":"product_cat","embeddable":true,"href":"https:\/\/uj.adatbank.ro\/lexikon\/wp-json\/wp\/v2\/product_cat?post=18846"},{"taxonomy":"product_tag","embeddable":true,"href":"https:\/\/uj.adatbank.ro\/lexikon\/wp-json\/wp\/v2\/product_tag?post=18846"}],"curies":[{"name":"wp","href":"https:\/\/api.w.org\/{rel}","templated":true}]}}